{"id":1824,"date":"2017-01-09T14:25:08","date_gmt":"2017-01-09T13:25:08","guid":{"rendered":"http:\/\/gator4082.temp.domains\/~aquatiss\/?post_type=product&#038;p=1824"},"modified":"2023-05-19T13:25:08","modified_gmt":"2023-05-19T13:25:08","slug":"conteneur-2-roues-plastiques-120l","status":"publish","type":"product","link":"https:\/\/aquatiss.com.tn\/fr\/produit\/conteneur-2-roues-plastiques-120l\/","title":{"rendered":"Conteneur 2 roues plastiques 120L"},"content":{"rendered":"<p>R\u00e9alis\u00e9e en PEHD stabilis\u00e9 contre les rayons UV, absorbe les chocs<br \/>\nR\u00e9sistant aux produits chimique courants et aux grands \u00e9carts de temp\u00e9rature<br \/>\nCouvercle ergonomique facile \u00e0 ouvrir par prise de main p\u00e9riph\u00e9rique<br \/>\nRoues avec bandage souple pour une utilisation peu bruyante<br \/>\nRemplacement rapide et facile des roues<br \/>\n02 roues en caoutchouc plein \u00f8200 mm<br \/>\nL\u2019axe des roues r\u00e9siste aux sollicitations les plus s\u00e9v\u00e8res<\/p>\n","protected":false},"excerpt":{"rendered":"<p>R\u00e9alis\u00e9e en PEHD stabilis\u00e9 contre les rayons UV, absorbe les chocs<br \/>\nR\u00e9sistant aux produits chimique courants et aux grands \u00e9carts de temp\u00e9rature<br \/>\nCouvercle ergonomique facile \u00e0 ouvrir par prise de main p\u00e9riph\u00e9rique<\/p>\n","protected":false},"featured_media":1829,"comment_status":"open","ping_status":"closed","template":"","meta":[],"product_cat":[322,326,325,324,108],"product_tag":[346],"class_list":["post-1824","product","type-product","status-publish","has-post-thumbnail","hentry","product_cat-conteneur","product_cat-conteneur-2-roues","product_cat-conteneur-exterieur","product_cat-conteneur-interieur","product_cat-hygiene","product_tag-conteneur","pa_color-noir","pa_color-rouge","pa_color-bleu","pa_color-jaune","pa_color-vert","pa_contenance-120l","pa_domaine-collectivites","pa_domaine-entreprise","pa_domaine-food","pa_domaine-hotel","pa_domaine-industrie","pa_domaine-medical","pa_domaine-proprete"],"_links":{"self":[{"href":"https:\/\/aquatiss.com.tn\/fr\/wp-json\/wp\/v2\/product\/1824","targetHints":{"allow":["GET"]}}],"collection":[{"href":"https:\/\/aquatiss.com.tn\/fr\/wp-json\/wp\/v2\/product"}],"about":[{"href":"https:\/\/aquatiss.com.tn\/fr\/wp-json\/wp\/v2\/types\/product"}],"replies":[{"embeddable":true,"href":"https:\/\/aquatiss.com.tn\/fr\/wp-json\/wp\/v2\/comments?post=1824"}],"wp:featuredmedia":[{"embeddable":true,"href":"https:\/\/aquatiss.com.tn\/fr\/wp-json\/wp\/v2\/media\/1829"}],"wp:attachment":[{"href":"https:\/\/aquatiss.com.tn\/fr\/wp-json\/wp\/v2\/media?parent=1824"}],"wp:term":[{"taxonomy":"product_cat","embeddable":true,"href":"https:\/\/aquatiss.com.tn\/fr\/wp-json\/wp\/v2\/product_cat?post=1824"},{"taxonomy":"product_tag","embeddable":true,"href":"https:\/\/aquatiss.com.tn\/fr\/wp-json\/wp\/v2\/product_tag?post=1824"}],"curies":[{"name":"wp","href":"https:\/\/api.w.org\/{rel}","templated":true}]}}