{"id":1923,"date":"2017-01-10T15:19:26","date_gmt":"2017-01-10T14:19:26","guid":{"rendered":"http:\/\/gator4082.temp.domains\/~aquatiss\/?post_type=product&#038;p=1923"},"modified":"2019-02-05T09:23:12","modified_gmt":"2019-02-05T09:23:12","slug":"coffre-fort-hotel-hxlxp-20x45-7x40-4cm","status":"publish","type":"product","link":"https:\/\/aquatiss.com.tn\/fr\/produit\/coffre-fort-hotel-hxlxp-20x45-7x40-4cm\/","title":{"rendered":"Coffre fort H\u00d4TEL hxlxp 20&#215;45.7&#215;40.4cm avec cl\u00e9 passe"},"content":{"rendered":"<p>Coffre fort H\u00d4TEL hxlxp 20&#215;45.7&#215;40.4cm avec cl\u00e9 passe<\/p>\n<h4>Sp\u00e9cifications:<\/h4>\n<p>Syst\u00e8me d&rsquo;ouverture \u00e9quip\u00e9 d\u2019un bouton de man\u0153uvre qui actionne les p\u00eanes<br \/>\nAvec cl\u00e9 passe \u00e9quip\u00e9 d\u2019un syst\u00e8me d\u2019ouverture par code \u00e9lectronique allant de 4 \u00e0 8 chiffres<br \/>\ncouleur gris fonc\u00e9<br \/>\n\u00c9paisseur: corps de 1,2 mm et porte de 3 mm.<br \/>\nNombre des p\u00eanes 2\/\u00d818mm<br \/>\nComprend un cl\u00e9 d&rsquo;urgence \u00e0 utiliser en cas d&rsquo;oubli du code ou si les piles sont \u00e9puis\u00e9es<br \/>\nAvec des trous de fixation dans la base et sur le dos<br \/>\nDimension ext\u00e9rieur HxLxP 20&#215;45.5&#215;40.4cm<br \/>\nDimension int\u00e9rieur HxLxP 19x44x35.4cm<br \/>\npoids 8 Kg<br \/>\nVolume:30L<br \/>\n<a class=\"maxbutton-2 maxbutton maxbutton-pdf\" target=\"_blank\" title=\"PDF\" rel=\"noopener\" href=\"http:\/\/gator4082.temp.domains\/~aquatiss\/wp-content\/uploads\/2017\/01\/472-0000702-.pdf\"><span class='mb-text'>FICHE TECHNIQUE<\/span><\/a><\/p>\n","protected":false},"excerpt":{"rendered":"<p><strong>Avec Cl\u00e9 de secours<br \/>\nFonction master<\/strong><br \/>\n\u00e9quip\u00e9 d\u2019un syst\u00e8me d\u2019ouverture par code \u00e9lectronique allant de 4 \u00e0 8 chiffres<br \/>\nCouleur gris fonc\u00e9<br \/>\n\u00c9paisseur: corps de 1,2 mm et porte de 3 mm<\/p>\n","protected":false},"featured_media":15768,"comment_status":"open","ping_status":"closed","template":"","meta":[],"product_cat":[222,153],"product_tag":[250],"class_list":["post-1923","product","type-product","status-publish","has-post-thumbnail","hentry","product_cat-coffre-fort","product_cat-securite","product_tag-coffre-fort","pa_domaine-hotel"],"_links":{"self":[{"href":"https:\/\/aquatiss.com.tn\/fr\/wp-json\/wp\/v2\/product\/1923","targetHints":{"allow":["GET"]}}],"collection":[{"href":"https:\/\/aquatiss.com.tn\/fr\/wp-json\/wp\/v2\/product"}],"about":[{"href":"https:\/\/aquatiss.com.tn\/fr\/wp-json\/wp\/v2\/types\/product"}],"replies":[{"embeddable":true,"href":"https:\/\/aquatiss.com.tn\/fr\/wp-json\/wp\/v2\/comments?post=1923"}],"wp:featuredmedia":[{"embeddable":true,"href":"https:\/\/aquatiss.com.tn\/fr\/wp-json\/wp\/v2\/media\/15768"}],"wp:attachment":[{"href":"https:\/\/aquatiss.com.tn\/fr\/wp-json\/wp\/v2\/media?parent=1923"}],"wp:term":[{"taxonomy":"product_cat","embeddable":true,"href":"https:\/\/aquatiss.com.tn\/fr\/wp-json\/wp\/v2\/product_cat?post=1923"},{"taxonomy":"product_tag","embeddable":true,"href":"https:\/\/aquatiss.com.tn\/fr\/wp-json\/wp\/v2\/product_tag?post=1923"}],"curies":[{"name":"wp","href":"https:\/\/api.w.org\/{rel}","templated":true}]}}