{"id":1932,"date":"2017-01-10T16:16:23","date_gmt":"2017-01-10T16:16:23","guid":{"rendered":"http:\/\/gator4082.temp.domains\/~aquatiss\/?post_type=product&#038;p=1932"},"modified":"2021-10-14T07:26:56","modified_gmt":"2021-10-14T07:26:56","slug":"cendrier-poubelle-big-belly-rolls","status":"publish","type":"product","link":"https:\/\/aquatiss.com.tn\/fr\/produit\/cendrier-poubelle-big-belly-rolls\/","title":{"rendered":"Cendrier poubelle Big Belly Roll&rsquo;s"},"content":{"rendered":"<h4><strong>Cendrier poubelle Big Belly Roll&rsquo;s<\/strong><\/h4>\n<p>Cendrier grand volume et poubelle<\/p>\n<p>En t\u00f4le trait\u00e9e rev\u00eatement par poudre Epoxy anti UV<br \/>\nCendrier d\u00e9montable de tr\u00e8s grande capacit\u00e9 avec plaque pour \u00e9crasement cigarette<br \/>\nChapeau sur cendrier protection contre les pluies<br \/>\nCompartiment d\u00e9chet avec porte lat\u00e9rale glissant sur raille permettant l&rsquo;acc\u00e8s pour \u00e9vacuer Les d\u00e9chets sans effort<br \/>\nStructure anti odeur et non feu<br \/>\nPeut \u00eatre fix\u00e9 au sol par 04 boulons (fournis)<br \/>\nPictogramme cigarette auto reflet la nuit<br \/>\nPictogramme poubelle auto reflet la nuit<br \/>\nDimensions cendrier:Environ 15litre HXLXP 12&#215;49.5&#215;25.5 cm<br \/>\nDimensions Seau a d\u00e9chet Environ 55 litre HXLXP: 55x47x21.5 cm<\/p>\n","protected":false},"excerpt":{"rendered":"<p>Cendrier poubelle Big Belly Roll&#039;s<br \/>\nCendrier grand volume et poubelle<br \/>\nEn t\u00f4le trait\u00e9e rev\u00eatement par poudre Epoxy anti UV<br \/>\nCendrier d\u00e9montable de tr\u00e8s grande capacit\u00e9 avec plaque pour \u00e9crasement cigarette<br \/>\nChapeau sur cendrier protection contre les pluies<\/p>\n","protected":false},"featured_media":10642,"comment_status":"open","ping_status":"closed","template":"","meta":[],"product_cat":[2056,108,293,298],"product_tag":[283,331,1203],"class_list":["post-1932","product","type-product","status-publish","has-post-thumbnail","hentry","product_cat-gamme-rolls","product_cat-hygiene","product_cat-poubelles","product_cat-poubelles-cendriers","product_tag-cendrier-poubelle","product_tag-collecte-des-dechets","product_tag-hygienne","pa_color-anthracite-ral-7021","pa_color-bleu-gentiane-ral-5010","pa_color-gris","pa_color-ivoire-ral-1015","pa_color-vert-mousse-ral-6005","pa_domaine-collectivites","pa_domaine-entreprise","pa_domaine-hotel"],"_links":{"self":[{"href":"https:\/\/aquatiss.com.tn\/fr\/wp-json\/wp\/v2\/product\/1932","targetHints":{"allow":["GET"]}}],"collection":[{"href":"https:\/\/aquatiss.com.tn\/fr\/wp-json\/wp\/v2\/product"}],"about":[{"href":"https:\/\/aquatiss.com.tn\/fr\/wp-json\/wp\/v2\/types\/product"}],"replies":[{"embeddable":true,"href":"https:\/\/aquatiss.com.tn\/fr\/wp-json\/wp\/v2\/comments?post=1932"}],"wp:featuredmedia":[{"embeddable":true,"href":"https:\/\/aquatiss.com.tn\/fr\/wp-json\/wp\/v2\/media\/10642"}],"wp:attachment":[{"href":"https:\/\/aquatiss.com.tn\/fr\/wp-json\/wp\/v2\/media?parent=1932"}],"wp:term":[{"taxonomy":"product_cat","embeddable":true,"href":"https:\/\/aquatiss.com.tn\/fr\/wp-json\/wp\/v2\/product_cat?post=1932"},{"taxonomy":"product_tag","embeddable":true,"href":"https:\/\/aquatiss.com.tn\/fr\/wp-json\/wp\/v2\/product_tag?post=1932"}],"curies":[{"name":"wp","href":"https:\/\/api.w.org\/{rel}","templated":true}]}}