{"id":19376,"date":"2019-06-14T09:58:37","date_gmt":"2019-06-14T09:58:37","guid":{"rendered":"http:\/\/gator4082.temp.domains\/~aquatiss\/nos-produits\/drap-de-bain-500-g-m%c2%b2-70x140cm\/"},"modified":"2019-06-22T10:31:22","modified_gmt":"2019-06-22T10:31:22","slug":"drap-de-bain-500-g-m%c2%b2-70x140cm","status":"publish","type":"product","link":"https:\/\/aquatiss.com.tn\/fr\/produit\/drap-de-bain-500-g-m%c2%b2-70x140cm\/","title":{"rendered":"Drap de bain 500 g\/m\u00b2  70x140cm"},"content":{"rendered":"<p>Drap de bain 500 g\/m\u00b2 70x140cm<\/p>\n<p>Qualit\u00e9 sup\u00e9rieure pour ce drap de bain offrant un pouvoir d&rsquo;absorption, un gonflant et un confort exceptionnel.<\/p>\n<p>Apportez une touche de qualit\u00e9\u00a0 linge de toilette professionnel de qualit\u00e9 pour h\u00f4tels et professionnels de l&rsquo;h\u00e9bergement.<br \/>\nLe linge de bain pour h\u00f4tels est disponible en diff\u00e9rentes tailles, compositions (\u00e9ponge, coton, coton peign\u00e9 &#8230;), en blanc ou en couleurs.<\/p>\n<div id=\"mainProductDescription\">\u2022\u00a0\u00a0Qualit\u00e9 sup\u00e9rieure.<br \/>\n\u2022\u00a0\u00a0Lavable \u00e0 40\u00b0.<\/div>\n<h5>Couleurs<\/h5>\n<div><span class=\"pdp-description-attr-value\">\u00a0 \u00a0Blanc\u00a0 \u00a0\u00a0<\/span><\/div>\n<div class=\"pdp-description-attr\"><span class=\"pdp-description-attr-value\">\u00a0 \u00a0Bleu\u00a0 \u00a0sur commande<\/span><\/div>\n<div class=\"pdp-description-attr\">\u00a0 \u00a0\u00e9cru\u00a0 \u00a0sur commande<\/div>\n","protected":false},"excerpt":{"rendered":"<p>Qualit\u00e9 sup\u00e9rieure pour ce drap de bain offrant un pouvoir d&rsquo;absorption, un gonflant et un confort exceptionnel.<br \/>\nApportez une touche de qualit\u00e9\u00a0 linge de toilette professionnel de qualit\u00e9 pour h\u00f4tels et professionnels de l&rsquo;h\u00e9bergement<\/p>\n","protected":false},"featured_media":19377,"comment_status":"open","ping_status":"closed","template":"","meta":[],"product_cat":[1910],"product_tag":[],"class_list":["post-19376","product","type-product","status-publish","has-post-thumbnail","hentry","product_cat-drap-de-bain-eponge","pa_color-blanc","pa_color-bleu","pa_color-creme","pa_color-greige","pa_domaine-collectivites","pa_domaine-hotel","pa_domaine-medical","pa_grammage-500grm"],"_links":{"self":[{"href":"https:\/\/aquatiss.com.tn\/fr\/wp-json\/wp\/v2\/product\/19376","targetHints":{"allow":["GET"]}}],"collection":[{"href":"https:\/\/aquatiss.com.tn\/fr\/wp-json\/wp\/v2\/product"}],"about":[{"href":"https:\/\/aquatiss.com.tn\/fr\/wp-json\/wp\/v2\/types\/product"}],"replies":[{"embeddable":true,"href":"https:\/\/aquatiss.com.tn\/fr\/wp-json\/wp\/v2\/comments?post=19376"}],"wp:featuredmedia":[{"embeddable":true,"href":"https:\/\/aquatiss.com.tn\/fr\/wp-json\/wp\/v2\/media\/19377"}],"wp:attachment":[{"href":"https:\/\/aquatiss.com.tn\/fr\/wp-json\/wp\/v2\/media?parent=19376"}],"wp:term":[{"taxonomy":"product_cat","embeddable":true,"href":"https:\/\/aquatiss.com.tn\/fr\/wp-json\/wp\/v2\/product_cat?post=19376"},{"taxonomy":"product_tag","embeddable":true,"href":"https:\/\/aquatiss.com.tn\/fr\/wp-json\/wp\/v2\/product_tag?post=19376"}],"curies":[{"name":"wp","href":"https:\/\/api.w.org\/{rel}","templated":true}]}}