{"id":19378,"date":"2019-06-14T16:53:45","date_gmt":"2019-06-14T16:53:45","guid":{"rendered":"http:\/\/gator4082.temp.domains\/~aquatiss\/?post_type=product&#038;p=19378"},"modified":"2023-01-28T08:36:29","modified_gmt":"2023-01-28T08:36:29","slug":"seche-mains-optique-1600-w-blanc-losdi","status":"publish","type":"product","link":"https:\/\/aquatiss.com.tn\/fr\/produit\/seche-mains-optique-1600-w-blanc-losdi\/","title":{"rendered":"S\u00e8che mains optique 1600 W  blanc LOSDI"},"content":{"rendered":"<p>S\u00e8che mains optique 1600 W blanc LOSDI<\/p>\n<p>S\u00e8che mains optique de la gamme\u00a0\u00c9l\u00e9gance\u00a0pr\u00e9sentent un design compact, robuste et des fonctionnalit\u00e9s anti-vandalisme. Convient aux toilettes \u00e0 fort trafic.Protection maximale et d\u00e9bit d&rsquo;air.<\/p>\n<p>Il pr\u00e9sente un nettoyage facile gr\u00e2ce \u00e0 ses formes courbes, sans ar\u00eates vives.<\/p>\n<h4>Caract\u00e9ristiques:<\/h4>\n<p>Infrarouge: Mise en marche automatique lors de l\u2019approche des mains<br \/>\nSyst\u00e8me de s\u00e9curit\u00e9 avec limiteur de temps<br \/>\nEncombrement r\u00e9duit<br \/>\nTension d\u2019alimentation: 220V<br \/>\nPuissance: 1600W<br \/>\nVitesse de l\u2019air: 276 m3\/Heure<br \/>\nPression acoustique: 62.3 Db<br \/>\nTemp\u00e9rature de l\u2019air : 55\u00b0C<br \/>\nIsolement \u00e9lectrique: Classe II<br \/>\nApprobations: CE et SGS<\/p>\n<div class=\"ssba-classic-2 ssba ssbp-wrap left ssbp--theme-1\"><a class=\"maxbutton-2 maxbutton maxbutton-pdf\" target=\"_blank\" title=\"PDF\" rel=\"noopener\" href=\"https:\/\/aquatiss.com.tn\/wp-content\/uploads\/2019\/06\/losdi-hand-dryer_.pdf\"><span class='mb-text'>FICHE TECHNIQUE<\/span><\/a><\/div>\n","protected":false},"excerpt":{"rendered":"<p>S\u00e8che mains optique de la gamme\u00a0\u00c9l\u00e9gance\u00a0pr\u00e9sentent un design compact, robuste et des fonctionnalit\u00e9s anti-vandalisme.<\/p>\n<form class=\"cart\" enctype=\"multipart\/form-data\" method=\"post\"><\/form>\n","protected":false},"featured_media":19381,"comment_status":"closed","ping_status":"closed","template":"","meta":[],"product_cat":[149],"product_tag":[],"class_list":["post-19378","product","type-product","status-publish","has-post-thumbnail","hentry","product_cat-seche-mains","pa_alimentation-electrique-ac-220v5060hz","pa_color-blanc","pa_domaine-collectivites","pa_domaine-entreprise","pa_domaine-food","pa_domaine-hotel","pa_domaine-industrie","pa_domaine-medical","pa_puissance-1600w"],"_links":{"self":[{"href":"https:\/\/aquatiss.com.tn\/fr\/wp-json\/wp\/v2\/product\/19378","targetHints":{"allow":["GET"]}}],"collection":[{"href":"https:\/\/aquatiss.com.tn\/fr\/wp-json\/wp\/v2\/product"}],"about":[{"href":"https:\/\/aquatiss.com.tn\/fr\/wp-json\/wp\/v2\/types\/product"}],"replies":[{"embeddable":true,"href":"https:\/\/aquatiss.com.tn\/fr\/wp-json\/wp\/v2\/comments?post=19378"}],"wp:featuredmedia":[{"embeddable":true,"href":"https:\/\/aquatiss.com.tn\/fr\/wp-json\/wp\/v2\/media\/19381"}],"wp:attachment":[{"href":"https:\/\/aquatiss.com.tn\/fr\/wp-json\/wp\/v2\/media?parent=19378"}],"wp:term":[{"taxonomy":"product_cat","embeddable":true,"href":"https:\/\/aquatiss.com.tn\/fr\/wp-json\/wp\/v2\/product_cat?post=19378"},{"taxonomy":"product_tag","embeddable":true,"href":"https:\/\/aquatiss.com.tn\/fr\/wp-json\/wp\/v2\/product_tag?post=19378"}],"curies":[{"name":"wp","href":"https:\/\/api.w.org\/{rel}","templated":true}]}}