{"id":19761,"date":"2019-06-24T16:23:32","date_gmt":"2019-06-24T16:23:32","guid":{"rendered":"http:\/\/gator4082.temp.domains\/~aquatiss\/?post_type=product&#038;p=19761"},"modified":"2022-06-23T15:02:09","modified_gmt":"2022-06-23T15:02:09","slug":"fontaine-fraiche-a-bonbonne-westpoint-4-en-1-chaud-froid","status":"publish","type":"product","link":"https:\/\/aquatiss.com.tn\/fr\/produit\/fontaine-fraiche-a-bonbonne-westpoint-4-en-1-chaud-froid\/","title":{"rendered":"Fontaine Fra\u00eeche \u00e0 bonbonne WESTPOINT 4 en 1 Chaud\/Froid"},"content":{"rendered":"<p>Fontaine Fra\u00eeche \u00e0 bonbonne WESTPOINT 4 en 1 Chaud\/Froid<\/p>\n<h5>Eau fra\u00eeche ou eau chaude en toute circonstance<\/h5>\n<p>Fontaine \u00e0 eau bonbonne WESTPOINT, avec son look discret et raffin\u00e9, est parfaite pour offrir de l\u2019eau de source<\/p>\n<p>\u00e0 vos collaborateurs afin de les aider \u00e0 rester hydrat\u00e9s. Eau fra\u00eeche ou eau chaude, profitez d&rsquo;une eau de grande qualit\u00e9 pour pr\u00e9parer vos th\u00e9s et boissons instantan\u00e9es.<\/p>\n<p>de plus cette Fontaine Fra\u00eeche se caract\u00e9rise par un syst\u00e8me de refroidissement par compresseur et disponible avec armoire de rangement et Min\u00e9ralisation.\u00a0Il fournit de l\u2019eau chaude et froide.<\/p>\n<p>Forte r\u00e9frig\u00e9ration et faible bruit et longue dur\u00e9e de vie.<\/p>\n<p>Par ailleurs , cette fontaine est compatible avec tous les type de bouteilles classiques.<\/p>\n<h5>Une hygi\u00e8ne renforc\u00e9e<\/h5>\n<div class=\"field-item odd\">Kit amovible pour un entretien sanitaire simple et sans risque.<\/div>\n<div class=\"field-item even\">Bac r\u00e9cup\u00e9rateur d\u2019eau amovible sous les robinets.<\/div>\n<h5>Une fontaine fra\u00eeche s\u00e9curis\u00e9e<\/h5>\n<div>Une carrosserie en polycarbonate, r\u00e9sistante et ininflammable.<\/div>\n<h4>Caract\u00e9ristiques techniques\u00a0:<\/h4>\n<p>Fontaine Fra\u00eeche 4 en 1: Eau Froide + Eau Chaude + Min\u00e9ralisation + Mini Bar<\/p>\n<p>Capacit\u00e9 :<\/p>\n<p>eau froide: 2L<\/p>\n<p>eau chaude: 5L<\/p>\n<p>Mini frigo: 15L<\/p>\n<p>Consommation max\u00a0 chaud\/froid\/nominale : 500\/110\/610W<\/p>\n<p>Syst\u00e8me refroidissement : Compresseur 220V<\/p>\n<p>R\u00e9frig\u00e9rant : R134a<\/p>\n<p>Garantie : 1 an<\/p>\n<p>&nbsp;<\/p>\n<p><strong>en Option\u00a0<\/strong><\/p>\n<p><a href=\"http:\/\/gator4082.temp.domains\/~aquatiss\/nos-produits\/fontaine-fraiche-a-bonbonne-westpoint-4-en-1-chaud-froid\/?doing_wp_cron=1561447360.4523739814758300781250\">Bonbonne a filtre permanente<\/a><\/p>\n<p>bonbonne capacit\u00e9<strong>\u00a012l<\/strong>\u00a0comporte des filtres qui purifient et min\u00e9ralisent l&rsquo;eau , capacit\u00e9 des cartouches est 3500l , a raison de 5 l \/ j dur\u00e9e de vie : 2 ann\u00e9es<\/p>\n<p>&nbsp;<\/p>\n<div class=\"field-item even\">\n<div class=\"field-collection-view clearfix view-mode-full\">\n<div class=\"entity entity-field-collection-item field-collection-item-field-pp-characteristic-list clearfix\">\n<div class=\"content\">\n<div class=\"field field-name-field-ppcl-title field-type-text field-label-hidden\">\n<div class=\"field-items\">\n<div class=\"field-item even\"><\/div>\n<\/div>\n<\/div>\n<\/div>\n<\/div>\n<\/div>\n<\/div>\n<div id=\"short_description_block\">\n<div id=\"short_description_content\" class=\"rte align_justify\">\n<p>&nbsp;<\/p>\n<\/div>\n<\/div>\n","protected":false},"excerpt":{"rendered":"<p><span style=\"color: #ff0000;\"><strong>En plus \u00e9quip\u00e9e d&rsquo;un mini r\u00e9frig\u00e9rateur<\/strong><\/span><\/p>\n<p>Fontaine \u00e0 eau bonbonne WESTPOINT, avec son look discret et raffin\u00e9, est parfaite pour offrir de l\u2019eau de source<\/p>\n<p>\u00e0 vos collaborateurs afin de les aider \u00e0 rester hydrat\u00e9s<\/p>\n<p>&nbsp;<\/p>\n<p style=\"text-align: left;\"><a href=\"https:\/\/aquatiss.com.tn\/?attachment_id=19822\" rel=\"attachment wp-att-19822\"><img decoding=\"async\" class=\"aligncenter size-full wp-image-19822\" src=\"https:\/\/aquatiss.com.tn\/wp-content\/uploads\/2019\/06\/logo-fontaine-fraiche.jpg\" alt=\"\" width=\"609\" height=\"49\" srcset=\"https:\/\/aquatiss.com.tn\/wp-content\/uploads\/2019\/06\/logo-fontaine-fraiche.jpg 609w, https:\/\/aquatiss.com.tn\/wp-content\/uploads\/2019\/06\/logo-fontaine-fraiche-300x24.jpg 300w, https:\/\/aquatiss.com.tn\/wp-content\/uploads\/2019\/06\/logo-fontaine-fraiche-64x5.jpg 64w\" sizes=\"(max-width: 609px) 100vw, 609px\" \/><\/a><\/p>\n<p><span style=\"font-size: 8pt;\">Fontaine\u00a0 bonbonne\u00a0 \u00a0 \u00a0Froid\u00a0 \u00a0 \u00a0Chaud\u00a0 \u00a0 \u00a0 \u00a0 \u00a0 Bonbonne recyclable\u00a0 \u00a0 \u00a0 \u00a0 \u00a0 \u00a0 \u00a0 \u00a0 \u00a0R\u00e9frig\u00e9rateur<\/span><\/p>\n","protected":false},"featured_media":33391,"comment_status":"open","ping_status":"closed","template":"","meta":[],"product_cat":[264],"product_tag":[265],"class_list":["post-19761","product","type-product","status-publish","has-post-thumbnail","hentry","product_cat-fontaine-deau","product_tag-fontaine-deau","pa_color-blanc","pa_domaine-collectivites","pa_domaine-entreprise","pa_domaine-food","pa_domaine-hotel","pa_domaine-industrie","pa_domaine-medical","pa_fonctionnalite-chaude-froide"],"_links":{"self":[{"href":"https:\/\/aquatiss.com.tn\/fr\/wp-json\/wp\/v2\/product\/19761","targetHints":{"allow":["GET"]}}],"collection":[{"href":"https:\/\/aquatiss.com.tn\/fr\/wp-json\/wp\/v2\/product"}],"about":[{"href":"https:\/\/aquatiss.com.tn\/fr\/wp-json\/wp\/v2\/types\/product"}],"replies":[{"embeddable":true,"href":"https:\/\/aquatiss.com.tn\/fr\/wp-json\/wp\/v2\/comments?post=19761"}],"wp:featuredmedia":[{"embeddable":true,"href":"https:\/\/aquatiss.com.tn\/fr\/wp-json\/wp\/v2\/media\/33391"}],"wp:attachment":[{"href":"https:\/\/aquatiss.com.tn\/fr\/wp-json\/wp\/v2\/media?parent=19761"}],"wp:term":[{"taxonomy":"product_cat","embeddable":true,"href":"https:\/\/aquatiss.com.tn\/fr\/wp-json\/wp\/v2\/product_cat?post=19761"},{"taxonomy":"product_tag","embeddable":true,"href":"https:\/\/aquatiss.com.tn\/fr\/wp-json\/wp\/v2\/product_tag?post=19761"}],"curies":[{"name":"wp","href":"https:\/\/api.w.org\/{rel}","templated":true}]}}