{"id":19909,"date":"2020-05-16T09:04:35","date_gmt":"2020-05-16T09:04:35","guid":{"rendered":"http:\/\/gator4082.temp.domains\/~aquatiss\/?post_type=product&#038;p=19909"},"modified":"2021-10-15T09:49:00","modified_gmt":"2021-10-15T09:49:00","slug":"armoire-blindee-ignifuge-pour-support-papier-a-cles","status":"publish","type":"product","link":"https:\/\/aquatiss.com.tn\/fr\/produit\/armoire-blindee-ignifuge-pour-support-papier-a-cles\/","title":{"rendered":"Armoire blind\u00e9e ignifuge pour support papier \u00e0 cl\u00e9s"},"content":{"rendered":"<p>Armoire blind\u00e9e ignifuge pour support papier \u00e0 cl\u00e9s<\/p>\n<p>L&rsquo;armoire forte BM 1993 dispose d&rsquo;une construction en double paroi de 1,2 mm d&rsquo;\u00e9paisseur ainsi qu&rsquo;un blindage des organes de condamnation ce qui permet de garder vos documents en toute s\u00e9curit\u00e9.<\/p>\n<p>Con\u00e7u pour stocker et prot\u00e9ger les documents en cas d&rsquo;incendie.<\/p>\n<h4>Sp\u00e9cification techniques:<\/h4>\n<p>-Armoire forte con\u00e7ue pour ralentir la mont\u00e9e des temp\u00e9ratures \u00e0 l&rsquo;int\u00e9rieur.<\/p>\n<p>-Construction \u00e0 double paroi, l&rsquo;espace entre les parois int\u00e9rieure et ext\u00e9rieure est rempli d&rsquo;un mat\u00e9riau isolant thermique qui prot\u00e8ge le contenu du feu.<\/p>\n<p>&#8211; \u00c9paisseur de la porte &#8211; 60mm.<\/p>\n<p>&#8211; Angle d&rsquo;ouverture de la porte jusqu&rsquo;\u00e0 180 degr\u00e9s en raison des charni\u00e8res externes.<\/p>\n<p>&#8211; M\u00e9canisme de verrouillage \u00e0 trois points, 5 boulons de 20 mm de diam\u00e8tre.<\/p>\n<p>&#8211; Serrure \u00e0 cl\u00e9 haute s\u00e9curit\u00e9 \u00e0 deux bits avec deux cl\u00e9s + poign\u00e9e.<\/p>\n","protected":false},"excerpt":{"rendered":"<p><span style=\"line-height: 1.5;\">Ranger et prot\u00e9ger sensiblement les documents importants en cas de vol et d\u2019incendie.<\/span><\/p>\n<p>Fermeture \u00e0 cl\u00e9s.<\/p>\n","protected":false},"featured_media":19918,"comment_status":"open","ping_status":"closed","template":"","meta":[],"product_cat":[500],"product_tag":[],"class_list":["post-19909","product","type-product","status-publish","has-post-thumbnail","hentry","product_cat-armoire-de-securite","pa_color-gris","pa_domaine-collectivites","pa_domaine-entreprise","pa_domaine-hotel","pa_domaine-industrie","pa_domaine-medical"],"_links":{"self":[{"href":"https:\/\/aquatiss.com.tn\/fr\/wp-json\/wp\/v2\/product\/19909","targetHints":{"allow":["GET"]}}],"collection":[{"href":"https:\/\/aquatiss.com.tn\/fr\/wp-json\/wp\/v2\/product"}],"about":[{"href":"https:\/\/aquatiss.com.tn\/fr\/wp-json\/wp\/v2\/types\/product"}],"replies":[{"embeddable":true,"href":"https:\/\/aquatiss.com.tn\/fr\/wp-json\/wp\/v2\/comments?post=19909"}],"wp:featuredmedia":[{"embeddable":true,"href":"https:\/\/aquatiss.com.tn\/fr\/wp-json\/wp\/v2\/media\/19918"}],"wp:attachment":[{"href":"https:\/\/aquatiss.com.tn\/fr\/wp-json\/wp\/v2\/media?parent=19909"}],"wp:term":[{"taxonomy":"product_cat","embeddable":true,"href":"https:\/\/aquatiss.com.tn\/fr\/wp-json\/wp\/v2\/product_cat?post=19909"},{"taxonomy":"product_tag","embeddable":true,"href":"https:\/\/aquatiss.com.tn\/fr\/wp-json\/wp\/v2\/product_tag?post=19909"}],"curies":[{"name":"wp","href":"https:\/\/api.w.org\/{rel}","templated":true}]}}