{"id":2030,"date":"2017-01-17T15:20:47","date_gmt":"2017-01-17T14:20:47","guid":{"rendered":"http:\/\/gator4082.temp.domains\/~aquatiss\/produit\/aspirateur-nettoyeur-a-vapeur\/"},"modified":"2019-09-21T10:38:13","modified_gmt":"2019-09-21T10:38:13","slug":"aspirateur-nettoyeur-a-vapeur-reservoir-inox-lavor","status":"publish","type":"product","link":"https:\/\/aquatiss.com.tn\/fr\/produit\/aspirateur-nettoyeur-a-vapeur-reservoir-inox-lavor\/","title":{"rendered":"Aspirateur nettoyeur \u00e0 vapeur r\u00e9servoir inox LAVOR"},"content":{"rendered":"<p>Aspirateur nettoyeur \u00e0 vapeur r\u00e9servoir inox LAVOR avec Puissance 3000W<br \/>\nT\u00e9moin de mise en route<br \/>\nChaudi\u00e8re inox 3Kw<br \/>\nT\u00e9moin de manque d&rsquo;eau<br \/>\nPression bar\/maximale\/temp\u00e9rature 7bar\/165\u00b0C<br \/>\nPuissance absorb\u00e9e\/tension 3000W\/230V-50Hz(Ph1)<br \/>\nPuissance moteur d&rsquo;aspiration 1100W<br \/>\nD\u00e9pression 20.39kPA\/220m3\/h<br \/>\nCapacit\u00e9 r\u00e9servoir eau\/d\u00e9tergent 5L\/5L<br \/>\nChaudi\u00e8re rempli en continue<br \/>\nDispositif pour utiliser les produits chimiques et les d\u00e9tergent m\u00e9langes \u00e0 la vapeur<br \/>\nDispositif pour le nettoyage avec de l&rsquo;eau chaude m\u00e9lang\u00e9e avec de la vapeur<br \/>\nFiltre lavable polyvalent<br \/>\nFlexible 4m avec poign\u00e9e et control aspiration<br \/>\nCapacit\u00e9 de r\u00e9servoir de r\u00e9cup\u00e9ration 64L<br \/>\nTuyau de vidange des liquides<br \/>\nR\u00e9gulation vapeur<br \/>\nRoues pour zone alimentaire<br \/>\nFonction soufflante<br \/>\nInterrupteur principal ON\/OFF avec t\u00e9moin lumineux<br \/>\nInterrupteur chaudi\u00e8re avec t\u00e9moin lumineux<\/p>\n","protected":false},"excerpt":{"rendered":"<p>Aspirateur nettoyeur \u00e0 vapeur r\u00e9servoir inox LAVOR<br \/>\nPuissance 3000W<br \/>\nT\u00e9moin de mise en route<br \/>\nChaudi\u00e8re inox 3Kw<br \/>\nT\u00e9moin de manque d&rsquo;eau<br \/>\nPuissance absorb\u00e9e\/tension 3000W\/230V-50Hz(Ph1)<br \/>\nPuissance moteur d&rsquo;aspiration 1100W<\/p>\n","protected":false},"featured_media":2031,"comment_status":"open","ping_status":"closed","template":"","meta":[],"product_cat":[106,368,369,105],"product_tag":[371],"class_list":["post-2030","product","type-product","status-publish","has-post-thumbnail","hentry","product_cat-aspirateurs","product_cat-aspirateurs-eau-et-poussiere","product_cat-aspirateurs-industriels","product_cat-service","product_tag-aspirateurs","pa_domaine-entreprise","pa_domaine-hotel","pa_domaine-industrie","pa_domaine-medical","pa_domaine-proprete"],"_links":{"self":[{"href":"https:\/\/aquatiss.com.tn\/fr\/wp-json\/wp\/v2\/product\/2030","targetHints":{"allow":["GET"]}}],"collection":[{"href":"https:\/\/aquatiss.com.tn\/fr\/wp-json\/wp\/v2\/product"}],"about":[{"href":"https:\/\/aquatiss.com.tn\/fr\/wp-json\/wp\/v2\/types\/product"}],"replies":[{"embeddable":true,"href":"https:\/\/aquatiss.com.tn\/fr\/wp-json\/wp\/v2\/comments?post=2030"}],"wp:featuredmedia":[{"embeddable":true,"href":"https:\/\/aquatiss.com.tn\/fr\/wp-json\/wp\/v2\/media\/2031"}],"wp:attachment":[{"href":"https:\/\/aquatiss.com.tn\/fr\/wp-json\/wp\/v2\/media?parent=2030"}],"wp:term":[{"taxonomy":"product_cat","embeddable":true,"href":"https:\/\/aquatiss.com.tn\/fr\/wp-json\/wp\/v2\/product_cat?post=2030"},{"taxonomy":"product_tag","embeddable":true,"href":"https:\/\/aquatiss.com.tn\/fr\/wp-json\/wp\/v2\/product_tag?post=2030"}],"curies":[{"name":"wp","href":"https:\/\/api.w.org\/{rel}","templated":true}]}}