{"id":2035,"date":"2017-01-17T16:24:18","date_gmt":"2017-01-17T15:24:18","guid":{"rendered":"http:\/\/gator4082.temp.domains\/~aquatiss\/produit\/aspirateur-eau-et-poussiere\/"},"modified":"2021-01-13T13:35:53","modified_gmt":"2021-01-13T13:35:53","slug":"aspirateur-eau-poussiere-windy-265-if","status":"publish","type":"product","link":"https:\/\/aquatiss.com.tn\/fr\/produit\/aspirateur-eau-poussiere-windy-265-if\/","title":{"rendered":"Aspirateur eau poussi\u00e8re WINDY 265 IF"},"content":{"rendered":"<p>Aspirateur eau poussi\u00e8re \u00a0 WINDY 265 IF<br \/>\n02 moteurs en by-pass \u00e0 rendement \u00e9lev\u00e9<br \/>\nSyst\u00e8me d\u2019aspiration avec refroidissement par by-pass<br \/>\nSyst\u00e8me de nettoyage \ufb01ltre<br \/>\nR\u00e9servoir inox<br \/>\nDispositif anti statique<br \/>\nChariot anti choc<br \/>\nClapet \ufb02ottant pour liquide<br \/>\nFiltre textile<br \/>\nC\u00e2ble \u00e9lectrique 7,5 m<br \/>\nRoues pour zone alimentaires<br \/>\nPorte accessoires<\/p>\n<h4>Caract\u00e9ristiques techniques:<\/h4>\n<p>Puissance: 2000 (max 2400) W<br \/>\nSyst\u00e8me d\u2019aspiration avec refroidissement par by-pass<br \/>\nSyst\u00e8me de nettoyage \ufb01ltre<br \/>\nR\u00e9servoir inox<br \/>\nTension: 220-240V-50-60hZ<br \/>\nD\u00e9pression 22kPa \/2200mm H2O<br \/>\nD\u00e9bit air 130 l\/s<br \/>\nVolume total 65L<br \/>\nVol. r\u00e9servoir poussi\u00e8re 30L<br \/>\nVol. r\u00e9servoir liquide 40L<\/p>\n<p><a class=\"maxbutton-2 maxbutton maxbutton-pdf\" target=\"_blank\" title=\"PDF\" rel=\"noopener\" href=\"http:\/\/gator4082.temp.domains\/~aquatiss\/wp-content\/uploads\/2017\/01\/1421144467176-Copier.pdf\"><span class='mb-text'>FICHE TECHNIQUE<\/span><\/a><\/p>\n<p>&nbsp;<\/p>\n","protected":false},"excerpt":{"rendered":"<p>Aspirateur eau poussi\u00e8re \u00a0WINDY 265 IF<br \/>\nPuissance 2000 (max 2400) W<br \/>\n2 moteur silencieux<br \/>\nR\u00e9servoir plastique<br \/>\nRefroidissement moteur by-pass<br \/>\nCapacit\u00e9 de la cuve inox 65L<\/p>\n","protected":false},"featured_media":13796,"comment_status":"open","ping_status":"closed","template":"","meta":[],"product_cat":[106,363,368,105],"product_tag":[371],"class_list":["post-2035","product","type-product","status-publish","has-post-thumbnail","hentry","product_cat-aspirateurs","product_cat-aspirateurs-avec-sac","product_cat-aspirateurs-eau-et-poussiere","product_cat-service","product_tag-aspirateurs","pa_domaine-entreprise","pa_domaine-hotel","pa_domaine-industrie","pa_domaine-medical","pa_domaine-proprete","pa_fonctionnalite-a-eau","pa_fonctionnalite-a-poussiere"],"_links":{"self":[{"href":"https:\/\/aquatiss.com.tn\/fr\/wp-json\/wp\/v2\/product\/2035","targetHints":{"allow":["GET"]}}],"collection":[{"href":"https:\/\/aquatiss.com.tn\/fr\/wp-json\/wp\/v2\/product"}],"about":[{"href":"https:\/\/aquatiss.com.tn\/fr\/wp-json\/wp\/v2\/types\/product"}],"replies":[{"embeddable":true,"href":"https:\/\/aquatiss.com.tn\/fr\/wp-json\/wp\/v2\/comments?post=2035"}],"wp:featuredmedia":[{"embeddable":true,"href":"https:\/\/aquatiss.com.tn\/fr\/wp-json\/wp\/v2\/media\/13796"}],"wp:attachment":[{"href":"https:\/\/aquatiss.com.tn\/fr\/wp-json\/wp\/v2\/media?parent=2035"}],"wp:term":[{"taxonomy":"product_cat","embeddable":true,"href":"https:\/\/aquatiss.com.tn\/fr\/wp-json\/wp\/v2\/product_cat?post=2035"},{"taxonomy":"product_tag","embeddable":true,"href":"https:\/\/aquatiss.com.tn\/fr\/wp-json\/wp\/v2\/product_tag?post=2035"}],"curies":[{"name":"wp","href":"https:\/\/api.w.org\/{rel}","templated":true}]}}