{"id":2038,"date":"2017-01-17T16:34:24","date_gmt":"2017-01-17T15:34:24","guid":{"rendered":"http:\/\/gator4082.temp.domains\/~aquatiss\/produit\/aspirateur-eau-et-poussiere-a-03-moteurs\/"},"modified":"2021-01-13T13:36:07","modified_gmt":"2021-01-13T13:36:07","slug":"aspirateur-eau-et-poussiere-windy-365ir","status":"publish","type":"product","link":"https:\/\/aquatiss.com.tn\/fr\/produit\/aspirateur-eau-et-poussiere-windy-365ir\/","title":{"rendered":"Aspirateur eau et poussi\u00e8re  WINDY 365IR"},"content":{"rendered":"<p>Aspirateur eau et poussi\u00e8re WINDY 365IR<br \/>\n03 moteurs en by-pass \u00e0 rendement \u00e9lev\u00e9<br \/>\nSyst\u00e8me d&rsquo;aspiration avec refroidissement par by -pass<br \/>\nSyst\u00e8me de nettoyage filtre<br \/>\nR\u00e9servoir inox<br \/>\nDispositif anti statique<br \/>\nR\u00e9servoir basculant<br \/>\nChariot anti choc<br \/>\nR\u00e9servoir d\u00e9montable<br \/>\nClapet flottant pour liquide<br \/>\nFiltre textile<br \/>\nC\u00e2ble \u00e9lectrique 7.5 m<br \/>\nRoues pour zone alimentaires<\/p>\n<h4>Caract\u00e9ristiques techniques:<\/h4>\n<p>Cuve inox \u00e0 65L<br \/>\nTension 220-240V-50-60hZ<br \/>\nN\u00b0 De moteurs: 03<br \/>\nPuissance (max): 3000 (3600) W<br \/>\nD\u00e9pression 22kPa \/2200mm H2O<br \/>\nVolume r\u00e9servoir poussi\u00e8re 30L<br \/>\nVolume r\u00e9servoir liquide 40L<\/p>\n<p>&nbsp;<\/p>\n<p><a class=\"maxbutton-2 maxbutton maxbutton-pdf\" target=\"_blank\" title=\"PDF\" rel=\"noopener\" href=\"http:\/\/gator4082.temp.domains\/~aquatiss\/wp-content\/uploads\/2017\/01\/1421144315874.pdf\"><span class='mb-text'>FICHE TECHNIQUE<\/span><\/a><\/p>\n","protected":false},"excerpt":{"rendered":"<p>Aspirateur eau et poussi\u00e8re \u00e0 03 moteurs<br \/>\nTension 220-240V-50-60hZ<br \/>\nN\u00b0 De moteurs: 03<br \/>\nPuissance (max): 3000 (3600) W<br \/>\nD\u00e9pression 22kPa \/2200mm H2O<\/p>\n","protected":false},"featured_media":2039,"comment_status":"open","ping_status":"closed","template":"","meta":[],"product_cat":[106,363,368,105],"product_tag":[371],"class_list":["post-2038","product","type-product","status-publish","has-post-thumbnail","hentry","product_cat-aspirateurs","product_cat-aspirateurs-avec-sac","product_cat-aspirateurs-eau-et-poussiere","product_cat-service","product_tag-aspirateurs","pa_domaine-entreprise","pa_domaine-hotel","pa_domaine-industrie","pa_domaine-medical","pa_domaine-proprete","pa_fonctionnalite-a-eau","pa_fonctionnalite-a-poussiere"],"_links":{"self":[{"href":"https:\/\/aquatiss.com.tn\/fr\/wp-json\/wp\/v2\/product\/2038","targetHints":{"allow":["GET"]}}],"collection":[{"href":"https:\/\/aquatiss.com.tn\/fr\/wp-json\/wp\/v2\/product"}],"about":[{"href":"https:\/\/aquatiss.com.tn\/fr\/wp-json\/wp\/v2\/types\/product"}],"replies":[{"embeddable":true,"href":"https:\/\/aquatiss.com.tn\/fr\/wp-json\/wp\/v2\/comments?post=2038"}],"wp:featuredmedia":[{"embeddable":true,"href":"https:\/\/aquatiss.com.tn\/fr\/wp-json\/wp\/v2\/media\/2039"}],"wp:attachment":[{"href":"https:\/\/aquatiss.com.tn\/fr\/wp-json\/wp\/v2\/media?parent=2038"}],"wp:term":[{"taxonomy":"product_cat","embeddable":true,"href":"https:\/\/aquatiss.com.tn\/fr\/wp-json\/wp\/v2\/product_cat?post=2038"},{"taxonomy":"product_tag","embeddable":true,"href":"https:\/\/aquatiss.com.tn\/fr\/wp-json\/wp\/v2\/product_tag?post=2038"}],"curies":[{"name":"wp","href":"https:\/\/api.w.org\/{rel}","templated":true}]}}