{"id":20793,"date":"2019-08-02T12:11:32","date_gmt":"2019-08-02T12:11:32","guid":{"rendered":"http:\/\/gator4082.temp.domains\/~aquatiss\/?post_type=product&#038;p=20793"},"modified":"2019-08-02T12:48:47","modified_gmt":"2019-08-02T12:48:47","slug":"conteneur-isotherme-cargo-500l","status":"publish","type":"product","link":"https:\/\/aquatiss.com.tn\/fr\/produit\/conteneur-isotherme-cargo-500l\/","title":{"rendered":"Conteneur isotherme  Cargo 500L"},"content":{"rendered":"<p>Conteneur isotherme Cargo 500L<\/p>\n<p>Conteneur isotherme pour le transport de produits frais et surgel\u00e9s \u00e0 temp\u00e9rature contr\u00f4l\u00e9e<\/p>\n<p>indiqu\u00e9 pour chaines de supermarch\u00e9s, op\u00e9rateurs dans le secteur logistique, distributeurs et producteurs de produits alimentaires frais ou surgel\u00e9s, transporteurs.<\/p>\n<p>Capacit\u00e9 de 500 litres.<\/p>\n<p>Total respect de la chaine du froid dans toutes les phases du transport.<\/p>\n<p>Acc\u00e9l\u00e8re les op\u00e9rations de distribution dans les points de vente: peut \u00eatre charg\u00e9 dans la cellule frigorifique du centre au magasin en gros et d\u00e9charg\u00e9 du comptoir frigo du supermarch\u00e9 de destination.<\/p>\n<p>Transportable avec des moyens traditionnels: avec un seul v\u00e9hicule non calorifug\u00e9, il est possible de transporter dans le m\u00eame temps des produits frais, surgel\u00e9s et \u00e0 temp\u00e9ratures ambiantes.<\/p>\n<p>Produit avec technologie de moulage par rotation: conteneur et porte monobloc (sans ar\u00eates, jointures et soudures).<\/p>\n<p>Compl\u00e8tement recyclable au terme de leur vie op\u00e9rationnelle.<\/p>\n<h5>Caracteristiques<\/h5>\n<div>Dim. externes (mm): 715X850X1675h<\/div>\n<div>Dim. internes (mm): 540x660x1370h<\/div>\n<div>Capacit\u00e9: 500 l<\/div>\n<div>Poids: 90 kg<\/div>\n<div><\/div>\n","protected":false},"excerpt":{"rendered":"<p>Conteneur isotherme pour le transport de produits frais et surgel\u00e9s \u00e0 temp\u00e9rature contr\u00f4l\u00e9e<br \/>\nindiqu\u00e9 pour chaines de supermarch\u00e9s, op\u00e9rateurs dans le secteur logistique, distributeurs et producteurs de produits alimentaires frais ou surgel\u00e9s, transporteurs.<\/p>\n","protected":false},"featured_media":20794,"comment_status":"open","ping_status":"closed","template":"","meta":[],"product_cat":[329],"product_tag":[],"class_list":["post-20793","product","type-product","status-publish","has-post-thumbnail","hentry","product_cat-conteneur-isothermique"],"_links":{"self":[{"href":"https:\/\/aquatiss.com.tn\/fr\/wp-json\/wp\/v2\/product\/20793","targetHints":{"allow":["GET"]}}],"collection":[{"href":"https:\/\/aquatiss.com.tn\/fr\/wp-json\/wp\/v2\/product"}],"about":[{"href":"https:\/\/aquatiss.com.tn\/fr\/wp-json\/wp\/v2\/types\/product"}],"replies":[{"embeddable":true,"href":"https:\/\/aquatiss.com.tn\/fr\/wp-json\/wp\/v2\/comments?post=20793"}],"wp:featuredmedia":[{"embeddable":true,"href":"https:\/\/aquatiss.com.tn\/fr\/wp-json\/wp\/v2\/media\/20794"}],"wp:attachment":[{"href":"https:\/\/aquatiss.com.tn\/fr\/wp-json\/wp\/v2\/media?parent=20793"}],"wp:term":[{"taxonomy":"product_cat","embeddable":true,"href":"https:\/\/aquatiss.com.tn\/fr\/wp-json\/wp\/v2\/product_cat?post=20793"},{"taxonomy":"product_tag","embeddable":true,"href":"https:\/\/aquatiss.com.tn\/fr\/wp-json\/wp\/v2\/product_tag?post=20793"}],"curies":[{"name":"wp","href":"https:\/\/api.w.org\/{rel}","templated":true}]}}