{"id":2101,"date":"2017-01-19T11:10:07","date_gmt":"2017-01-19T10:10:07","guid":{"rendered":"http:\/\/gator4082.temp.domains\/~aquatiss\/produit\/auto-laveuse-a-batterie-scl-compact-free-1800-m%c2%b2h-copie\/"},"modified":"2017-01-19T11:50:59","modified_gmt":"2017-01-19T10:50:59","slug":"auto-laveuse-a-batterie-scl-compact-free-1800-m%c2%b2h-copie","status":"publish","type":"product","link":"https:\/\/aquatiss.com.tn\/fr\/produit\/auto-laveuse-a-batterie-scl-compact-free-1800-m%c2%b2h-copie\/","title":{"rendered":"Auto laveuse \u00e0 batterie"},"content":{"rendered":"<p>Auto laveuse \u00e0 batterie qui permet le nettoyage des petites surfaces<br \/>\nCette  laveuse \u00e0 batterie b\u00e9n\u00e9ficie d&rsquo;un plateau pivotant avec l&#8217;embouchure int\u00e9gr\u00e9e<br \/>\nUne pression de lavage de 27 Kg<br \/>\nUne puissance d&rsquo;aspiration quiassure une performance et des r\u00e9sultats exceptionnels<br \/>\nNouveau bloc de lavage rotatif avec embouchure int\u00e9gr\u00e9 permettant un nettoyage et s\u00e9chage aussi bien en marche avant qu&rsquo;en marche arri\u00e8re<br \/>\nNettoie m\u00eame dans les zones difficiles d&rsquo;acc\u00e8s que les auto laveuses classiques ne peuvent pas  atteindre<br \/>\nFaible niveau sonore pour nettoyer dans les zones sensibles aux bruits<br \/>\nBatteries Optima : productivit\u00e9 sup\u00e9rieure, performance constante, l\u00e9g\u00e8ret\u00e9, moins de plomb, capacit\u00e9 de recharge rapide<br \/>\nChargeur embarqu\u00e9 de s\u00e9rie<br \/>\nUne pression de lavage de 27 Kg pour une excellente efficacit\u00e9 de nettoyage.<\/p>\n","protected":false},"excerpt":{"rendered":"<p>Auto laveuse \u00e0 batterie<br \/>\nPermet le nettoyage des petites surfaces<br \/>\nIl b\u00e9n\u00e9ficie d&#039;un plateau pivotant avec l&#039;embouchure int\u00e9gr\u00e9e<br \/>\nUne pression de lavage de 27 Kg <\/p>\n","protected":false},"featured_media":2102,"comment_status":"open","ping_status":"closed","template":"","meta":[],"product_cat":[109,108],"product_tag":[373],"class_list":["post-2101","product","type-product","status-publish","has-post-thumbnail","hentry","product_cat-auto-laveuse","product_cat-hygiene","product_tag-auto-laveuse","pa_domaine-entreprise","pa_domaine-food","pa_domaine-hotel","pa_domaine-industrie","pa_domaine-medical","pa_domaine-proprete"],"_links":{"self":[{"href":"https:\/\/aquatiss.com.tn\/fr\/wp-json\/wp\/v2\/product\/2101","targetHints":{"allow":["GET"]}}],"collection":[{"href":"https:\/\/aquatiss.com.tn\/fr\/wp-json\/wp\/v2\/product"}],"about":[{"href":"https:\/\/aquatiss.com.tn\/fr\/wp-json\/wp\/v2\/types\/product"}],"replies":[{"embeddable":true,"href":"https:\/\/aquatiss.com.tn\/fr\/wp-json\/wp\/v2\/comments?post=2101"}],"wp:featuredmedia":[{"embeddable":true,"href":"https:\/\/aquatiss.com.tn\/fr\/wp-json\/wp\/v2\/media\/2102"}],"wp:attachment":[{"href":"https:\/\/aquatiss.com.tn\/fr\/wp-json\/wp\/v2\/media?parent=2101"}],"wp:term":[{"taxonomy":"product_cat","embeddable":true,"href":"https:\/\/aquatiss.com.tn\/fr\/wp-json\/wp\/v2\/product_cat?post=2101"},{"taxonomy":"product_tag","embeddable":true,"href":"https:\/\/aquatiss.com.tn\/fr\/wp-json\/wp\/v2\/product_tag?post=2101"}],"curies":[{"name":"wp","href":"https:\/\/api.w.org\/{rel}","templated":true}]}}