{"id":21026,"date":"2024-10-30T11:30:08","date_gmt":"2024-10-30T11:30:08","guid":{"rendered":"http:\/\/gator4082.temp.domains\/~aquatiss\/nos-produits\/decapsuleur-des-mini-bars-hotels-et-restaurants\/"},"modified":"2025-01-07T16:09:42","modified_gmt":"2025-01-07T16:09:42","slug":"decapsuleur-des-minibars-hotels-et-restaurants","status":"publish","type":"product","link":"https:\/\/aquatiss.com.tn\/fr\/produit\/decapsuleur-des-minibars-hotels-et-restaurants\/","title":{"rendered":"d\u00e9capsuleur des minibars, h\u00f4tels et restaurants"},"content":{"rendered":"<p>d\u00e9capsuleur des minibars, h\u00f4tels et restaurants<\/p>\n<p>Le d\u00e9capsuleur\u00a0 utilis\u00e9 pour ouvrir toutes vos bouteilles de bi\u00e8re ou de soda.<br \/>\nSa longueur vous permet d&rsquo;avoir une bonne prise en main lors de l&rsquo;utilisation.<br \/>\nHaute qualit\u00e9, durable et personnalisable<\/p>\n<h4>selon d\u00e9capsuleur des minibars, h\u00f4tels et restaurants votre utilisation !<\/h4>\n<h4>d\u00e9capsuleur pour mini bar h\u00f4tels<\/h4>\n<h5><span style=\"font-size: 14pt;\">\u00a0longueur 8.3 cm<\/span><\/h5>\n<div class=\"texte_catalogue\">C&rsquo;est l&rsquo;incontournable d\u00e9capsuleur des bars, h\u00f4tels et restaurants.<br \/>\nIl peut \u00eatre personnalis\u00e9 et mis \u00e0 la disposition des clients dans les mini bars d&rsquo;h\u00f4tels 5*.<br \/>\nCe Goodies peu co\u00fbteux reste un Best-seller de l&rsquo;objet publicitaire.<\/div>\n<h4>d\u00e9capsuleur pour barman<\/h4>\n<h5><span style=\"font-size: 14pt;\"> longueur 13.5 cm<\/span><\/h5>\n<p>D\u00e9capsuleur tr\u00e8s fin qui se glisse tr\u00e8s facilement dans une poche, se r\u00e9v\u00e8le \u00eatre l&rsquo;outil indispensable pour tous les barmans.<br \/>\nSa bague de doigt facilite le retrait des poches ou un rangement en suspension.<\/p>\n<p>&nbsp;<\/p>\n<h4>Ouvre bouteille personnalis\u00e9<\/h4>\n<p>D\u00e9capsuleur avec logo en option<\/p>\n<p>&nbsp;<\/p>\n<div id=\"detail\">\n<div class=\"dp09\">\n<h5>Mati\u00e8re selon disponibilit\u00e9<\/h5>\n<p>aluminium-inox -galvanis\u00e9<\/p>\n<\/div>\n<\/div>\n","protected":false},"excerpt":{"rendered":"<p>Il peut \u00eatre personnalis\u00e9 et mis \u00e0 la disposition des clients dans les mini bars d&rsquo;h\u00f4tels 5*.<br \/>\nse r\u00e9v\u00e8le \u00eatre aussi l&rsquo;outil indispensable pour tous les barmans<\/p>\n","protected":false},"featured_media":21034,"comment_status":"open","ping_status":"closed","template":"","meta":[],"product_cat":[1056,2146],"product_tag":[1987],"class_list":["post-21026","product","type-product","status-publish","has-post-thumbnail","hentry","product_cat-decapsuleur","product_cat-destockage-vente-flash","product_tag-ouvre-bouteille","pa_domaine-collectivites","pa_domaine-hotel","pa_promos-destockage"],"_links":{"self":[{"href":"https:\/\/aquatiss.com.tn\/fr\/wp-json\/wp\/v2\/product\/21026","targetHints":{"allow":["GET"]}}],"collection":[{"href":"https:\/\/aquatiss.com.tn\/fr\/wp-json\/wp\/v2\/product"}],"about":[{"href":"https:\/\/aquatiss.com.tn\/fr\/wp-json\/wp\/v2\/types\/product"}],"replies":[{"embeddable":true,"href":"https:\/\/aquatiss.com.tn\/fr\/wp-json\/wp\/v2\/comments?post=21026"}],"wp:featuredmedia":[{"embeddable":true,"href":"https:\/\/aquatiss.com.tn\/fr\/wp-json\/wp\/v2\/media\/21034"}],"wp:attachment":[{"href":"https:\/\/aquatiss.com.tn\/fr\/wp-json\/wp\/v2\/media?parent=21026"}],"wp:term":[{"taxonomy":"product_cat","embeddable":true,"href":"https:\/\/aquatiss.com.tn\/fr\/wp-json\/wp\/v2\/product_cat?post=21026"},{"taxonomy":"product_tag","embeddable":true,"href":"https:\/\/aquatiss.com.tn\/fr\/wp-json\/wp\/v2\/product_tag?post=21026"}],"curies":[{"name":"wp","href":"https:\/\/api.w.org\/{rel}","templated":true}]}}