{"id":2106,"date":"2017-01-19T12:21:49","date_gmt":"2017-01-19T12:21:49","guid":{"rendered":"http:\/\/gator4082.temp.domains\/~aquatiss\/produit\/auto-laveuse-scl-quick-36b-copie\/"},"modified":"2019-12-03T15:51:32","modified_gmt":"2019-12-03T15:51:32","slug":"auto-laveuse-scl-quick-36b-avec-batterie-et-chargeur-integree-lavor","status":"publish","type":"product","link":"https:\/\/aquatiss.com.tn\/fr\/produit\/auto-laveuse-scl-quick-36b-avec-batterie-et-chargeur-integree-lavor\/","title":{"rendered":"Auto laveuse SCL QUICK 36B avec batterie et chargeur int\u00e9gr\u00e9e LAVOR"},"content":{"rendered":"<p>Autolaveuse SCL QUICK 36B avec batterie et chargeur int\u00e9gr\u00e9e LAVOR \u00a0Cette autolaveuse dispose d&rsquo;une structure robuste.<br \/>\nElle est maniable, capable de travailler sur des surfaces tr\u00e8s encombr\u00e9es telles que petites boutiques, bureaux, cuisines, \u00e9coles, h\u00f4pitaux, bars, restaurants&#8230;<br \/>\nElle dispose d&rsquo;un d\u00e9bit r\u00e9glable (avec ouverture &#8211; arr\u00eat automatique) de la solution de lavage suivant le type de surface<br \/>\nLe r\u00e9servoir eau us\u00e9e est amovible<br \/>\nElle a un rendement th\u00e9orique de 1260 m\u00b2\/heure environ<\/p>\n<p><strong>Accessoires standards : <\/strong><\/p>\n<ul>\n<li>Brosse PP<\/li>\n<li>bavette suceur avant<\/li>\n<li>Bavette suceur arri\u00e8re<\/li>\n<li>Batterie 12V 55A C20 1<\/li>\n<li>Chargeur de batterie 12V -6A<\/li>\n<li>C\u00e2ble chargeur avec fiche UE<\/li>\n<\/ul>\n<p><strong>Accessoires en options : <\/strong><\/p>\n<ul>\n<li>C\u00e2ble d\u2019alimentation rallong\u00e9 avec prise SCHUKO<\/li>\n<li>Brosse douce<\/li>\n<li>Brosse abrasive mod\u00e9r\u00e9e<\/li>\n<li>Brosse abrasive<\/li>\n<li>supporte pad<\/li>\n<li>Pad<\/li>\n<\/ul>\n","protected":false},"excerpt":{"rendered":"<p>Autolaveuse \u00e0 batterie<br \/>\nCette autolaveuse dispose d&#039;une structure robuste.<br \/>\nElle est maniable, capable de travailler sur des surfaces tr\u00e8s encombr\u00e9es<\/p>\n","protected":false},"featured_media":2105,"comment_status":"open","ping_status":"closed","template":"","meta":[],"product_cat":[109,108],"product_tag":[373],"class_list":["post-2106","product","type-product","status-publish","has-post-thumbnail","hentry","product_cat-auto-laveuse","product_cat-hygiene","product_tag-auto-laveuse","pa_domaine-entreprise","pa_domaine-food","pa_domaine-hotel","pa_domaine-industrie","pa_domaine-medical","pa_domaine-proprete"],"_links":{"self":[{"href":"https:\/\/aquatiss.com.tn\/fr\/wp-json\/wp\/v2\/product\/2106","targetHints":{"allow":["GET"]}}],"collection":[{"href":"https:\/\/aquatiss.com.tn\/fr\/wp-json\/wp\/v2\/product"}],"about":[{"href":"https:\/\/aquatiss.com.tn\/fr\/wp-json\/wp\/v2\/types\/product"}],"replies":[{"embeddable":true,"href":"https:\/\/aquatiss.com.tn\/fr\/wp-json\/wp\/v2\/comments?post=2106"}],"wp:featuredmedia":[{"embeddable":true,"href":"https:\/\/aquatiss.com.tn\/fr\/wp-json\/wp\/v2\/media\/2105"}],"wp:attachment":[{"href":"https:\/\/aquatiss.com.tn\/fr\/wp-json\/wp\/v2\/media?parent=2106"}],"wp:term":[{"taxonomy":"product_cat","embeddable":true,"href":"https:\/\/aquatiss.com.tn\/fr\/wp-json\/wp\/v2\/product_cat?post=2106"},{"taxonomy":"product_tag","embeddable":true,"href":"https:\/\/aquatiss.com.tn\/fr\/wp-json\/wp\/v2\/product_tag?post=2106"}],"curies":[{"name":"wp","href":"https:\/\/api.w.org\/{rel}","templated":true}]}}