{"id":2108,"date":"2017-01-19T12:37:22","date_gmt":"2017-01-19T11:37:22","guid":{"rendered":"http:\/\/gator4082.temp.domains\/~aquatiss\/produit\/auto-laveuse-electrique-scl-compact-free-1800-m%c2%b2h-copie\/"},"modified":"2019-12-03T15:47:56","modified_gmt":"2019-12-03T15:47:56","slug":"auto-laveuse-electrique-scl-compact-free-1800-m%c2%b2-h-lavor-pro","status":"publish","type":"product","link":"https:\/\/aquatiss.com.tn\/fr\/produit\/auto-laveuse-electrique-scl-compact-free-1800-m%c2%b2-h-lavor-pro\/","title":{"rendered":"Auto laveuse \u00e9lectrique SCL COMPACT FREE 1800 m\u00b2\/h LAVOR PRO"},"content":{"rendered":"<p>Autolaveuse \u00e9lectrique SCL COMPACT FREE 1800 m\u00b2\/h LAVOR PRO \u00a0avec\u00a0Autolaveuse \u00e9lectrique<br \/>\nLargeur de travail 450\/ 800mm<br \/>\nAcc\u00e8s facile \u00e0 tous les composants de l&rsquo;autolaveuse<br \/>\nCommandes de fonctionnement tr\u00e8s simples<br \/>\nDimensions les plus compactes de sa cat\u00e9gorie<br \/>\nSyst\u00e8me de s\u00e9curit\u00e9 pr\u00e9sence op\u00e9rateur<br \/>\nEnrouleur de c\u00e2ble tr\u00e8s pratique<br \/>\nLavage uniforme gr\u00e2ce \u00e0 la t\u00eate de brossage<br \/>\nPossibilit\u00e9 de nettoyer dans les endroits difficiles d&rsquo;acc\u00e8s gr\u00e2ce au d\u00e9port important de la t\u00eate de brossage<\/p>\n","protected":false},"excerpt":{"rendered":"<p>Autolaveuse \u00e9lectrique<br \/>\nLargeur de travail 450\/800mm<br \/>\nAcc\u00e8s facile \u00e0 tous les composants de l&#039;auto laveuse<br \/>\nCommandes de fonctionnement tr\u00e8s simples<\/p>\n","protected":false},"featured_media":2094,"comment_status":"open","ping_status":"closed","template":"","meta":[],"product_cat":[109,108],"product_tag":[373],"class_list":["post-2108","product","type-product","status-publish","has-post-thumbnail","hentry","product_cat-auto-laveuse","product_cat-hygiene","product_tag-auto-laveuse","pa_domaine-entreprise","pa_domaine-food","pa_domaine-hotel","pa_domaine-industrie","pa_domaine-medical","pa_domaine-proprete"],"_links":{"self":[{"href":"https:\/\/aquatiss.com.tn\/fr\/wp-json\/wp\/v2\/product\/2108","targetHints":{"allow":["GET"]}}],"collection":[{"href":"https:\/\/aquatiss.com.tn\/fr\/wp-json\/wp\/v2\/product"}],"about":[{"href":"https:\/\/aquatiss.com.tn\/fr\/wp-json\/wp\/v2\/types\/product"}],"replies":[{"embeddable":true,"href":"https:\/\/aquatiss.com.tn\/fr\/wp-json\/wp\/v2\/comments?post=2108"}],"wp:featuredmedia":[{"embeddable":true,"href":"https:\/\/aquatiss.com.tn\/fr\/wp-json\/wp\/v2\/media\/2094"}],"wp:attachment":[{"href":"https:\/\/aquatiss.com.tn\/fr\/wp-json\/wp\/v2\/media?parent=2108"}],"wp:term":[{"taxonomy":"product_cat","embeddable":true,"href":"https:\/\/aquatiss.com.tn\/fr\/wp-json\/wp\/v2\/product_cat?post=2108"},{"taxonomy":"product_tag","embeddable":true,"href":"https:\/\/aquatiss.com.tn\/fr\/wp-json\/wp\/v2\/product_tag?post=2108"}],"curies":[{"name":"wp","href":"https:\/\/api.w.org\/{rel}","templated":true}]}}