{"id":2109,"date":"2017-01-19T14:07:27","date_gmt":"2017-01-19T13:07:27","guid":{"rendered":"http:\/\/gator4082.temp.domains\/~aquatiss\/produit\/auto-laveuse-electrique\/"},"modified":"2019-12-03T15:45:43","modified_gmt":"2019-12-03T15:45:43","slug":"auto-laveuse-electrique","status":"publish","type":"product","link":"https:\/\/aquatiss.com.tn\/fr\/produit\/auto-laveuse-electrique\/","title":{"rendered":"Auto laveuse \u00e9lectrique 1000W VIPER"},"content":{"rendered":"<p>Autolaveuse \u00e9lectrique<br \/>\nUne auto laveuse accompagn\u00e9e compacte \u00e0 c\u00e2ble<br \/>\nDesign attrayant et bien \u00e9quilibr\u00e9<br \/>\nSimple et facile \u00e0 utiliser<br \/>\nNettoyage  de sol en un seul passage<br \/>\nFacilit\u00e9 d&rsquo;entretien et de maintenance sur toutes les pi\u00e8ces<br \/>\nLa pression de brosse est de 30 kg<br \/>\nLivr\u00e9 avec plateau, brosse et 25 m\u00e8tres de c\u00e2ble \u00e9lectrique<br \/>\nGrande puissance d&rsquo;aspiration<br \/>\nRoues larges : l\u00e9ger et facile \u00e0 man\u0153uvrer<br \/>\nSuceur robuste en aluminium<br \/>\nCuve en poly\u00e9thyl\u00e8ne roto-moul\u00e9es<br \/>\nPoign\u00e9e ajustable<br \/>\nBavette r\u00e9versible 4 faces en n\u00e9opr\u00e8ne<\/p>\n","protected":false},"excerpt":{"rendered":"<p>Autolaveuse \u00e9lectrique<br \/>\nUne autolaveuse accompagn\u00e9e compacte \u00e0 c\u00e2ble<br \/>\nDesign attrayant et bien \u00e9quilibr\u00e9<br \/>\nSimple et facile \u00e0 utiliser<\/p>\n","protected":false},"featured_media":2110,"comment_status":"open","ping_status":"closed","template":"","meta":[],"product_cat":[109,108],"product_tag":[373],"class_list":["post-2109","product","type-product","status-publish","has-post-thumbnail","hentry","product_cat-auto-laveuse","product_cat-hygiene","product_tag-auto-laveuse","pa_domaine-entreprise","pa_domaine-food","pa_domaine-hotel","pa_domaine-industrie","pa_domaine-medical","pa_domaine-proprete"],"_links":{"self":[{"href":"https:\/\/aquatiss.com.tn\/fr\/wp-json\/wp\/v2\/product\/2109","targetHints":{"allow":["GET"]}}],"collection":[{"href":"https:\/\/aquatiss.com.tn\/fr\/wp-json\/wp\/v2\/product"}],"about":[{"href":"https:\/\/aquatiss.com.tn\/fr\/wp-json\/wp\/v2\/types\/product"}],"replies":[{"embeddable":true,"href":"https:\/\/aquatiss.com.tn\/fr\/wp-json\/wp\/v2\/comments?post=2109"}],"wp:featuredmedia":[{"embeddable":true,"href":"https:\/\/aquatiss.com.tn\/fr\/wp-json\/wp\/v2\/media\/2110"}],"wp:attachment":[{"href":"https:\/\/aquatiss.com.tn\/fr\/wp-json\/wp\/v2\/media?parent=2109"}],"wp:term":[{"taxonomy":"product_cat","embeddable":true,"href":"https:\/\/aquatiss.com.tn\/fr\/wp-json\/wp\/v2\/product_cat?post=2109"},{"taxonomy":"product_tag","embeddable":true,"href":"https:\/\/aquatiss.com.tn\/fr\/wp-json\/wp\/v2\/product_tag?post=2109"}],"curies":[{"name":"wp","href":"https:\/\/api.w.org\/{rel}","templated":true}]}}