{"id":2115,"date":"2017-01-19T15:19:55","date_gmt":"2017-01-19T14:19:55","guid":{"rendered":"http:\/\/gator4082.temp.domains\/~aquatiss\/?post_type=product&#038;p=2115"},"modified":"2019-12-03T15:44:28","modified_gmt":"2019-12-03T15:44:28","slug":"auto-laveuse-scl-midi-r-75-bt-avec-quatre-batteries-lavor-pro","status":"publish","type":"product","link":"https:\/\/aquatiss.com.tn\/fr\/produit\/auto-laveuse-scl-midi-r-75-bt-avec-quatre-batteries-lavor-pro\/","title":{"rendered":"Auto laveuse SCL MIDI-R 75 BT avec quatre batteries LAVOR PRO"},"content":{"rendered":"<p>Autolaveuse SCL MIDI-R 75 BT avec quatre batteries LAVOR PRO avec\u00a0Tableau de contr\u00f4le \u00e9quip\u00e9 de commandes simples : T\u00e9moin de vitesse de marche<br \/>\nBouton de mise en marche brosse et aspiration s\u00e9par\u00e9s<br \/>\nIndicateur de d\u00e9charge profonde des batteries par arr\u00eat de la brosse puis de l\u2019aspiration<br \/>\nIndicateur du sens de la marche<br \/>\nLevier de commande pour inverser le sens de la marche AV\/AR<br \/>\nT\u00eate de brossage flottante<br \/>\nDouble brosse<br \/>\nCouvercle bac d\u00e9posable sans outils<br \/>\nMaintenance moteur et filtre d\u2019aspiration sans outils<br \/>\nBac eau propre \u00e9quip\u00e9 d\u2019une grande trappe pour le remplissage rapide<\/p>\n","protected":false},"excerpt":{"rendered":"<p>Auto laveuse SCL MIDI-R 75 BT avec quatre batteries LAVOR PRO Avec tableau de contr\u00f4le<br \/>\nDouble Brosse<\/p>\n","protected":false},"featured_media":2116,"comment_status":"open","ping_status":"closed","template":"","meta":[],"product_cat":[109,108],"product_tag":[373],"class_list":["post-2115","product","type-product","status-publish","has-post-thumbnail","hentry","product_cat-auto-laveuse","product_cat-hygiene","product_tag-auto-laveuse","pa_domaine-entreprise","pa_domaine-food","pa_domaine-hotel","pa_domaine-industrie","pa_domaine-medical","pa_domaine-proprete"],"_links":{"self":[{"href":"https:\/\/aquatiss.com.tn\/fr\/wp-json\/wp\/v2\/product\/2115","targetHints":{"allow":["GET"]}}],"collection":[{"href":"https:\/\/aquatiss.com.tn\/fr\/wp-json\/wp\/v2\/product"}],"about":[{"href":"https:\/\/aquatiss.com.tn\/fr\/wp-json\/wp\/v2\/types\/product"}],"replies":[{"embeddable":true,"href":"https:\/\/aquatiss.com.tn\/fr\/wp-json\/wp\/v2\/comments?post=2115"}],"wp:featuredmedia":[{"embeddable":true,"href":"https:\/\/aquatiss.com.tn\/fr\/wp-json\/wp\/v2\/media\/2116"}],"wp:attachment":[{"href":"https:\/\/aquatiss.com.tn\/fr\/wp-json\/wp\/v2\/media?parent=2115"}],"wp:term":[{"taxonomy":"product_cat","embeddable":true,"href":"https:\/\/aquatiss.com.tn\/fr\/wp-json\/wp\/v2\/product_cat?post=2115"},{"taxonomy":"product_tag","embeddable":true,"href":"https:\/\/aquatiss.com.tn\/fr\/wp-json\/wp\/v2\/product_tag?post=2115"}],"curies":[{"name":"wp","href":"https:\/\/api.w.org\/{rel}","templated":true}]}}