{"id":21409,"date":"2019-09-12T15:37:00","date_gmt":"2019-09-12T15:37:00","guid":{"rendered":"http:\/\/gator4082.temp.domains\/~aquatiss\/?post_type=product&#038;p=21409"},"modified":"2025-04-16T10:00:36","modified_gmt":"2025-04-16T10:00:36","slug":"chaise-haute-bebe-slim-blanc","status":"publish","type":"product","link":"https:\/\/aquatiss.com.tn\/fr\/produit\/chaise-haute-bebe-slim-blanc\/","title":{"rendered":"chaise haute b\u00e9b\u00e9 Slim blanc"},"content":{"rendered":"<div class=\"range-expandable__paragraf\">\n<p>chaise haute b\u00e9b\u00e9 Slim blanc<\/p>\n<p>convient \u00e0 la famille, h\u00f4tel, restaurant &#8230;<br \/>\nnotre chaise haute b\u00e9b\u00e9 est \u00e9quip\u00e9e \u00a0de harnais de s\u00e9curit\u00e9 d&rsquo;un plateau en plastique d\u00e9tachable \u00a0et d&rsquo;un coussin de confort en polyur\u00e9thane pour un nettoyage rapide et facile<\/p>\n<p>&nbsp;<\/p>\n<p>La chaise haute b\u00e9b\u00e9 Slim haute aide votre enfant \u00e0 s&rsquo;asseoir \u00e0 la m\u00eame hauteur que les adultes et \u00e0 d\u00e9velopper sa capacit\u00e9 \u00e0 manger seul et \u00e0 interagir avec les autres.<br \/>\nFacile \u00e0 d\u00e9monter et \u00e0 transporter.<\/p>\n<p>Les bords du plateau font saillie de sorte que, si du liquide se renverse, il ne tombe pas sur le sol.<\/p>\n<p>Nous savons que les enfants ont la peau tr\u00e8s sensible, mais ne vous inqui\u00e9tez pas.<\/p>\n<p>Par ailleurs Ce produit a \u00e9t\u00e9 test\u00e9 et ne contient aucune substance nocive pour la peau ou la sant\u00e9 des enfants.<\/p>\n<p>Produit con\u00e7u pour les enfants pouvant s&rsquo;asseoir sans aide, avec un maximum de 3 ans et ne pesant pas plus de 15 kg.<br \/>\nIl comprend une ceinture de s\u00e9curit\u00e9.<\/p>\n<h5>Dimensions asssice<\/h5>\n<p>largeur d&rsquo;assise:\u00a025 cm<br \/>\nSi\u00e8ge bas:\u00a022 cm<br \/>\nhauteur du si\u00e8ge:\u00a035cm<\/p>\n<h5>Nettoyage<\/h5>\n<p>Nettoyer avec une solution de savon doux.<br \/>\nS\u00e9cher avec un chiffon sec.<\/p>\n<h5>Mat\u00e9riaux<\/h5>\n<p>pi\u00e9tement : Acier, rev\u00eatement \u00e9poxy \/ polyester en poudre<br \/>\nEmbout pied : \u00a0Polypropyl\u00e8ne., Plastique poly\u00e9thyl\u00e8ne<br \/>\nPlateau et selle si\u00e8ge :Polypropyl\u00e8ne.<\/p>\n<h5>Dimensions plateau<\/h5>\n<p>Largeur: 41 cm<br \/>\nHauteur : 6cm<br \/>\nLongueur: 44 cm<\/p>\n<h5>Dimensions emballages<\/h5>\n<p>Largeur: 42 cm<br \/>\nHauteur : 35cm<br \/>\nLongueur: 42 cm<\/p>\n<\/div>\n<div role=\"heading\" aria-level=\"2\">\n<div class=\"range-expandable__paragraf\">\n<div class=\"range-expandable__paragraf\">\n<h5 class=\"normal-font bold no-margin\"><\/h5>\n<\/div>\n<\/div>\n<div class=\"range-expandable__paragraf\">\n<div class=\"range-expandable__paragraf\">\n<p class=\"no-margin flex space-between block-sm\">\n<\/div>\n<\/div>\n<\/div>\n","protected":false},"excerpt":{"rendered":"<p>convient \u00e0 la famille, h\u00f4tel, restaurant &#8230;<br \/>\nnotre chaise haute b\u00e9b\u00e9 est \u00e9quip\u00e9e \u00a0de harnais de s\u00e9curit\u00e9 d&rsquo;un plateau en plastique d\u00e9tachable \u00a0et d&rsquo;un coussin de confort en polyur\u00e9thane pour un nettoyage rapide et facile<\/p>\n","protected":false},"featured_media":21418,"comment_status":"open","ping_status":"closed","template":"","meta":[],"product_cat":[511],"product_tag":[],"class_list":["post-21409","product","type-product","status-publish","has-post-thumbnail","hentry","product_cat-bebe"],"_links":{"self":[{"href":"https:\/\/aquatiss.com.tn\/fr\/wp-json\/wp\/v2\/product\/21409","targetHints":{"allow":["GET"]}}],"collection":[{"href":"https:\/\/aquatiss.com.tn\/fr\/wp-json\/wp\/v2\/product"}],"about":[{"href":"https:\/\/aquatiss.com.tn\/fr\/wp-json\/wp\/v2\/types\/product"}],"replies":[{"embeddable":true,"href":"https:\/\/aquatiss.com.tn\/fr\/wp-json\/wp\/v2\/comments?post=21409"}],"wp:featuredmedia":[{"embeddable":true,"href":"https:\/\/aquatiss.com.tn\/fr\/wp-json\/wp\/v2\/media\/21418"}],"wp:attachment":[{"href":"https:\/\/aquatiss.com.tn\/fr\/wp-json\/wp\/v2\/media?parent=21409"}],"wp:term":[{"taxonomy":"product_cat","embeddable":true,"href":"https:\/\/aquatiss.com.tn\/fr\/wp-json\/wp\/v2\/product_cat?post=21409"},{"taxonomy":"product_tag","embeddable":true,"href":"https:\/\/aquatiss.com.tn\/fr\/wp-json\/wp\/v2\/product_tag?post=21409"}],"curies":[{"name":"wp","href":"https:\/\/api.w.org\/{rel}","templated":true}]}}