{"id":21647,"date":"2019-09-18T09:05:38","date_gmt":"2019-09-18T09:05:38","guid":{"rendered":"http:\/\/gator4082.temp.domains\/~aquatiss\/nos-produits\/paquet-sac-a-linge-blanc-personnalise-42x50cm\/"},"modified":"2019-10-02T15:13:26","modified_gmt":"2019-10-02T15:13:26","slug":"paquet-sac-a-linge-blanc-personnalise-42x50cm","status":"publish","type":"product","link":"https:\/\/aquatiss.com.tn\/fr\/produit\/paquet-sac-a-linge-blanc-personnalise-42x50cm\/","title":{"rendered":"Paquet Sac \u00e0 Linge Blanc Personnalis\u00e9 42x50cm"},"content":{"rendered":"<p>Paquet Sac \u00e0 Linge Blanc Personnalis\u00e9 42x50cm<\/p>\n<p>Sac \u00e0 linge en plastique\u00a0 couleur blanche, dimensions 42 x 50 cm, pratique et \u00e9l\u00e9gant et permet de transporter le linge de vos h\u00f4tes au service de blanchisserie. Un accessoire appr\u00e9ci\u00e9 de vos clients, surtout apr\u00e8s un long s\u00e9jour dans votre \u00e9tablissement.<\/p>\n<p>Si, vous ne proposez pas de service pressing, il sera tr\u00e8s utile \u00e0 vos clients soucieux de ne pas m\u00ealer linge sale et v\u00eatements propres.<\/p>\n<p>Ce sac \u00e0 linge en plastique\u00a0pour la lessive, nettoyage \u00e0 sec, est fabrique de mani\u00e8re anonyme ou personnalis\u00e9s en fonction des besoins du client.<\/p>\n<h3>Finition<\/h3>\n<p>Le\u00a0Paquet Sac \u00e0 Linge Blanc Standard 42&#215;50 cm existe en 02 finitions<\/p>\n<h5><strong>Sac \u00e0 Linge Blanc Standard BD (Basse Densit\u00e9) :<\/strong><\/h5>\n<p>Il a un aspect visuel brillant et il est souple au toucher. C&rsquo;est cette particularit\u00e9 de souplesse qui lui conf\u00e8re une plus grande r\u00e9sistance aux d\u00e9chets coupants ainsi qu&rsquo;aux d\u00e9chets lourds.<\/p>\n<h5><strong>Sac \u00e0 Linge Blanc Standard HD (Haute Densit\u00e9) :<\/strong><\/h5>\n<p>D&rsquo;aspect mat et il est reconnaissable \u00e0 son bruit de papier que l&rsquo;on froisse.<br \/>\nIl est utilis\u00e9 pour des d\u00e9chets plus courants, corbeille \u00e0 papier, mais est aussi adapt\u00e9 aux objets lourds non coupants.<\/p>\n","protected":false},"excerpt":{"rendered":"<p><span style=\"color: #008000;\"><strong>D\u00e9lais de livraison 20-25 J<\/strong><\/span><\/p>\n<p>Pratique et \u00e9l\u00e9gant et permet de transporter le linge de vos h\u00f4tes au service de blanchisserie. Un accessoire appr\u00e9ci\u00e9 de vos clients, surtout apr\u00e8s un long s\u00e9jour dans votre \u00e9tablissement.<\/p>\n<p><strong>Personnalisation sur devis<\/strong><\/p>\n","protected":false},"featured_media":21684,"comment_status":"open","ping_status":"closed","template":"","meta":[],"product_cat":[108,1097],"product_tag":[],"class_list":["post-21647","product","type-product","status-publish","has-post-thumbnail","hentry","product_cat-hygiene","product_cat-sacs-a-linge","pa_contenance-150l","pa_domaine-collectivites","pa_domaine-entreprise","pa_domaine-food","pa_domaine-hotel","pa_domaine-industrie","pa_domaine-medical"],"_links":{"self":[{"href":"https:\/\/aquatiss.com.tn\/fr\/wp-json\/wp\/v2\/product\/21647","targetHints":{"allow":["GET"]}}],"collection":[{"href":"https:\/\/aquatiss.com.tn\/fr\/wp-json\/wp\/v2\/product"}],"about":[{"href":"https:\/\/aquatiss.com.tn\/fr\/wp-json\/wp\/v2\/types\/product"}],"replies":[{"embeddable":true,"href":"https:\/\/aquatiss.com.tn\/fr\/wp-json\/wp\/v2\/comments?post=21647"}],"wp:featuredmedia":[{"embeddable":true,"href":"https:\/\/aquatiss.com.tn\/fr\/wp-json\/wp\/v2\/media\/21684"}],"wp:attachment":[{"href":"https:\/\/aquatiss.com.tn\/fr\/wp-json\/wp\/v2\/media?parent=21647"}],"wp:term":[{"taxonomy":"product_cat","embeddable":true,"href":"https:\/\/aquatiss.com.tn\/fr\/wp-json\/wp\/v2\/product_cat?post=21647"},{"taxonomy":"product_tag","embeddable":true,"href":"https:\/\/aquatiss.com.tn\/fr\/wp-json\/wp\/v2\/product_tag?post=21647"}],"curies":[{"name":"wp","href":"https:\/\/api.w.org\/{rel}","templated":true}]}}