{"id":2166,"date":"2017-01-23T11:25:49","date_gmt":"2017-01-23T10:25:49","guid":{"rendered":"http:\/\/gator4082.temp.domains\/~aquatiss\/?post_type=product&#038;p=2166"},"modified":"2017-01-23T11:47:25","modified_gmt":"2017-01-23T10:47:25","slug":"nettoyeur-professionnel-142-black-decker-370lh","status":"publish","type":"product","link":"https:\/\/aquatiss.com.tn\/fr\/produit\/nettoyeur-professionnel-142-black-decker-370lh\/","title":{"rendered":"Nettoyeur Professionnel 142 Black + Decker 370L\/H"},"content":{"rendered":"<p>Nettoyeur Professionnel 370L\/H 110BAR<br \/>\n3 pistons axiaux pompe plateau oscillant<br \/>\nTremp\u00e9 pistons en acier inoxydable<br \/>\nSoupape de s\u00e9curit\u00e9 automatique avec la pression d&rsquo;arr\u00eat \u00e0 la t\u00eate de la pompe<br \/>\nLongueur du cordon Alimentation 5m<br \/>\nContr\u00f4le \u00e0 distance pour arr\u00eat total de nettoyeur haute pression<br \/>\nFiltre \u00e0 eau<br \/>\nLance \u00e0 mousse w \/ bouteille kit<\/p>\n","protected":false},"excerpt":{"rendered":"<p>Nettoyeur Professionnel 370L\/H 110BAR<br \/>\n3 pistons axiaux pompe plateau oscillant<br \/>\nTremp\u00e9 pistons en acier inoxydable<\/p>\n","protected":false},"featured_media":2167,"comment_status":"open","ping_status":"closed","template":"","meta":[],"product_cat":[385],"product_tag":[386],"class_list":["post-2166","product","type-product","status-publish","has-post-thumbnail","hentry","product_cat-nettyoyeur","product_tag-nettoyeur","pa_domaine-entreprise","pa_domaine-food","pa_domaine-hotel","pa_domaine-industrie","pa_domaine-medical","pa_domaine-proprete"],"_links":{"self":[{"href":"https:\/\/aquatiss.com.tn\/fr\/wp-json\/wp\/v2\/product\/2166","targetHints":{"allow":["GET"]}}],"collection":[{"href":"https:\/\/aquatiss.com.tn\/fr\/wp-json\/wp\/v2\/product"}],"about":[{"href":"https:\/\/aquatiss.com.tn\/fr\/wp-json\/wp\/v2\/types\/product"}],"replies":[{"embeddable":true,"href":"https:\/\/aquatiss.com.tn\/fr\/wp-json\/wp\/v2\/comments?post=2166"}],"wp:featuredmedia":[{"embeddable":true,"href":"https:\/\/aquatiss.com.tn\/fr\/wp-json\/wp\/v2\/media\/2167"}],"wp:attachment":[{"href":"https:\/\/aquatiss.com.tn\/fr\/wp-json\/wp\/v2\/media?parent=2166"}],"wp:term":[{"taxonomy":"product_cat","embeddable":true,"href":"https:\/\/aquatiss.com.tn\/fr\/wp-json\/wp\/v2\/product_cat?post=2166"},{"taxonomy":"product_tag","embeddable":true,"href":"https:\/\/aquatiss.com.tn\/fr\/wp-json\/wp\/v2\/product_tag?post=2166"}],"curies":[{"name":"wp","href":"https:\/\/api.w.org\/{rel}","templated":true}]}}