{"id":2169,"date":"2017-01-23T11:45:42","date_gmt":"2017-01-23T10:45:42","guid":{"rendered":"http:\/\/gator4082.temp.domains\/~aquatiss\/?post_type=product&#038;p=2169"},"modified":"2017-01-23T11:45:42","modified_gmt":"2017-01-23T10:45:42","slug":"defroisseur-vapeur-tefal-is6300-d3","status":"publish","type":"product","link":"https:\/\/aquatiss.com.tn\/fr\/produit\/defroisseur-vapeur-tefal-is6300-d3\/","title":{"rendered":"D\u00e9froisseur vapeur Tefal IS6300 D3"},"content":{"rendered":"<p>D\u00e9froisseur vertical pour un d\u00e9froissage rapide et efficace<br \/>\nGr\u00e2ce \u00e0 son m\u00e2t t\u00e9lescopique, son valet int\u00e9gr\u00e9 et ses commandes au pied, Compact Valet offre un grand confort d\u2019utilisation.<br \/>\nAvec une puissance de 1500 W, c\u2019est un produit performant et ultra compact, pour un d\u00e9froissage rapide et efficace.<br \/>\nSes accessoires permettent de varier les usages.<br \/>\nPratique, pour le rangement vous disposez d&rsquo;un crochet et d&rsquo;un Velcro.<br \/>\nG\u00e9n\u00e9rateur vapeur<br \/>\nR\u00e9servoir amovible<br \/>\n Glissi\u00e8re range cordon vapeur<br \/>\nPoign\u00e9e Soft Touch<br \/>\nRoues int\u00e9gr\u00e9es<br \/>\n Support de suspension int\u00e9gr\u00e9<br \/>\n M\u00e2t t\u00e9lescopique<br \/>\n Commandes \u00e0 p\u00e9dale<br \/>\n Logement pour fil<\/p>\n","protected":false},"excerpt":{"rendered":"<p>D\u00e9froisseur vertical<br \/>\nUn d\u00e9froissage rapide et efficace<br \/>\nPuissance de 1500 W<br \/>\nSes accessoires permettent de varier les usages<\/p>\n","protected":false},"featured_media":2171,"comment_status":"open","ping_status":"closed","template":"","meta":[],"product_cat":[106],"product_tag":[],"class_list":["post-2169","product","type-product","status-publish","has-post-thumbnail","hentry","product_cat-aspirateurs","pa_domaine-entreprise","pa_domaine-food","pa_domaine-hotel","pa_domaine-industrie","pa_domaine-medical","pa_domaine-proprete"],"_links":{"self":[{"href":"https:\/\/aquatiss.com.tn\/fr\/wp-json\/wp\/v2\/product\/2169","targetHints":{"allow":["GET"]}}],"collection":[{"href":"https:\/\/aquatiss.com.tn\/fr\/wp-json\/wp\/v2\/product"}],"about":[{"href":"https:\/\/aquatiss.com.tn\/fr\/wp-json\/wp\/v2\/types\/product"}],"replies":[{"embeddable":true,"href":"https:\/\/aquatiss.com.tn\/fr\/wp-json\/wp\/v2\/comments?post=2169"}],"wp:featuredmedia":[{"embeddable":true,"href":"https:\/\/aquatiss.com.tn\/fr\/wp-json\/wp\/v2\/media\/2171"}],"wp:attachment":[{"href":"https:\/\/aquatiss.com.tn\/fr\/wp-json\/wp\/v2\/media?parent=2169"}],"wp:term":[{"taxonomy":"product_cat","embeddable":true,"href":"https:\/\/aquatiss.com.tn\/fr\/wp-json\/wp\/v2\/product_cat?post=2169"},{"taxonomy":"product_tag","embeddable":true,"href":"https:\/\/aquatiss.com.tn\/fr\/wp-json\/wp\/v2\/product_tag?post=2169"}],"curies":[{"name":"wp","href":"https:\/\/api.w.org\/{rel}","templated":true}]}}