{"id":2187,"date":"2017-01-25T14:18:25","date_gmt":"2017-01-25T13:18:25","guid":{"rendered":"http:\/\/gator4082.temp.domains\/~aquatiss\/?post_type=product&#038;p=2187"},"modified":"2017-01-25T15:44:57","modified_gmt":"2017-01-25T14:44:57","slug":"aspirateur-industriel-poussiere-monophase-delfin-202-ds","status":"publish","type":"product","link":"https:\/\/aquatiss.com.tn\/fr\/produit\/aspirateur-industriel-poussiere-monophase-delfin-202-ds\/","title":{"rendered":"ASPIRATEUR INDUSTRIEL POUSSIERE MONOPHASE DELFIN &#8211; 202 DS"},"content":{"rendered":"<p>ASPIRATEUR INDUSTRIEL POUSSI\u00c8RE MONOPHAS\u00c9 DELFIN -202 DS<br \/>\nFiltre en cartouche de grande capacit\u00e9 et appropri\u00e9 aux poussi\u00e8res tr\u00e8s fines<br \/>\nSyst\u00e8me de d\u00e9colmatage du filtre par l&rsquo;ext\u00e9rieur<br \/>\nCuve d\u00e9tachable et structure enti\u00e8rement en acier peint \u00e9poxy<\/p>\n<p><strong>Accessoires:<\/strong><br \/>\n-Flexible complet<br \/>\n-Brosse ronde<br \/>\n-Embouchure plate<br \/>\n-Tube en \u00ab\u00a0S\u00a0\u00bb x 2<br \/>\n-Embouchure \u00e0 poussi\u00e8re<\/p>\n","protected":false},"excerpt":{"rendered":"<p>ASPIRATEUR INDUSTRIEL POUSSI\u00c8RE<br \/>\nFiltre en cartouche de grande capacit\u00e9<br \/>\nSyst\u00e8me de d\u00e9colmatage du filtre par l&#039;ext\u00e9rieur<\/p>\n","protected":false},"featured_media":2189,"comment_status":"open","ping_status":"closed","template":"","meta":[],"product_cat":[106,369,108],"product_tag":[371],"class_list":["post-2187","product","type-product","status-publish","has-post-thumbnail","hentry","product_cat-aspirateurs","product_cat-aspirateurs-industriels","product_cat-hygiene","product_tag-aspirateurs","pa_domaine-entreprise","pa_domaine-industrie","pa_domaine-proprete"],"_links":{"self":[{"href":"https:\/\/aquatiss.com.tn\/fr\/wp-json\/wp\/v2\/product\/2187","targetHints":{"allow":["GET"]}}],"collection":[{"href":"https:\/\/aquatiss.com.tn\/fr\/wp-json\/wp\/v2\/product"}],"about":[{"href":"https:\/\/aquatiss.com.tn\/fr\/wp-json\/wp\/v2\/types\/product"}],"replies":[{"embeddable":true,"href":"https:\/\/aquatiss.com.tn\/fr\/wp-json\/wp\/v2\/comments?post=2187"}],"wp:featuredmedia":[{"embeddable":true,"href":"https:\/\/aquatiss.com.tn\/fr\/wp-json\/wp\/v2\/media\/2189"}],"wp:attachment":[{"href":"https:\/\/aquatiss.com.tn\/fr\/wp-json\/wp\/v2\/media?parent=2187"}],"wp:term":[{"taxonomy":"product_cat","embeddable":true,"href":"https:\/\/aquatiss.com.tn\/fr\/wp-json\/wp\/v2\/product_cat?post=2187"},{"taxonomy":"product_tag","embeddable":true,"href":"https:\/\/aquatiss.com.tn\/fr\/wp-json\/wp\/v2\/product_tag?post=2187"}],"curies":[{"name":"wp","href":"https:\/\/api.w.org\/{rel}","templated":true}]}}