{"id":21982,"date":"2020-02-07T16:59:04","date_gmt":"2020-02-07T16:59:04","guid":{"rendered":"http:\/\/gator4082.temp.domains\/~aquatiss\/?post_type=product&#038;p=21982"},"modified":"2020-02-09T14:01:21","modified_gmt":"2020-02-09T14:01:21","slug":"moulin-cafe-cunill-marfil-abs-2kg","status":"publish","type":"product","link":"https:\/\/aquatiss.com.tn\/fr\/produit\/moulin-cafe-cunill-marfil-abs-2kg\/","title":{"rendered":"Moulin caf\u00e9 Cunill Marfil ABS 2KG"},"content":{"rendered":"<p>Moulin caf\u00e9 Cunill Marfil ABS 2KG<\/p>\n<p>Capacit\u00e9 de doseur 600 G<\/p>\n<p>&nbsp;<\/p>\n<p>Tr\u00e9mie en mat\u00e9riau incassable et ind\u00e9formable, avec fixation rapide et auto-nivellement lors de la sortie du broyeur, avec double cou et adapt\u00e9 pour le nettoyage dans un lave-vaisselle \u00e0 90 \u00b0 c.<\/p>\n<p>Le tamper de caf\u00e9 universel incorpor\u00e9 sur les moulins est con\u00e7u pour avoir une plus grande facilit\u00e9 et la flexibilit\u00e9 \u00e0 changer sans outil.<\/p>\n<p>Le bourreur peut \u00eatre chang\u00e9 pour r\u00e9pondre \u00e0 vos besoins juste en ajustant le support central.<\/p>\n<p>Syst\u00e8me innovant d&rsquo;\u00e9conomie de joint qui emp\u00eache la perte de caf\u00e9 lorsque le produit est collect\u00e9, et en m\u00eame temps emp\u00eache la d\u00e9gradation des joints du groupe machine \u00e0 caf\u00e9.<\/p>\n<p>Le levier doseur a un design ergonomique qui est mieux adapt\u00e9 \u00e0 la main et peut \u00eatre install\u00e9 \u00e0 gauche- main ou droitier selon les besoins.<\/p>\n<p>Les meuleuses Cunill sont les seules sur le march\u00e9 avec la possibilit\u00e9 de double marquage de la marque de commerce. Ils peuvent \u00eatre personnalis\u00e9s \u00e0 l&rsquo;avant du doseur et \u00e0 l&rsquo;arri\u00e8re du broyeur.<\/p>\n<p>&nbsp;<\/p>\n<h5>Caract\u00e9ristiques<\/h5>\n<p>Vitesse de rotation:\u00a0 \u00a0 \u00a0 \u00a0 \u00a0 \u00a0 \u00a0 \u00a0 \u00a0 \u00a0 \u00a0 \u00a0 \u00a0 \u00a0 \u00a01.600 trm<br \/>\nAmp\u00e9rage :\u00a0 \u00a0 \u00a0 \u00a0 \u00a0 \u00a0 \u00a0 \u00a0 \u00a0 \u00a0 \u00a0 \u00a0 \u00a0 \u00a0 \u00a0 \u00a0 \u00a0 \u00a0 \u00a0 \u00a0 \u00a0 1,75 A \/ 3,7 A<br \/>\nCondensateur:\u00a0 \u00a0 \u00a0 \u00a0 \u00a0 \u00a0 \u00a0 \u00a0 \u00a0 \u00a0 \u00a0 \u00a0 \u00a0 \u00a0 \u00a0 \u00a0 \u00a0 \u00a0 \u00a0 10nf \/ 40nf<br \/>\nPuissance :\u00a0 \u00a0 \u00a0 \u00a0 \u00a0 \u00a0 \u00a0 \u00a0 \u00a0 \u00a0 \u00a0 \u00a0 \u00a0 \u00a0 \u00a0 \u00a0 \u00a0 \u00a0 \u00a0 \u00a0 \u00a0 \u00a0356W<br \/>\nVoltage :\u00a0 \u00a0 \u00a0 \u00a0 \u00a0 \u00a0 \u00a0 \u00a0 \u00a0 \u00a0 \u00a0 \u00a0 \u00a0 \u00a0 \u00a0 \u00a0 \u00a0 \u00a0 \u00a0 \u00a0 \u00a0 \u00a0 \u00a0 \u00a0 230 V\/220 V<br \/>\nFr\u00e9quence\u00a0 \u00a0 \u00a0 \u00a0 \u00a0 \u00a0 \u00a0 \u00a0 \u00a0 \u00a0 \u00a0 \u00a0 \u00a0 \u00a0 \u00a0 \u00a0 \u00a0 \u00a0 \u00a0 \u00a0 \u00a0 \u00a0 50Hz \/ 60Hz<br \/>\nMoteur:\u00a0 \u00a0 \u00a0 \u00a0 \u00a0 \u00a0 \u00a0 \u00a0 \u00a0 \u00a0 \u00a0 \u00a0 \u00a0 \u00a0 \u00a0 \u00a0 \u00a0 \u00a0 \u00a0 \u00a0 \u00a0 \u00a0 \u00a0 \u00a0 monophas\u00e9<br \/>\nIndice de protection:\u00a0 \u00a0 \u00a0 \u00a0 \u00a0 \u00a0 \u00a0 \u00a0 \u00a0 \u00a0 \u00a0 \u00a0 \u00a0IP21<\/p>\n<p>Moteur fourni avec protection thermique.<br \/>\nTemps de fonctionnement maximum: 30 min.<br \/>\nMeule d&rsquo;acier tremp\u00e9 (62HRc) diam\u00e8tre 60 mm<br \/>\nDur\u00e9e de vie des meules: 500 Kg<br \/>\nR\u00e9gulation doseuse: 5 \/ 12 gr<br \/>\nStop \/ start version standard: manuel<br \/>\nPoids: 9 Kg<br \/>\nBruit d&rsquo;air: 77 dB<\/p>\n<p>&nbsp;<\/p>\n","protected":false},"excerpt":{"rendered":"<p>D\u00e9couvrez le Moulin caf\u00e9 Cunill Marfil ABS 2KG ,\u00a0\u00a0 \u00a0Cunill forte exp\u00e9rience dans la conception de moulin \u00e0 caf\u00e9\u00a0Depuis 1957<\/p>\n","protected":false},"featured_media":21992,"comment_status":"open","ping_status":"closed","template":"","meta":[],"product_cat":[2016],"product_tag":[],"class_list":["post-21982","product","type-product","status-publish","has-post-thumbnail","hentry","product_cat-moulin-a-cafe"],"_links":{"self":[{"href":"https:\/\/aquatiss.com.tn\/fr\/wp-json\/wp\/v2\/product\/21982","targetHints":{"allow":["GET"]}}],"collection":[{"href":"https:\/\/aquatiss.com.tn\/fr\/wp-json\/wp\/v2\/product"}],"about":[{"href":"https:\/\/aquatiss.com.tn\/fr\/wp-json\/wp\/v2\/types\/product"}],"replies":[{"embeddable":true,"href":"https:\/\/aquatiss.com.tn\/fr\/wp-json\/wp\/v2\/comments?post=21982"}],"wp:featuredmedia":[{"embeddable":true,"href":"https:\/\/aquatiss.com.tn\/fr\/wp-json\/wp\/v2\/media\/21992"}],"wp:attachment":[{"href":"https:\/\/aquatiss.com.tn\/fr\/wp-json\/wp\/v2\/media?parent=21982"}],"wp:term":[{"taxonomy":"product_cat","embeddable":true,"href":"https:\/\/aquatiss.com.tn\/fr\/wp-json\/wp\/v2\/product_cat?post=21982"},{"taxonomy":"product_tag","embeddable":true,"href":"https:\/\/aquatiss.com.tn\/fr\/wp-json\/wp\/v2\/product_tag?post=21982"}],"curies":[{"name":"wp","href":"https:\/\/api.w.org\/{rel}","templated":true}]}}