{"id":21983,"date":"2020-02-07T16:58:58","date_gmt":"2020-02-07T16:58:58","guid":{"rendered":"http:\/\/gator4082.temp.domains\/~aquatiss\/?post_type=product&#038;p=21983"},"modified":"2020-02-09T14:24:42","modified_gmt":"2020-02-09T14:24:42","slug":"moulin-cafe-cunill-instatane-avec-tremie-2kg","status":"publish","type":"product","link":"https:\/\/aquatiss.com.tn\/fr\/produit\/moulin-cafe-cunill-instatane-avec-tremie-2kg\/","title":{"rendered":"Moulin caf\u00e9 Cunill Instatane Avec Tremie 2KG"},"content":{"rendered":"<p>Moulin caf\u00e9 Cunill Instatane Avec Tremie 2KG<\/p>\n<p>Le moulin \u00e0 caf\u00e9\u00a0Cunill Instatane Avec Tremie 2KG est fabriqu\u00e9 suivant les plus stricts contr\u00f4les de qualit\u00e9 et il a \u00e9t\u00e9 con\u00e7u en appliquant les principes<br \/>\nde l\u2019ergonomie pour que vous n\u2019ayez aucune\u00a0 difficult\u00e9 lors de son emploi et pour qu\u2019il rende votre travail commode et s\u00fbr.<\/p>\n<h5>Caract\u00e9ristiques Techniques<\/h5>\n<p>&#8211; 1.300 \/ 1.600Rpm<br \/>\n&#8211; 1,75A \/ 3,7A<br \/>\n&#8211; Condensateur: 10nf \/ 40nf<br \/>\n&#8211; 0,20Hp \/ 356W<br \/>\n&#8211; 230V\/220V\/110V<br \/>\n&#8211; 50Hz \/ 60Hz<br \/>\n&#8211; 1 PH (monophas\u00e9)<br \/>\n&#8211; Indice de protection: IP21<br \/>\n&#8211; Moteur fourni avec protection thermique.<br \/>\n&#8211; Temps de fonctionnement maximum: 30 min.<br \/>\n&#8211; Meule d&rsquo;acier tremp\u00e9 (62HRc) diam\u00e8tre 60mm<br \/>\n&#8211; Dur\u00e9e de vie des meules: 500Kg<br \/>\n&#8211; R\u00e9gulation doseuse: 5 \/ 12gr<br \/>\n&#8211; Stop \/ start version standard: manuel<br \/>\n&#8211; Poids: 9Kg<br \/>\n&#8211; Bruit d&rsquo;air: 77dB<\/p>\n","protected":false},"excerpt":{"rendered":"<p><strong>id\u00e9al pour obtenir un caf\u00e9 fra\u00eechement moulu<\/strong><\/p>\n<p>depuis 1957 Les moulins \u00e0 caf\u00e9 CUNILL sont con\u00e7us pour offrir un service s\u00fbr, durable et fiable<\/p>\n<p><span style=\"color: #ff0000;\"><strong>Garantie 1 ans<\/strong><\/span><\/p>\n","protected":false},"featured_media":21992,"comment_status":"open","ping_status":"closed","template":"","meta":[],"product_cat":[2016],"product_tag":[],"class_list":["post-21983","product","type-product","status-publish","has-post-thumbnail","hentry","product_cat-moulin-a-cafe"],"_links":{"self":[{"href":"https:\/\/aquatiss.com.tn\/fr\/wp-json\/wp\/v2\/product\/21983","targetHints":{"allow":["GET"]}}],"collection":[{"href":"https:\/\/aquatiss.com.tn\/fr\/wp-json\/wp\/v2\/product"}],"about":[{"href":"https:\/\/aquatiss.com.tn\/fr\/wp-json\/wp\/v2\/types\/product"}],"replies":[{"embeddable":true,"href":"https:\/\/aquatiss.com.tn\/fr\/wp-json\/wp\/v2\/comments?post=21983"}],"wp:featuredmedia":[{"embeddable":true,"href":"https:\/\/aquatiss.com.tn\/fr\/wp-json\/wp\/v2\/media\/21992"}],"wp:attachment":[{"href":"https:\/\/aquatiss.com.tn\/fr\/wp-json\/wp\/v2\/media?parent=21983"}],"wp:term":[{"taxonomy":"product_cat","embeddable":true,"href":"https:\/\/aquatiss.com.tn\/fr\/wp-json\/wp\/v2\/product_cat?post=21983"},{"taxonomy":"product_tag","embeddable":true,"href":"https:\/\/aquatiss.com.tn\/fr\/wp-json\/wp\/v2\/product_tag?post=21983"}],"curies":[{"name":"wp","href":"https:\/\/api.w.org\/{rel}","templated":true}]}}