{"id":21988,"date":"2019-10-07T15:22:35","date_gmt":"2019-10-07T15:22:35","guid":{"rendered":"http:\/\/gator4082.temp.domains\/~aquatiss\/?post_type=product&#038;p=21988"},"modified":"2020-02-07T17:00:24","modified_gmt":"2020-02-07T17:00:24","slug":"moulin-cafe-cunill-abs-avec-tremie-2kg-tranquilo-ii","status":"publish","type":"product","link":"https:\/\/aquatiss.com.tn\/fr\/produit\/moulin-cafe-cunill-abs-avec-tremie-2kg-tranquilo-ii\/","title":{"rendered":"Moulin caf\u00e9 Cunill ABS Avec Tremie 2KG Tranquilo II"},"content":{"rendered":"<p>Moulin caf\u00e9 Cunill ABS Avec Tremie 2KG Tranquilo II<\/p>\n<p>La tr\u00e9mie (1 \\\/2kg) a fait du mat\u00e9riel incassable et non-d\u00e9formable (co.polyester), avec le syst\u00e8me rapide de serrure et auto-niveler quand outre de la broyeur de caf\u00e9, avec la possibilit\u00e9 de nettoyage dans un lave-vaisselle au r\u00e8glement microm\u00e9trique de 90 \u00b0C. du morcellement de caf\u00e9 utilisant un cliquet de r\u00e9glementation. Nouveau syst\u00e8me d&rsquo;expulsion pour le caf\u00e8 moulu (laissant toujours la cavit\u00e9 de meulage propre quand les arr\u00eats de broyeur de caf\u00e9). Carrosserie construite en mat\u00e9riel d&rsquo;anti-\u00e9raflure, dans une d&rsquo;une seule pi\u00e8ce (moins de vibrations, plus de robustesse). Avec le syst\u00e8me de ventilation (entr\u00e9e et d\u00e9bouch\u00e9 d&rsquo;air internes). Plateau int\u00e9gr\u00e9 dans la carrosserie. doseur Simple-bodied et herm\u00e9tiquement scell\u00e9 sans perte d&rsquo;arome, vibrationless et fait du mat\u00e9riel incassable. Poign\u00e9e ergonomique. Bourreur universel de caf\u00e9 (rotatif). Doseur \u00e9quip\u00e9 du garniture-\u00e9pargnant (positionneur de portafilter).<\/p>\n","protected":false},"excerpt":{"rendered":"<p>Dimension : 170x340x410<\/p>\n<p>Capacite de Tremie 1\/2KG<\/p>\n<p>Capacite de doseur 500GR<\/p>\n","protected":false},"featured_media":22018,"comment_status":"open","ping_status":"closed","template":"","meta":[],"product_cat":[2016],"product_tag":[2010],"class_list":["post-21988","product","type-product","status-publish","has-post-thumbnail","hentry","product_cat-moulin-a-cafe","product_tag-moulin-a-cafe"],"_links":{"self":[{"href":"https:\/\/aquatiss.com.tn\/fr\/wp-json\/wp\/v2\/product\/21988","targetHints":{"allow":["GET"]}}],"collection":[{"href":"https:\/\/aquatiss.com.tn\/fr\/wp-json\/wp\/v2\/product"}],"about":[{"href":"https:\/\/aquatiss.com.tn\/fr\/wp-json\/wp\/v2\/types\/product"}],"replies":[{"embeddable":true,"href":"https:\/\/aquatiss.com.tn\/fr\/wp-json\/wp\/v2\/comments?post=21988"}],"wp:featuredmedia":[{"embeddable":true,"href":"https:\/\/aquatiss.com.tn\/fr\/wp-json\/wp\/v2\/media\/22018"}],"wp:attachment":[{"href":"https:\/\/aquatiss.com.tn\/fr\/wp-json\/wp\/v2\/media?parent=21988"}],"wp:term":[{"taxonomy":"product_cat","embeddable":true,"href":"https:\/\/aquatiss.com.tn\/fr\/wp-json\/wp\/v2\/product_cat?post=21988"},{"taxonomy":"product_tag","embeddable":true,"href":"https:\/\/aquatiss.com.tn\/fr\/wp-json\/wp\/v2\/product_tag?post=21988"}],"curies":[{"name":"wp","href":"https:\/\/api.w.org\/{rel}","templated":true}]}}