{"id":21990,"date":"2019-10-10T15:01:06","date_gmt":"2019-10-10T15:01:06","guid":{"rendered":"http:\/\/gator4082.temp.domains\/~aquatiss\/?post_type=product&#038;p=21990"},"modified":"2025-06-28T07:58:09","modified_gmt":"2025-06-28T07:58:09","slug":"moulin-cafe-cunil-marfil-inox-2kg","status":"publish","type":"product","link":"https:\/\/aquatiss.com.tn\/fr\/produit\/moulin-cafe-cunil-marfil-inox-2kg\/","title":{"rendered":"Moulin caf\u00e9 CUNIL MARFIL inox 2kg"},"content":{"rendered":"<p>Moulin caf\u00e9 CUNIL MARFIL inox 2kg<br \/>\nLe moulin \u00e0 grains de caf\u00e9 Cunill Marfil est id\u00e9al pour moudre de grandes quantit\u00e9s de caf\u00e9 frais. Le moulin \u00e0 caf\u00e9 commercial Marfil est id\u00e9al<br \/>\npour \u00eatre utilis\u00e9 avec une <a href=\"http:\/\/gator4082.temp.domains\/~aquatiss\/?post_type=product&amp;s=conti&amp;asp_active=1&amp;p_asid=1&amp;p_asp_data=Y3VycmVudF9wYWdlX2lkPTIxOTkwJndvb19jdXJyZW5jeT1UTkQmcXRyYW5zbGF0ZV9sYW5nPTAmYXNwX2dlbiU1QiU1RD10aXRsZSZhc3BfZ2VuJTVCJTVEPWNvbnRlbnQmYXNwX2dlbiU1QiU1RD1leGNlcnB0JmN1c3RvbXNldCU1QiU1RD1wcm9kdWN0\">machine \u00e0 caf\u00e9 traditionnelle<\/a> afin d&rsquo;am\u00e9liorer le go\u00fbt et la rapidit\u00e9 de pr\u00e9paration du caf\u00e9.<\/p>\n<pre class=\"tw-data-text tw-text-large tw-ta\" dir=\"ltr\" data-placeholder=\"Traduction\"><span lang=\"fr\" style=\"font-family: arial, helvetica, sans-serif; font-size: 12pt;\" tabindex=\"0\">Tr\u00e9mie 2 kg en mat\u00e9riau incassable et ind\u00e9formable (polyester), avec syst\u00e8me de verrouillage rapide et nivellement \r\nautomatique lorsque le moulin \u00e0 caf\u00e9 est \u00e0 l'arr\u00eat, avec possibilit\u00e9 de nettoyage au lave-vaisselle \u00e0 90 \u00b0 C.\r\nPar ailleurs le moulin \u00e0 grains de caf\u00e9 Cunill Marfil R\u00e9gulation microm\u00e9trique de la mouture de caf\u00e9 \u00e0 l'aide d'un cliquet r\u00e9glementaire.<\/span><\/pre>\n<p>Carrosserie en acier inoxydable avec syst\u00e8me de ventilation (entr\u00e9e et sortie d&rsquo;air internes). Grand plateau int\u00e9gr\u00e9 au corps, pr\u00eat \u00e0 recevoir des coups (porte-filtre). Doseur monocomposant, herm\u00e9tiquement scell\u00e9 sans perte d&rsquo;ar\u00f4me, sans vibration et en mat\u00e9riau incassable. Poign\u00e9e ergonomique. Entassement \u00e0 caf\u00e9 universel (rotatif). Doseur \u00e9quip\u00e9 d\u2019un \u00e9conomiseur de joint (positionnement de porte-filtre). Lames de meulage en acier tremp\u00e9 (62\/65 HRc) de 60 mm de diam\u00e8tre.<\/p>\n<h4><strong>Ce qu\u2019il faut savoir\u00a0:<\/strong><\/h4>\n<p>R\u00e9gulation microm\u00e9trique de la grille de caf\u00e9 \u00e0 l&rsquo;aide d&rsquo;un cliquet r\u00e9glementaire.<br \/>\nNouveau syst\u00e8me d&rsquo;expulsion pour le caf\u00e9 moulu (laissant toujours la cavit\u00e9 de broyage propre lorsque le broyeur de caf\u00e9 s&rsquo;arr\u00eate).<br \/>\nCarrosserie en acier inoxydable, avec syst\u00e8me de ventilation (entr\u00e9e et sortie d&rsquo;air internes).<br \/>\nGrand plateau int\u00e9gr\u00e9 dans le corps, pr\u00eat \u00e0 prendre des coups (porte-filtre).<br \/>\nDoseur herm\u00e9tiquement scell\u00e9, sans perte d&rsquo;ar\u00f4me, sans vibration et incassable.<br \/>\nPoign\u00e9e ergonomique.<br \/>\nTasseur universel pour le caf\u00e9 (rotatif).<br \/>\nDoseur \u00e9quip\u00e9 d&rsquo;un compensateur d&rsquo;\u00e9tanch\u00e9it\u00e9 (positionneur portable).<br \/>\nLames de meulage en acier tremp\u00e9 (62\/65 HRc) de 60 mm de diam\u00e8tre.<\/p>\n<p>&nbsp;<\/p>\n<h4>Caract\u00e9ristiques<\/h4>\n<p>Hauteur: 610 mm Longueur:355 mm Largeur:210 mm<br \/>\nPoids: 15 Kg<br \/>\nNombre de moteurs: 1<br \/>\nVoltage: 230 v &#8211; 110 v<br \/>\nFr\u00e9quence : 50 Hz &#8211; 60 Hz<br \/>\nPhases:1(monophas\u00e9)<br \/>\nIntensit\u00e9: 1,80 A &#8211; 3,7 A<br \/>\nPuissance:0,18\/352<br \/>\nVitesse:1300-1650<br \/>\nDegr\u00e9 de protection: IP 21<br \/>\nTemps maximum en service continu : 30 min.<br \/>\nMoteur \u00e9quip\u00e9 de protecteur thermique<br \/>\nMeules en acier tremp\u00e9 de 60 mm<br \/>\nDur\u00e9e des meules: 500 kg caf\u00e9 en grains.<br \/>\nCapacit\u00e9 tr\u00e9mie: 2 Kg.<br \/>\nCapacit\u00e9 doseur: 600 Gr.<br \/>\nR\u00e9glage doseur: 5 Gr &#8211; 12 Gr.<br \/>\nTemps minimum en repos: 10 min.<\/p>\n","protected":false},"excerpt":{"rendered":"<p>Le moulin \u00e0 grains de caf\u00e9 Cunill Marfil est id\u00e9al pour moudre de grandes quantit\u00e9s de caf\u00e9 frais<br \/>\nid\u00e9al pour \u00eatre utilis\u00e9 avec une machine \u00e0 caf\u00e9 traditionnelle afin d&rsquo;am\u00e9liorer le go\u00fbt et la rapidit\u00e9 de pr\u00e9paration du caf\u00e9<\/p>\n","protected":false},"featured_media":21992,"comment_status":"open","ping_status":"closed","template":"","meta":[],"product_cat":[1990,2016],"product_tag":[],"class_list":["post-21990","product","type-product","status-publish","has-post-thumbnail","hentry","product_cat-moulin","product_cat-moulin-a-cafe"],"_links":{"self":[{"href":"https:\/\/aquatiss.com.tn\/fr\/wp-json\/wp\/v2\/product\/21990","targetHints":{"allow":["GET"]}}],"collection":[{"href":"https:\/\/aquatiss.com.tn\/fr\/wp-json\/wp\/v2\/product"}],"about":[{"href":"https:\/\/aquatiss.com.tn\/fr\/wp-json\/wp\/v2\/types\/product"}],"replies":[{"embeddable":true,"href":"https:\/\/aquatiss.com.tn\/fr\/wp-json\/wp\/v2\/comments?post=21990"}],"wp:featuredmedia":[{"embeddable":true,"href":"https:\/\/aquatiss.com.tn\/fr\/wp-json\/wp\/v2\/media\/21992"}],"wp:attachment":[{"href":"https:\/\/aquatiss.com.tn\/fr\/wp-json\/wp\/v2\/media?parent=21990"}],"wp:term":[{"taxonomy":"product_cat","embeddable":true,"href":"https:\/\/aquatiss.com.tn\/fr\/wp-json\/wp\/v2\/product_cat?post=21990"},{"taxonomy":"product_tag","embeddable":true,"href":"https:\/\/aquatiss.com.tn\/fr\/wp-json\/wp\/v2\/product_tag?post=21990"}],"curies":[{"name":"wp","href":"https:\/\/api.w.org\/{rel}","templated":true}]}}