{"id":2203,"date":"2017-01-25T16:22:48","date_gmt":"2017-01-25T15:22:48","guid":{"rendered":"http:\/\/gator4082.temp.domains\/~aquatiss\/produit\/aspirateur-industriel-eau-poussiere-monophase-delfin-dm3el-100\/"},"modified":"2021-10-14T13:30:56","modified_gmt":"2021-10-14T13:30:56","slug":"aspirateur-industriel-eau-poussiere-monophase-delfin-dm3el-100","status":"publish","type":"product","link":"https:\/\/aquatiss.com.tn\/fr\/produit\/aspirateur-industriel-eau-poussiere-monophase-delfin-dm3el-100\/","title":{"rendered":"ASPIRATEUR INDUSTRIEL EAU ET POUSSI\u00c8RE MONOPHASE DELFIN &#8211; DM3\/EL 100"},"content":{"rendered":"<p>ASPIRATEUR INDUSTRIEL POUSSI\u00c8RE MONOPHAS\u00c9 DELFIN -DM3\/EL 100<br \/>\nFiltre de grande capacit\u00e9 et appropri\u00e9 aux poussi\u00e8res fines et abrasives<br \/>\nIndicateur de colmatage du filtre<br \/>\nSyst\u00e8me de d\u00e9colmatage du filtre par l&rsquo;ext\u00e9rieur<br \/>\nCuve d\u00e9tachable et structure enti\u00e8rement en acier peint \u00e9poxy<\/p>\n<p><strong>Option:<\/strong><br \/>\n-Flexible complet 3M<br \/>\n-Brosse ronde<br \/>\n-Embouchure plate<br \/>\n-R\u00e9duction 80\/50<br \/>\n-Tube en \u00ab\u00a0S\u00a0\u00bb<br \/>\n-Embouchure \u00e0 roulette<\/p>\n","protected":false},"excerpt":{"rendered":"<p>ASPIRATEUR INDUSTRIEL POUSSI\u00c8RE<br \/>\nFiltre de grande capacit\u00e9<br \/>\nSyst\u00e8me de d\u00e9colmatage du filtre par l&#039;ext\u00e9rieur<br \/>\nIndicateur de colmatage du filtre<\/p>\n","protected":false},"featured_media":2206,"comment_status":"open","ping_status":"closed","template":"","meta":[],"product_cat":[106,369,108],"product_tag":[371],"class_list":["post-2203","product","type-product","status-publish","has-post-thumbnail","hentry","product_cat-aspirateurs","product_cat-aspirateurs-industriels","product_cat-hygiene","product_tag-aspirateurs","pa_domaine-entreprise","pa_domaine-industrie","pa_domaine-proprete"],"_links":{"self":[{"href":"https:\/\/aquatiss.com.tn\/fr\/wp-json\/wp\/v2\/product\/2203","targetHints":{"allow":["GET"]}}],"collection":[{"href":"https:\/\/aquatiss.com.tn\/fr\/wp-json\/wp\/v2\/product"}],"about":[{"href":"https:\/\/aquatiss.com.tn\/fr\/wp-json\/wp\/v2\/types\/product"}],"replies":[{"embeddable":true,"href":"https:\/\/aquatiss.com.tn\/fr\/wp-json\/wp\/v2\/comments?post=2203"}],"wp:featuredmedia":[{"embeddable":true,"href":"https:\/\/aquatiss.com.tn\/fr\/wp-json\/wp\/v2\/media\/2206"}],"wp:attachment":[{"href":"https:\/\/aquatiss.com.tn\/fr\/wp-json\/wp\/v2\/media?parent=2203"}],"wp:term":[{"taxonomy":"product_cat","embeddable":true,"href":"https:\/\/aquatiss.com.tn\/fr\/wp-json\/wp\/v2\/product_cat?post=2203"},{"taxonomy":"product_tag","embeddable":true,"href":"https:\/\/aquatiss.com.tn\/fr\/wp-json\/wp\/v2\/product_tag?post=2203"}],"curies":[{"name":"wp","href":"https:\/\/api.w.org\/{rel}","templated":true}]}}