{"id":2209,"date":"2017-01-26T11:48:04","date_gmt":"2017-01-26T10:48:04","guid":{"rendered":"http:\/\/gator4082.temp.domains\/~aquatiss\/?post_type=product&#038;p=2209"},"modified":"2017-01-26T11:54:24","modified_gmt":"2017-01-26T10:54:24","slug":"aspirateur-industriel-triphase-delfin-dg-70-exp","status":"publish","type":"product","link":"https:\/\/aquatiss.com.tn\/fr\/produit\/aspirateur-industriel-triphase-delfin-dg-70-exp\/","title":{"rendered":"Aspirateur Industriel Triphas\u00e9 DELFIN  DG 70 EXP"},"content":{"rendered":"<p>Aspirateur Industriel Triphas\u00e9<br \/>\nFiltre de grande capacit\u00e9 appropri\u00e9 aux poussi\u00e8res tr\u00e8s fines et abrasives 3m\u00b2 et 1\u00b5<br \/>\nSoufflante \u00e0 canal lat\u00e9ral accoupl\u00e9e directement au moteur \u00e9lectrique<br \/>\nSyst\u00e8me de secouage du filtre par l\u2019ext\u00e9rieur<br \/>\nStructure enti\u00e8rement en acier peint epoxy<br \/>\n<strong>En option accessoires en Dia. 50 mm ou 70 mm :<\/strong><br \/>\n1-Machine: -R\u00e9duction de cuve 80\/50, 80\/70<br \/>\n         -Embouchure conique caoutchouc<br \/>\n         -Brosse ronde<br \/>\n         -Flexible<br \/>\n2-Sol: -Tube en Aluminium en \u00ab\u00a0S\u00a0\u00bb<br \/>\n     -Embouchure \u00e0 roulettes poussi\u00e8re 430mm<\/p>\n","protected":false},"excerpt":{"rendered":"<p>Aspirateur Industriel Triphas\u00e9<br \/>\nFiltre de grande capacit\u00e9<br \/>\nStructure en acier peint \u00e9poxy<\/p>\n","protected":false},"featured_media":2210,"comment_status":"open","ping_status":"closed","template":"","meta":[],"product_cat":[387,106,369,108],"product_tag":[371],"class_list":["post-2209","product","type-product","status-publish","has-post-thumbnail","hentry","product_cat-aspirateur-triphases","product_cat-aspirateurs","product_cat-aspirateurs-industriels","product_cat-hygiene","product_tag-aspirateurs","pa_contenance-100l","pa_domaine-industrie","pa_domaine-proprete"],"_links":{"self":[{"href":"https:\/\/aquatiss.com.tn\/fr\/wp-json\/wp\/v2\/product\/2209","targetHints":{"allow":["GET"]}}],"collection":[{"href":"https:\/\/aquatiss.com.tn\/fr\/wp-json\/wp\/v2\/product"}],"about":[{"href":"https:\/\/aquatiss.com.tn\/fr\/wp-json\/wp\/v2\/types\/product"}],"replies":[{"embeddable":true,"href":"https:\/\/aquatiss.com.tn\/fr\/wp-json\/wp\/v2\/comments?post=2209"}],"wp:featuredmedia":[{"embeddable":true,"href":"https:\/\/aquatiss.com.tn\/fr\/wp-json\/wp\/v2\/media\/2210"}],"wp:attachment":[{"href":"https:\/\/aquatiss.com.tn\/fr\/wp-json\/wp\/v2\/media?parent=2209"}],"wp:term":[{"taxonomy":"product_cat","embeddable":true,"href":"https:\/\/aquatiss.com.tn\/fr\/wp-json\/wp\/v2\/product_cat?post=2209"},{"taxonomy":"product_tag","embeddable":true,"href":"https:\/\/aquatiss.com.tn\/fr\/wp-json\/wp\/v2\/product_tag?post=2209"}],"curies":[{"name":"wp","href":"https:\/\/api.w.org\/{rel}","templated":true}]}}