{"id":2232,"date":"2017-01-28T10:13:54","date_gmt":"2017-01-28T09:13:54","guid":{"rendered":"http:\/\/gator4082.temp.domains\/~aquatiss\/?post_type=product&#038;p=2232"},"modified":"2017-01-28T10:22:40","modified_gmt":"2017-01-28T09:22:40","slug":"aspirateur-eau-poussiere-bomann-bs900-cb","status":"publish","type":"product","link":"https:\/\/aquatiss.com.tn\/fr\/produit\/aspirateur-eau-poussiere-bomann-bs900-cb\/","title":{"rendered":"Aspirateur eau et poussi\u00e8re BOMANN BS900 CB"},"content":{"rendered":"<p>Aspirateur eau et poussi\u00e9re avec 2 pi\u00e8ces tuyau d&rsquo;aspiration robuste 1600 W<br \/>\nSyst\u00e8me multi filtration<br \/>\nStabilit\u00e9 optimale gr\u00e2ce \u00e0 4 roues<br \/>\nProtection de d\u00e9bordement par robinet \u00e0 flotteur<br \/>\nFonction Blower z. B. pour un retrait facile des feuilles<br \/>\nAspiration grossi\u00e8re salet\u00e9 aussi efficacement que les liquides<br \/>\nPoulies (360 \u00b0) permettent un travail facile et flexible<br \/>\n2 pi\u00e8ces tuyau d&rsquo;aspiration robuste<br \/>\nSupport pratique sur Accessoires main propre et bien rang\u00e9 pr\u00eat<br \/>\n5 m de c\u00e2ble permet un grand rayon d&rsquo;action<br \/>\nBoitier en acier inoxydable<\/p>\n","protected":false},"excerpt":{"rendered":"<p>Aspirateur eau et poussi\u00e9re avec 2 pi\u00e8ces tuyau d&#039;aspiration robuste 1600 W<br \/>\nSyst\u00e8me multi filtration<\/p>\n","protected":false},"featured_media":2235,"comment_status":"open","ping_status":"closed","template":"","meta":[],"product_cat":[106,368,108],"product_tag":[371],"class_list":["post-2232","product","type-product","status-publish","has-post-thumbnail","hentry","product_cat-aspirateurs","product_cat-aspirateurs-eau-et-poussiere","product_cat-hygiene","product_tag-aspirateurs","pa_domaine-entreprise","pa_domaine-food","pa_domaine-hotel","pa_domaine-industrie","pa_domaine-medical","pa_domaine-proprete"],"_links":{"self":[{"href":"https:\/\/aquatiss.com.tn\/fr\/wp-json\/wp\/v2\/product\/2232","targetHints":{"allow":["GET"]}}],"collection":[{"href":"https:\/\/aquatiss.com.tn\/fr\/wp-json\/wp\/v2\/product"}],"about":[{"href":"https:\/\/aquatiss.com.tn\/fr\/wp-json\/wp\/v2\/types\/product"}],"replies":[{"embeddable":true,"href":"https:\/\/aquatiss.com.tn\/fr\/wp-json\/wp\/v2\/comments?post=2232"}],"wp:featuredmedia":[{"embeddable":true,"href":"https:\/\/aquatiss.com.tn\/fr\/wp-json\/wp\/v2\/media\/2235"}],"wp:attachment":[{"href":"https:\/\/aquatiss.com.tn\/fr\/wp-json\/wp\/v2\/media?parent=2232"}],"wp:term":[{"taxonomy":"product_cat","embeddable":true,"href":"https:\/\/aquatiss.com.tn\/fr\/wp-json\/wp\/v2\/product_cat?post=2232"},{"taxonomy":"product_tag","embeddable":true,"href":"https:\/\/aquatiss.com.tn\/fr\/wp-json\/wp\/v2\/product_tag?post=2232"}],"curies":[{"name":"wp","href":"https:\/\/api.w.org\/{rel}","templated":true}]}}