{"id":22531,"date":"2019-11-22T16:16:25","date_gmt":"2019-11-22T16:16:25","guid":{"rendered":"http:\/\/gator4082.temp.domains\/~aquatiss\/?post_type=product&#038;p=22531"},"modified":"2019-11-23T11:57:47","modified_gmt":"2019-11-23T11:57:47","slug":"centrale-nettoyage-desinfection-par-pulverisation-01-produit","status":"publish","type":"product","link":"https:\/\/aquatiss.com.tn\/fr\/produit\/centrale-nettoyage-desinfection-par-pulverisation-01-produit\/","title":{"rendered":"Centrale nettoyage d\u00e9sinfection par pulv\u00e9risation 01 produit"},"content":{"rendered":"<p>Centrale nettoyage d\u00e9sinfection par pulv\u00e9risation 01 produit<br \/>\nCentrale de nettoyage d&rsquo;hygi\u00e8ne et de d\u00e9sinfection\u00a0 par pulv\u00e9risation 01 produit de nettoyage ergonomique, par pulv\u00e9risation<br \/>\nd\u2019une solution d\u00e9tergente et\/ou d\u00e9sinfectante sur les sols et surfaces des cuisines commerciales, des lieux de pr\u00e9paration dans les supermarch\u00e9s et des usines de l\u2019industrie alimentaire.<\/p>\n<p>Cette station de\u00a0\u00a0nettoyage d\u00e9sinfection par pulv\u00e9risation est Con\u00e7u pour nettoyage intensif de tous les locaux professionnels :cuisines, zones de pr\u00e9paration et de stockage alimentaire, installations sanitaires.<br \/>\nenfin ce\u00a0 nettoyant multi-surfaces est un\u00a0<em>produit<\/em>\u00a0con\u00e7u pour\u00a0<em>d\u00e9sinfecter<\/em>\u00a0et \u00e9liminer les bact\u00e9ries.<\/p>\n<p>La conception solide et simple parfaitement conforme aux r\u00e9glementations HACCP, et son syst\u00e8me contribue efficacement \u00e0 la r\u00e9duction du gaspillage<br \/>\nen eau et en produits chimiques, pour la pr\u00e9servation de l\u2019environnement et la r\u00e9duction des co\u00fbts d\u2019exploitation.<\/p>\n<p>Ce poste\u00a0de\u00a0\u00a0nettoyage d\u00e9sinfection par pulv\u00e9risation est r\u00e9alis\u00e9 \u00e0 partir de mat\u00e9riaux r\u00e9put\u00e9s pour leur robustesse et leur compatibilit\u00e9 chimique et pr\u00e9sente des propri\u00e9t\u00e9s<br \/>\naspirantes hautement performantes, assurant un fonctionnement optimal, quelles que soient les conditions de travail, avec une temp\u00e9rature d\u2019utilisation allant jusque\u00a0 60 \u00b0C.<\/p>\n<p>1 produit (standard) pour nettoyage\/rin\u00e7age<br \/>\n2 produits (sur demande) pour nettoyage\/rin\u00e7age\/d\u00e9sinfection<\/p>\n<h5>Equipement\u00a0 de d\u00e9sinfection Centrale \u00c9volution polypropyl\u00e8ne pour 1 produit, fournie avec :<\/h5>\n<p>&#8211; pistolet pulv\u00e9risateur<br \/>\n&#8211; support pour bidon de 5 litres<br \/>\n&#8211; tresse inox alimentation eau (maximum 55\u00b0C)<br \/>\n&#8211;\u00a0 tuyau de 15 m<\/p>\n<p>En conclusion\u00a0 Centrale \u00c9volution permet une action de d\u00e9sinfection et de nettoyage par pulv\u00e9risation du produit sur les surfaces \u00e0 traiter.<br \/>\nNouveau coffret polypropyl\u00e8ne qui apporte une simplicit\u00e9 et facilit\u00e9 avec son nouveau syst\u00e8me de fixation du clapet par clip.<br \/>\nLe coffret permet d&rsquo;enrouler le tuyau autour de celui-ci.<\/p>\n<h5>Les points forts<\/h5>\n<p>D\u00e9bit rin\u00e7age : 12 L\/mn,<br \/>\nD\u00e9bit lavage : 8 L\/ m n<br \/>\nSyst\u00e8me complet de nettoyage et de d\u00e9sinfection<br \/>\nSyst\u00e8me d&rsquo;aspiration venturi by pass, \u00c9quip\u00e9 d&rsquo;un pistolet anti-choc, Tuyau de 15 m de longueur<br \/>\n<strong>Garantie<\/strong> 1 an pi\u00e8ce et main-d&rsquo;oeuvre<\/p>\n","protected":false},"excerpt":{"rendered":"<p><strong><span style=\"font-size: 10pt;\">01 Pistolet pulv\u00e9risateur- 01 support pour bidon de 5 litres- 01 tresse inox alimentation eau-01 tuyau de 15 m<\/span><\/strong><\/p>\n<p>Syst\u00e8me de nettoyage ergonomique, par pulv\u00e9risation d\u2019une solution d\u00e9tergente et\/ou d\u00e9sinfectante sur<br \/>\nles sols et surfaces des cuisines commerciales, des lieux de pr\u00e9paration dans les supermarch\u00e9s et des usines de l\u2019industrie alimentaire.<\/p>\n","protected":false},"featured_media":22532,"comment_status":"open","ping_status":"closed","template":"","meta":[],"product_cat":[142],"product_tag":[],"class_list":["post-22531","product","type-product","status-publish","has-post-thumbnail","hentry","product_cat-poste-de-nettoyage-et-de-desinfection"],"_links":{"self":[{"href":"https:\/\/aquatiss.com.tn\/fr\/wp-json\/wp\/v2\/product\/22531","targetHints":{"allow":["GET"]}}],"collection":[{"href":"https:\/\/aquatiss.com.tn\/fr\/wp-json\/wp\/v2\/product"}],"about":[{"href":"https:\/\/aquatiss.com.tn\/fr\/wp-json\/wp\/v2\/types\/product"}],"replies":[{"embeddable":true,"href":"https:\/\/aquatiss.com.tn\/fr\/wp-json\/wp\/v2\/comments?post=22531"}],"wp:featuredmedia":[{"embeddable":true,"href":"https:\/\/aquatiss.com.tn\/fr\/wp-json\/wp\/v2\/media\/22532"}],"wp:attachment":[{"href":"https:\/\/aquatiss.com.tn\/fr\/wp-json\/wp\/v2\/media?parent=22531"}],"wp:term":[{"taxonomy":"product_cat","embeddable":true,"href":"https:\/\/aquatiss.com.tn\/fr\/wp-json\/wp\/v2\/product_cat?post=22531"},{"taxonomy":"product_tag","embeddable":true,"href":"https:\/\/aquatiss.com.tn\/fr\/wp-json\/wp\/v2\/product_tag?post=22531"}],"curies":[{"name":"wp","href":"https:\/\/api.w.org\/{rel}","templated":true}]}}