{"id":22662,"date":"2019-11-29T15:17:41","date_gmt":"2019-11-29T15:17:41","guid":{"rendered":"http:\/\/gator4082.temp.domains\/~aquatiss\/?post_type=product&#038;p=22662"},"modified":"2024-01-30T14:22:50","modified_gmt":"2024-01-30T14:22:50","slug":"plateau-resistant-economique-fast-food-rectangulaires-34-5x27-cm","status":"publish","type":"product","link":"https:\/\/aquatiss.com.tn\/fr\/produit\/plateau-resistant-economique-fast-food-rectangulaires-34-5x27-cm\/","title":{"rendered":"Plateau r\u00e9sistant \u00e9conomique fast food rectangulaires"},"content":{"rendered":"<p>Plateau r\u00e9sistant \u00e9conomique fast food rectangulaires<\/p>\n<p>Plateau r\u00e9sistant et \u00e9conomique.<br \/>\nIndiqu\u00e9 pour le transport du repas complet et comme base pour une consommation rapide.<br \/>\nAdapt\u00e9 pour l&rsquo;utilisation dans les situations de r\u00e9utilisation continue.<br \/>\nL\u00e9ger et r\u00e9sistant.<br \/>\nDisponible en couleurs brillantes et vives.<br \/>\nDisponible en version avec poign\u00e9es.<br \/>\nFacilement lavable , m\u00eame en lave-vaisselle.<br \/>\nIl ne rel\u00e2che aucun type de substance en contact avec les aliments, selon le R\u00e8glement (UE) n\u00b0 10\/2011.<br \/>\nIl ne subit aucune alt\u00e9ration au contact des principaux acides domestiques.<br \/>\nExcellente r\u00e9sistance aux t\u00e2ches.<\/p>\n<h5>RECOMMANDATIONS<\/h5>\n<p>Temp\u00e9rature de lavage : +60\u00b0C maximum.<br \/>\nTemp\u00e9rature de s\u00e9chage : +90\u00b0C maximum.<br \/>\nCette ligne de plateaux n&rsquo;est pas adapt\u00e9e \u00e0 la personnalisation<\/p>\n","protected":false},"excerpt":{"rendered":"<p>Plateau r\u00e9sistant et \u00e9conomique. Indiqu\u00e9 pour le transport du repas complet et comme base pour une consommation rapide.<br \/>\nAdapt\u00e9 pour l&rsquo;utilisation dans les situations de r\u00e9utilisation continue.<\/p>\n","protected":false},"featured_media":22663,"comment_status":"open","ping_status":"closed","template":"","meta":[],"product_cat":[1000,558],"product_tag":[],"class_list":["post-22662","product","type-product","status-publish","has-post-thumbnail","hentry","product_cat-plateaux-de-service","product_cat-plateaux-pour-repas-emporte","pa_color-beige","pa_color-marron"],"_links":{"self":[{"href":"https:\/\/aquatiss.com.tn\/fr\/wp-json\/wp\/v2\/product\/22662","targetHints":{"allow":["GET"]}}],"collection":[{"href":"https:\/\/aquatiss.com.tn\/fr\/wp-json\/wp\/v2\/product"}],"about":[{"href":"https:\/\/aquatiss.com.tn\/fr\/wp-json\/wp\/v2\/types\/product"}],"replies":[{"embeddable":true,"href":"https:\/\/aquatiss.com.tn\/fr\/wp-json\/wp\/v2\/comments?post=22662"}],"wp:featuredmedia":[{"embeddable":true,"href":"https:\/\/aquatiss.com.tn\/fr\/wp-json\/wp\/v2\/media\/22663"}],"wp:attachment":[{"href":"https:\/\/aquatiss.com.tn\/fr\/wp-json\/wp\/v2\/media?parent=22662"}],"wp:term":[{"taxonomy":"product_cat","embeddable":true,"href":"https:\/\/aquatiss.com.tn\/fr\/wp-json\/wp\/v2\/product_cat?post=22662"},{"taxonomy":"product_tag","embeddable":true,"href":"https:\/\/aquatiss.com.tn\/fr\/wp-json\/wp\/v2\/product_tag?post=22662"}],"curies":[{"name":"wp","href":"https:\/\/api.w.org\/{rel}","templated":true}]}}