{"id":2270,"date":"2017-02-01T12:27:56","date_gmt":"2017-02-01T11:27:56","guid":{"rendered":"http:\/\/gator4082.temp.domains\/~aquatiss\/?post_type=product&#038;p=2270"},"modified":"2017-02-01T12:29:01","modified_gmt":"2017-02-01T11:29:01","slug":"balayeuse-manuelle","status":"publish","type":"product","link":"https:\/\/aquatiss.com.tn\/fr\/produit\/balayeuse-manuelle\/","title":{"rendered":"Balayeuse manuelle"},"content":{"rendered":"<p>Elle est id\u00e9ale pour les espaces restreints et exigus<br \/>\nElle balaye les papiers, les feuilles, les petites vis, les clous, les m\u00e9gots, les canettes, les capsules etc Utilis\u00e9 dans les espaces \u00e0 l&rsquo;ext\u00e9rieur comme \u00e0 l&rsquo;int\u00e9rieur<br \/>\nLe syst\u00e8me de remplissage par l&rsquo;arri\u00e8re avec deux brosses offre un balayage tr\u00e8s<br \/>\nPerformant lorsqu&rsquo;on balaie de gros d\u00e9bris<br \/>\nLa large poign\u00e9e ergonomique Soft Grip qui rend la machine simple \u00e0 manipuler<br \/>\nLes deux roulettes avant sont positionn\u00e9es derri\u00e8re les brosses lat\u00e9rales et<br \/>\nIl se trouvent toujours dans une zone propre et balay\u00e9e<br \/>\nLes grandes roues anti traces permettent de pousser facilement la machine et la rendent tr\u00e8s man\u0153uvrable<br \/>\nCh\u00e2ssis anti-corrosion r\u00e9sistant<br \/>\nGrande tr\u00e9mie de 34 litres<br \/>\nUtilisation simple et rapide sans entretien particulier<\/p>\n<p>La poign\u00e9e peut \u00eatre ajust\u00e9e en fonction de la taille de l\u2019utilisateur (3 positions)<br \/>\nsans effort<br \/>\nLa brosse principale peut \u00eatre ajust\u00e9e dans 4 positions diff\u00e9rentes sans utiliser d\u2019outil<br \/>\nLa tr\u00e9mie peut rester ouverte pour pouvoir facilement jeter de gros objets ou vider une poubelle dedans<br \/>\nLa poign\u00e9e se replie sans outil pour faciliter le stockage et le transport<br \/>\nLa conception intelligente de la poign\u00e9e\/tr\u00e9mie maintient la tr\u00e9mie en place m\u00eame lorsqu&rsquo;elle est<br \/>\nstock\u00e9e en position verticale ou accroch\u00e9e \u00e0 un mur<\/p>\n","protected":false},"excerpt":{"rendered":"<p>Utilis\u00e9 dans les espaces \u00e0 l&#039;ext\u00e9rieur comme \u00e0 l&#039;int\u00e9rieur<br \/>\nLe syst\u00e8me de remplissage par l&#039;arri\u00e8re avec deux brosses<br \/>\nCh\u00e2ssis anti-corrosion r\u00e9sistant<br \/>\nGrande tr\u00e9mie de 34 litres<\/p>\n","protected":false},"featured_media":2276,"comment_status":"open","ping_status":"closed","template":"","meta":[],"product_cat":[398,108],"product_tag":[],"class_list":["post-2270","product","type-product","status-publish","has-post-thumbnail","hentry","product_cat-balayeuse","product_cat-hygiene","pa_domaine-entreprise","pa_domaine-food","pa_domaine-hotel","pa_domaine-industrie","pa_domaine-medical","pa_domaine-proprete"],"_links":{"self":[{"href":"https:\/\/aquatiss.com.tn\/fr\/wp-json\/wp\/v2\/product\/2270","targetHints":{"allow":["GET"]}}],"collection":[{"href":"https:\/\/aquatiss.com.tn\/fr\/wp-json\/wp\/v2\/product"}],"about":[{"href":"https:\/\/aquatiss.com.tn\/fr\/wp-json\/wp\/v2\/types\/product"}],"replies":[{"embeddable":true,"href":"https:\/\/aquatiss.com.tn\/fr\/wp-json\/wp\/v2\/comments?post=2270"}],"wp:featuredmedia":[{"embeddable":true,"href":"https:\/\/aquatiss.com.tn\/fr\/wp-json\/wp\/v2\/media\/2276"}],"wp:attachment":[{"href":"https:\/\/aquatiss.com.tn\/fr\/wp-json\/wp\/v2\/media?parent=2270"}],"wp:term":[{"taxonomy":"product_cat","embeddable":true,"href":"https:\/\/aquatiss.com.tn\/fr\/wp-json\/wp\/v2\/product_cat?post=2270"},{"taxonomy":"product_tag","embeddable":true,"href":"https:\/\/aquatiss.com.tn\/fr\/wp-json\/wp\/v2\/product_tag?post=2270"}],"curies":[{"name":"wp","href":"https:\/\/api.w.org\/{rel}","templated":true}]}}