{"id":2277,"date":"2017-02-01T17:02:28","date_gmt":"2017-02-01T16:02:28","guid":{"rendered":"http:\/\/gator4082.temp.domains\/~aquatiss\/?post_type=product&#038;p=2277"},"modified":"2022-08-25T12:27:32","modified_gmt":"2022-08-25T12:27:32","slug":"nettoyant-degraissant-universel-pret-a-lemploi","status":"publish","type":"product","link":"https:\/\/aquatiss.com.tn\/fr\/produit\/nettoyant-degraissant-universel-pret-a-lemploi\/","title":{"rendered":"Nettoyant d\u00e9graissant Universel pr\u00eat \u00e0 l\u2019emploi"},"content":{"rendered":"<p>Nettoyant d\u00e9graissant Universel pr\u00eat \u00e0 l\u2019emploi<br \/>\nNettoyant pr\u00eat \u00e0 l&#8217;emploi ultra puissant<br \/>\nIl permet le nettoyage au quotidien de toutes les salissures, m\u00eame tenaces<br \/>\nIl permet de nettoyer tous vos carrelages, fen\u00eatre, accessoire salle de bain, tout type de surface et tissu (sauf soie et faux bijoux)<br \/>\nIl est consid\u00e9r\u00e9 comme un d\u00e9tartrant des machines (\u00e0 caf\u00e9, \u00e0 laver\u2026etc.)<\/p>\n<h4>Biod\u00e9gradables au-del\u00e0 de 90%.<\/h4>\n<p><a class=\"maxbutton-2 maxbutton maxbutton-pdf\" target=\"_blank\" title=\"PDF\" rel=\"noopener\" href=\"https:\/\/aquatiss.com.tn\/wp-content\/uploads\/2017\/02\/Fiche-technique-et-s\u00e9curit\u00e9-universel-1-Copier.pdf\"><span class='mb-text'>FICHE TECHNIQUE<\/span><\/a><\/p>\n","protected":false},"excerpt":{"rendered":"<p>Nettoyant d\u00e9graissant Universel pr\u00eat \u00e0 l\u2019emploi<\/p>\n","protected":false},"featured_media":11937,"comment_status":"open","ping_status":"closed","template":"","meta":[],"product_cat":[405,421,440,426,108,404,427,454,400,422,423,425],"product_tag":[825],"class_list":["post-2277","product","type-product","status-publish","has-post-thumbnail","hentry","product_cat-article-menager","product_cat-detachant","product_cat-detartrant","product_cat-four","product_cat-hygiene","product_cat-lessive-soin-du-linge","product_cat-nettoyant-inox","product_cat-produit-universel","product_cat-produits-de-nettoyage","product_cat-produits-sanitaires","product_cat-sols","product_cat-vitres","product_tag-produit-universel","pa_contenance-1l","pa_contenance-214","pa_domaine-collectivites","pa_domaine-entreprise","pa_domaine-food","pa_domaine-hotel","pa_domaine-industrie","pa_domaine-medical","pa_domaine-proprete","pa_promos-ventes-flash"],"_links":{"self":[{"href":"https:\/\/aquatiss.com.tn\/fr\/wp-json\/wp\/v2\/product\/2277","targetHints":{"allow":["GET"]}}],"collection":[{"href":"https:\/\/aquatiss.com.tn\/fr\/wp-json\/wp\/v2\/product"}],"about":[{"href":"https:\/\/aquatiss.com.tn\/fr\/wp-json\/wp\/v2\/types\/product"}],"replies":[{"embeddable":true,"href":"https:\/\/aquatiss.com.tn\/fr\/wp-json\/wp\/v2\/comments?post=2277"}],"wp:featuredmedia":[{"embeddable":true,"href":"https:\/\/aquatiss.com.tn\/fr\/wp-json\/wp\/v2\/media\/11937"}],"wp:attachment":[{"href":"https:\/\/aquatiss.com.tn\/fr\/wp-json\/wp\/v2\/media?parent=2277"}],"wp:term":[{"taxonomy":"product_cat","embeddable":true,"href":"https:\/\/aquatiss.com.tn\/fr\/wp-json\/wp\/v2\/product_cat?post=2277"},{"taxonomy":"product_tag","embeddable":true,"href":"https:\/\/aquatiss.com.tn\/fr\/wp-json\/wp\/v2\/product_tag?post=2277"}],"curies":[{"name":"wp","href":"https:\/\/api.w.org\/{rel}","templated":true}]}}