{"id":23248,"date":"2020-01-20T15:25:49","date_gmt":"2020-01-20T15:25:49","guid":{"rendered":"http:\/\/gator4082.temp.domains\/~aquatiss\/?post_type=product&#038;p=23248"},"modified":"2020-01-21T13:36:45","modified_gmt":"2020-01-21T13:36:45","slug":"tabouret-de-bar-pivotant-reglable-similicuir-noir","status":"publish","type":"product","link":"https:\/\/aquatiss.com.tn\/fr\/produit\/tabouret-de-bar-pivotant-reglable-similicuir-noir\/","title":{"rendered":"Tabouret de bar pivotant r\u00e9glable similicuir noir"},"content":{"rendered":"<p>Tabouret de bar pivotant r\u00e9glable similicuir noir<\/p>\n<p>Ce tabouret de bar pivotant contemporain ABS Air-Lift en similicuir noir sera un ajout \u00e9l\u00e9gant aux d\u00e9cors modernes,<\/p>\n<p>Notre tabouret pivotant combine un design minimaliste \u00e9l\u00e9gant avec des si\u00e8ges confortables et peu encombrants.<\/p>\n<p>Le si\u00e8ge carr\u00e9 profil\u00e9 unique est recouvert d&rsquo;un rev\u00eatement en similicuir noir et se courbe doucement pour s&rsquo;adapter \u00e0 la fois au positionnement ergonomique du haut des jambes et au soutien du bas du dos.<\/p>\n<p>Le si\u00e8ge pivote \u00e9galement d&rsquo;un c\u00f4t\u00e9 \u00e0 l&rsquo;autre et s&rsquo;ajuste en hauteur de 61 \u00e0 76 cm pour un ajustement flexible et convivial aux hauteurs de comptoir ou de bar.<\/p>\n<p>Pour compl\u00e9ter le look, le montant rond de la base et le repose-pieds demi rond ouvert offrent une silhouette propre mais int\u00e9ressante.<\/p>\n<p>Le tabouret mesure 38 cm de large par 39 cm pouces de profondeur.<\/p>\n<p>Si\u00e8ge en similicuir profil\u00e9; base chrom\u00e9e avec repose-pieds \u00e0 boucle ouverte<br \/>\nS&rsquo;ajuste de 61 \u00e0 76 cm de hauteur<\/p>\n<p>Assemblage requis; outils et mat\u00e9riel inclus<\/p>\n<h5>Point fort<\/h5>\n<pre id=\"tw-target-text\" class=\"tw-data-text tw-text-large tw-ta\" dir=\"ltr\" data-placeholder=\"Traduction\"><span lang=\"fr\" style=\"font-family: georgia, palatino, serif;\">-Tabouret de bar pivotant contemporain ABS Air-Lift en similicuir noir\r\n-Tabouret pivotant moderne avec fonction ABS AirLift\r\n-Si\u00e8ge en similicuir profil\u00e9; base chrom\u00e9e avec repose-pieds \u00e0 boucle ouverte\r\n-S'ajuste de 61 \u00e0 76 cm de hauteur\r\n-Assemblage requis; outils et mat\u00e9riel inclus\r\n-Mesure 38 cm de large par 39 cm pouces de profondeur<\/span><\/pre>\n","protected":false},"excerpt":{"rendered":"<p>Tabouret de bar pivotant contemporain ABS Air-Lift en similicuir noir sera un ajout \u00e9l\u00e9gant aux d\u00e9cors modernes.<\/p>\n","protected":false},"featured_media":23249,"comment_status":"open","ping_status":"closed","template":"","meta":[],"product_cat":[609],"product_tag":[],"class_list":["post-23248","product","type-product","status-publish","has-post-thumbnail","hentry","product_cat-tabouret"],"_links":{"self":[{"href":"https:\/\/aquatiss.com.tn\/fr\/wp-json\/wp\/v2\/product\/23248","targetHints":{"allow":["GET"]}}],"collection":[{"href":"https:\/\/aquatiss.com.tn\/fr\/wp-json\/wp\/v2\/product"}],"about":[{"href":"https:\/\/aquatiss.com.tn\/fr\/wp-json\/wp\/v2\/types\/product"}],"replies":[{"embeddable":true,"href":"https:\/\/aquatiss.com.tn\/fr\/wp-json\/wp\/v2\/comments?post=23248"}],"wp:featuredmedia":[{"embeddable":true,"href":"https:\/\/aquatiss.com.tn\/fr\/wp-json\/wp\/v2\/media\/23249"}],"wp:attachment":[{"href":"https:\/\/aquatiss.com.tn\/fr\/wp-json\/wp\/v2\/media?parent=23248"}],"wp:term":[{"taxonomy":"product_cat","embeddable":true,"href":"https:\/\/aquatiss.com.tn\/fr\/wp-json\/wp\/v2\/product_cat?post=23248"},{"taxonomy":"product_tag","embeddable":true,"href":"https:\/\/aquatiss.com.tn\/fr\/wp-json\/wp\/v2\/product_tag?post=23248"}],"curies":[{"name":"wp","href":"https:\/\/api.w.org\/{rel}","templated":true}]}}