{"id":23278,"date":"2020-01-21T10:49:34","date_gmt":"2020-01-21T10:49:34","guid":{"rendered":"http:\/\/gator4082.temp.domains\/~aquatiss\/nos-produits\/robinet-lavabo-infrarouge-2\/"},"modified":"2020-08-08T08:35:13","modified_gmt":"2020-08-08T08:35:13","slug":"robinet-lavabo-infrarouge-2","status":"publish","type":"product","link":"https:\/\/aquatiss.com.tn\/fr\/produit\/robinet-lavabo-infrarouge-2\/","title":{"rendered":"Robinet lavabo infrarouge"},"content":{"rendered":"<p>Robinet lavabo infrarouge<\/p>\n<p><em>Robinet<\/em>\u00a0de Salle de Bain en Laiton Chrom\u00e9<\/p>\n<p>La consommation d&rsquo;eau\u00a0 est tr\u00e8s importante. Elle peut \u00eatre r\u00e9duite gr\u00e2ce \u00e0 l&rsquo;installation d&rsquo;\u00e9quipement comme les robinets infrarouges.<\/p>\n<p>Fini le gaspillage d&rsquo;eau gr\u00e2ce \u00e0 notre astuce !<\/p>\n<p>Robinet Capteur\u00a0<em>Infrarouge<\/em> : simple et facile \u00e0 utiliser<br \/>\nUn robinet infrarouge est \u00e9quip\u00e9 d&rsquo;un syst\u00e8me qui d\u00e9tecte les mouvements.<\/p>\n<h5>Mise en marche automatique<\/h5>\n<p>l&rsquo;eau coule quand vous mettez vos mains, elle s&rsquo;arr\u00eate quand vous les retirez.<br \/>\n\u00c9conomie d&rsquo;eau cons\u00e9quente :vous n&rsquo;avez plus besoin de penser \u00e0 \u00e9teindre l&rsquo;eau<\/p>\n<h5>Point fort<\/h5>\n<p>Robinet lavabo infrarouge eau froide seulement<br \/>\nSans contact,hygi\u00e8ne parfaite et confort d&rsquo;utilisation<br \/>\nCorps en laiton avec \u00e9lectrovanne int\u00e9gr\u00e9e<br \/>\nAmortissement rapide jusqu&rsquo;\u00e0 80% d&rsquo;eau \u00e9conomis\u00e9e<br \/>\nAlimentation batterie<\/p>\n<p><em>\u00a0<\/em><\/p>\n","protected":false},"excerpt":{"rendered":"<p>Fini le gaspillage d&rsquo;eau gr\u00e2ce \u00e0 notre astuce !<br \/>\nil peut \u00eatre r\u00e9duit gr\u00e2ce \u00e0 l&rsquo;installation d&rsquo;\u00e9quipement comme les robinets infrarouges<br \/>\nRobinet lavabo infrarouge eau froide seulement<br \/>\nSans contact,hygi\u00e8ne parfaite et confort d&rsquo;utilisation<\/p>\n","protected":false},"featured_media":23282,"comment_status":"open","ping_status":"closed","template":"","meta":[],"product_cat":[1131,96,629],"product_tag":[189],"class_list":["post-23278","product","type-product","status-publish","has-post-thumbnail","hentry","product_cat-robinets-commande-infra-rouge","product_cat-robinetterie","product_cat-sanitaire","product_tag-robinet","pa_domaine-centres-commerciaux","pa_domaine-food","pa_domaine-hotel","pa_serie-sensor"],"_links":{"self":[{"href":"https:\/\/aquatiss.com.tn\/fr\/wp-json\/wp\/v2\/product\/23278","targetHints":{"allow":["GET"]}}],"collection":[{"href":"https:\/\/aquatiss.com.tn\/fr\/wp-json\/wp\/v2\/product"}],"about":[{"href":"https:\/\/aquatiss.com.tn\/fr\/wp-json\/wp\/v2\/types\/product"}],"replies":[{"embeddable":true,"href":"https:\/\/aquatiss.com.tn\/fr\/wp-json\/wp\/v2\/comments?post=23278"}],"wp:featuredmedia":[{"embeddable":true,"href":"https:\/\/aquatiss.com.tn\/fr\/wp-json\/wp\/v2\/media\/23282"}],"wp:attachment":[{"href":"https:\/\/aquatiss.com.tn\/fr\/wp-json\/wp\/v2\/media?parent=23278"}],"wp:term":[{"taxonomy":"product_cat","embeddable":true,"href":"https:\/\/aquatiss.com.tn\/fr\/wp-json\/wp\/v2\/product_cat?post=23278"},{"taxonomy":"product_tag","embeddable":true,"href":"https:\/\/aquatiss.com.tn\/fr\/wp-json\/wp\/v2\/product_tag?post=23278"}],"curies":[{"name":"wp","href":"https:\/\/api.w.org\/{rel}","templated":true}]}}