{"id":23301,"date":"2020-01-22T18:12:09","date_gmt":"2020-01-22T18:12:09","guid":{"rendered":"http:\/\/gator4082.temp.domains\/~aquatiss\/?post_type=product&#038;p=23301"},"modified":"2024-03-19T12:25:38","modified_gmt":"2024-03-19T12:25:38","slug":"chariot-linge-ultra-compact-rolls","status":"publish","type":"product","link":"https:\/\/aquatiss.com.tn\/fr\/produit\/chariot-linge-ultra-compact-rolls\/","title":{"rendered":"Chariot linge ultra compact roll&rsquo;s"},"content":{"rendered":"<p>chariot linge ultra compact roll&rsquo;s<\/p>\n<p>Chariot pour femme de chambre roll&rsquo;s Ultra Compact<br \/>\nUne nouvelle g\u00e9n\u00e9ration de chariots optimis\u00e9s pour le service de chambre et offrant de nombreuses possibilit\u00e9s de combinaisons personnalis\u00e9es.<\/p>\n<p>Vous pouvez composer votre chariot en fonction de vos exigences avec les \u00a0nombreux accessoires <strong>optionnels<\/strong>:<\/p>\n<p>-Bac de tri des d\u00e9chets,<br \/>\n-Sac \u00e0 ustensiles,<br \/>\n-Casiers top box,<br \/>\n-01 Arceau sup\u00e9rieur pliable pour sac \u00e0 linge ou sac poubelle et\u00a0Arceaux inf\u00e9rieur avec grille<br \/>\n-Sac en polyester lavable avec fixation Velcro<\/p>\n<h5><strong>Choisissez \u00e9galement parmi 2 coloris de cadre<\/strong><\/h5>\n<p>-gris titane 7084,<br \/>\n-noir m\u00e9tallis\u00e9 7097,<\/p>\n<h5><strong>5 d\u00e9cors de panneaux<\/strong><\/h5>\n<p>-Acajou.<br \/>\n-Ch\u00eane naturel<br \/>\n-Anthracite c\u00e9ramique.<br \/>\n-Noir graphite.<\/p>\n<p>Base en tube de profil\u00e9s aluminium, mat\u00e9riau plus l\u00e9ger permettant de man\u0153uvrer plus facilement. Arceau sup\u00e9rieur \u00e0 d\u00e9plier pour y suspendre sac \u00e0 linge ou sac poubelle plastique de 120 ou 150 <strong>en option<\/strong>,\u00a0 Arceaux inf\u00e9rieurs avec grille. Deux tablettes fixes . Finition epoxy.<\/p>\n<p>Le\u00a0<span style=\"font-size: 10pt\">chariot linge ultra compact\u00a0<\/span>\u00a0est \u00e9quip\u00e9 de 4 roues pivotantes\u00a0 diam\u00e8tre\u00a0 120 mm avec\u00a0 antichoc en caoutchouc (gris ou rouge selon disponibilit\u00e9 ) pour prot\u00e9ger les am\u00e9nagements int\u00e9rieurs de l\u2019h\u00f4tel.<\/p>\n<p>Dimensions (cm)\u00a0: L 60 P 60 X H 122<\/p>\n<p>&nbsp;<\/p>\n<h1><span style=\"font-size: 10pt\">\u00a0<\/span><\/h1>\n","protected":false},"excerpt":{"rendered":"<p>Chariot ultra-compact. Entre dans les petits ascenseurs et couloirs \u00e9troits. Le support sac se replie vers l&rsquo;avant autour de la tablette sup\u00e9rieure, afin de r\u00e9duire au maximum l&rsquo;encombrement<br \/>\nde rangement dans les plus petits espaces.<\/p>\n","protected":false},"featured_media":23321,"comment_status":"open","ping_status":"closed","template":"","meta":[],"product_cat":[514,740,2056,1186],"product_tag":[],"class_list":["post-23301","product","type-product","status-publish","has-post-thumbnail","hentry","product_cat-chariot-service","product_cat-femme-de-chambre","product_cat-gamme-rolls","product_cat-service-etage"],"_links":{"self":[{"href":"https:\/\/aquatiss.com.tn\/fr\/wp-json\/wp\/v2\/product\/23301","targetHints":{"allow":["GET"]}}],"collection":[{"href":"https:\/\/aquatiss.com.tn\/fr\/wp-json\/wp\/v2\/product"}],"about":[{"href":"https:\/\/aquatiss.com.tn\/fr\/wp-json\/wp\/v2\/types\/product"}],"replies":[{"embeddable":true,"href":"https:\/\/aquatiss.com.tn\/fr\/wp-json\/wp\/v2\/comments?post=23301"}],"wp:featuredmedia":[{"embeddable":true,"href":"https:\/\/aquatiss.com.tn\/fr\/wp-json\/wp\/v2\/media\/23321"}],"wp:attachment":[{"href":"https:\/\/aquatiss.com.tn\/fr\/wp-json\/wp\/v2\/media?parent=23301"}],"wp:term":[{"taxonomy":"product_cat","embeddable":true,"href":"https:\/\/aquatiss.com.tn\/fr\/wp-json\/wp\/v2\/product_cat?post=23301"},{"taxonomy":"product_tag","embeddable":true,"href":"https:\/\/aquatiss.com.tn\/fr\/wp-json\/wp\/v2\/product_tag?post=23301"}],"curies":[{"name":"wp","href":"https:\/\/api.w.org\/{rel}","templated":true}]}}