{"id":23366,"date":"2020-01-28T14:28:13","date_gmt":"2020-01-28T14:28:13","guid":{"rendered":"http:\/\/gator4082.temp.domains\/~aquatiss\/?post_type=product&#038;p=23366"},"modified":"2022-02-04T09:20:05","modified_gmt":"2022-02-04T09:20:05","slug":"crayon-noir-ronde-personnalisable","status":"publish","type":"product","link":"https:\/\/aquatiss.com.tn\/fr\/produit\/crayon-noir-ronde-personnalisable\/","title":{"rendered":"crayon noir ronde (Personnalisable)"},"content":{"rendered":"<p>crayon noir ronde (Personnalisable)<\/p>\n<p>Crayon noir ronde Personnalis\u00e9, le produits d\u2019accueil personnalisables pour h\u00f4tels,\u00a0 sp\u00e9cialement con\u00e7ue pour\u00a0marquer les esprits fid\u00e9liser votre client\u00e8le<br \/>\nFaites forte impression en \u00e9quipant vos chambres avec des crayon noir ronde Personnalis\u00e9 de Aquatiss<\/p>\n<h5>Besoin de se d\u00e9marquer ?<\/h5>\n<p>Le crayon \u00e0 papier noir rond personnalis\u00e9 est le MUST HAVE de tout \u00e9tablissement qui se respect Palace,h\u00f4tel, auberge, maison d\u2019h\u00f4te&#8230;<br \/>\nChic et \u00e9l\u00e9gant, le crayon \u00e0 papier noir\u00a0rond personnalis\u00e9 pour marquer avec votre logo ou un\u00a0 message publicitaire.<\/p>\n<p>Offrez \u00e0 vos clients un cadeau publicitaire et laissez une marque prestigieuse. plus raffin\u00e9 que les stylos \u00e0 encre<\/p>\n<h4>Caract\u00e9ristiques crayon a papier noir rond personnalis\u00e9:<\/h4>\n<p>Dimensions:\u00a0 \u00a0 \u00a0 \u00a0 \u00a0 \u00a0 \u00a0 \u00a0 \u00a0 \u00a0 \u00a0 \u00a0 \u00a0 \u00a0 \u00a0 \u00a0 \u00a0\u00f87 x 190 mm<br \/>\nPoids:\u00a0 \u00a0 \u00a0 \u00a0 \u00a0 \u00a0 \u00a0 \u00a0 \u00a0 \u00a0 \u00a0 \u00a0 \u00a0 \u00a0 \u00a0 \u00a0 \u00a0 \u00a0 \u00a0 \u00a0 \u00a0 \u00a0 \u00a06g<br \/>\nCrayon en bois :\u00a0 \u00a0 \u00a0 \u00a0 \u00a0 \u00a0 \u00a0 \u00a0 \u00a0 \u00a0 \u00a0 \u00a0 \u00a0 \u00a0teinte du bois gris<br \/>\nForme :\u00a0 \u00a0 \u00a0 \u00a0 \u00a0 \u00a0 \u00a0 \u00a0 \u00a0 \u00a0 \u00a0 \u00a0 \u00a0 \u00a0 \u00a0 \u00a0 \u00a0 \u00a0 \u00a0 \u00a0 \u00a0 rond<br \/>\nCouleur :\u00a0 \u00a0 \u00a0 \u00a0 \u00a0 \u00a0 \u00a0 \u00a0 \u00a0 \u00a0 \u00a0 \u00a0 \u00a0 \u00a0 \u00a0 \u00a0 \u00a0 \u00a0 \u00a0 \u00a0gris<br \/>\nAspect :\u00a0 \u00a0 \u00a0 \u00a0 \u00a0 \u00a0 \u00a0 \u00a0 \u00a0 \u00a0 \u00a0 \u00a0 \u00a0 \u00a0 \u00a0 \u00a0 \u00a0 \u00a0 \u00a0 \u00a0 \u00a0 Vernis Brillant<br \/>\nGomme :\u00a0 \u00a0 \u00a0 \u00a0 \u00a0 \u00a0 \u00a0 \u00a0 \u00a0 \u00a0 \u00a0 \u00a0 \u00a0 \u00a0 \u00a0 \u00a0 \u00a0 \u00a0 \u00a0 \u00a0oui<br \/>\nBout\u00a0 :\u00a0 \u00a0 \u00a0 \u00a0 \u00a0 \u00a0 \u00a0 \u00a0 \u00a0 \u00a0 \u00a0 \u00a0 \u00a0 \u00a0 \u00a0 \u00a0 \u00a0 \u00a0 \u00a0 \u00a0 \u00a0 \u00a0\u00a0taill\u00e9<br \/>\nLogo logo :\u00a0 \u00a0 \u00a0 \u00a0 \u00a0 \u00a0 \u00a0 \u00a0 \u00a0 \u00a0 \u00a0 \u00a0 \u00a0 \u00a0 \u00a0 \u00a0 \u00a0 \u00a0 1\u00a0 couleur<\/p>\n","protected":false},"excerpt":{"rendered":"<p>Offrez \u00e0 vos clients un cadeau publicitaire et laissez une marque prestigieuse.<br \/>\nLe crayon \u00e0 papier noir rond personnalis\u00e9 est le MUST HAVE de tout \u00e9tablissement qui se respect Palace,h\u00f4tel, auberge, maison d\u2019h\u00f4te..<\/p>\n<p><strong>Personnalisation en option<\/strong><\/p>\n","protected":false},"featured_media":23367,"comment_status":"open","ping_status":"closed","template":"","meta":[],"product_cat":[2015,93],"product_tag":[],"class_list":["post-23366","product","type-product","status-publish","has-post-thumbnail","hentry","product_cat-crayon-noir","product_cat-produits-daccueil"],"_links":{"self":[{"href":"https:\/\/aquatiss.com.tn\/fr\/wp-json\/wp\/v2\/product\/23366","targetHints":{"allow":["GET"]}}],"collection":[{"href":"https:\/\/aquatiss.com.tn\/fr\/wp-json\/wp\/v2\/product"}],"about":[{"href":"https:\/\/aquatiss.com.tn\/fr\/wp-json\/wp\/v2\/types\/product"}],"replies":[{"embeddable":true,"href":"https:\/\/aquatiss.com.tn\/fr\/wp-json\/wp\/v2\/comments?post=23366"}],"wp:featuredmedia":[{"embeddable":true,"href":"https:\/\/aquatiss.com.tn\/fr\/wp-json\/wp\/v2\/media\/23367"}],"wp:attachment":[{"href":"https:\/\/aquatiss.com.tn\/fr\/wp-json\/wp\/v2\/media?parent=23366"}],"wp:term":[{"taxonomy":"product_cat","embeddable":true,"href":"https:\/\/aquatiss.com.tn\/fr\/wp-json\/wp\/v2\/product_cat?post=23366"},{"taxonomy":"product_tag","embeddable":true,"href":"https:\/\/aquatiss.com.tn\/fr\/wp-json\/wp\/v2\/product_tag?post=23366"}],"curies":[{"name":"wp","href":"https:\/\/api.w.org\/{rel}","templated":true}]}}