{"id":23418,"date":"2020-02-04T16:32:06","date_gmt":"2020-02-04T16:32:06","guid":{"rendered":"http:\/\/gator4082.temp.domains\/~aquatiss\/?post_type=product&#038;p=23418"},"modified":"2024-11-13T13:29:10","modified_gmt":"2024-11-13T13:29:10","slug":"lot-03-poubelles-selectives-personnalisees-110-l","status":"publish","type":"product","link":"https:\/\/aquatiss.com.tn\/fr\/produit\/lot-03-poubelles-selectives-personnalisees-110-l\/","title":{"rendered":"Lot 03 poubelles s\u00e9lectives  personnalis\u00e9es 110 L"},"content":{"rendered":"<p>Lot 03 poubelles s\u00e9lectives personnalis\u00e9es 110 L<\/p>\n<h5><strong>Description du produit Lot 03 poubelles s\u00e9lectives personnalis\u00e9es 110 L<\/strong><\/h5>\n<p>03 Poubelles s\u00e9lectives avec cadre de maintien du sac poubelle , mont\u00e9es sur socles unique<\/p>\n<p>finition peinture au four<\/p>\n<p><strong>V\u00e9ritable plus<\/strong><\/p>\n<p>poubelles tri s\u00e9lectif int\u00e8gre un cadre de\u00a0 maintien de votre sac poubelle. corps noir<\/p>\n<p>Ainsi la corbeille tri s\u00e9lectif est id\u00e9ale pour apporter sa contribution volontaire ou forc\u00e9e \u00e0 cette probl\u00e9matique<br \/>\ncontemporaine et responsable.<\/p>\n<p>Une large gamme de poubelles est disponible sur notre site en ce moment.<br \/>\nElles sont g\u00e9n\u00e9ralement soit <a href=\"http:\/\/gator4082.temp.domains\/~aquatiss\/nos-produits\/poubelle-selective-avec-anneau-de-maintien-sachet\/\">rondes<\/a> soit rectangulaires.<\/p>\n<p><strong>Les poubelles ou sacs jaunes\/rouges<\/strong><br \/>\nDestin\u00e9es aux d\u00e9chets recyclables, les contenants jaunes, qu\u2019il s\u2019agisse d\u2019un\u00a0<a href=\"http:\/\/gator4082.temp.domains\/~aquatiss\/?post_type=product&amp;s=Paquet+Sacs+poubelle+&amp;asp_active=1&amp;p_asid=1&amp;p_asp_data=Y3VycmVudF9wYWdlX2lkPTI2MjAmd29vX2N1cnJlbmN5PVRORCZxdHJhbnNsYXRlX2xhbmc9MCZhc3BfZ2VuJTVCJTVEPXRpdGxlJmFzcF9nZW4lNUIlNUQ9Y29udGVudCZhc3BfZ2VuJTVCJTVEPWV4Y2VycHQmY3VzdG9tc2V0JTVCJTVEPXByb2R1Y3Q=\">sac (sachet)<\/a>\u00a0ou d\u2019une poubelle,<br \/>\nsont faits pour recueillir l\u2019ensemble des ordures pouvant \u00eatre recycl\u00e9es.<\/p>\n<p><strong>Les poubelles ou sac vertes<\/strong><br \/>\nLes poubelles\u00a0 vertes, qu\u2019il s\u2019agisse d\u2019un\u00a0<a href=\"http:\/\/gator4082.temp.domains\/~aquatiss\/?post_type=product&amp;s=Paquet+Sacs+poubelle+&amp;asp_active=1&amp;p_asid=1&amp;p_asp_data=Y3VycmVudF9wYWdlX2lkPTI2MjAmd29vX2N1cnJlbmN5PVRORCZxdHJhbnNsYXRlX2xhbmc9MCZhc3BfZ2VuJTVCJTVEPXRpdGxlJmFzcF9nZW4lNUIlNUQ9Y29udGVudCZhc3BfZ2VuJTVCJTVEPWV4Y2VycHQmY3VzdG9tc2V0JTVCJTVEPXByb2R1Y3Q=\">sac (sachet)<\/a>\u00a0ou d\u2019une poubelle, sont quant \u00e0 elles con\u00e7ues pour l\u2019ensemble des<br \/>\nd\u00e9chets ne pouvant \u00eatre recycl\u00e9.<\/p>\n<p>logo sp\u00e9cifique en option\u00a0<strong>r\u00e9f:\u00a0268.57250<\/strong><\/p>\n<p><strong>Les poubelles ou sac\u00a0 bleues<\/strong><br \/>\nBien que toutes les communes n\u2019adoptent pas ce code couleur,<br \/>\nles poubelles destin\u00e9es au papier sont en principe bleues, qu\u2019il s\u2019agisse d\u2019un\u00a0<a href=\"http:\/\/gator4082.temp.domains\/~aquatiss\/?post_type=product&amp;s=Paquet+Sacs+poubelle+&amp;asp_active=1&amp;p_asid=1&amp;p_asp_data=Y3VycmVudF9wYWdlX2lkPTI2MjAmd29vX2N1cnJlbmN5PVRORCZxdHJhbnNsYXRlX2xhbmc9MCZhc3BfZ2VuJTVCJTVEPXRpdGxlJmFzcF9nZW4lNUIlNUQ9Y29udGVudCZhc3BfZ2VuJTVCJTVEPWV4Y2VycHQmY3VzdG9tc2V0JTVCJTVEPXByb2R1Y3Q=\">sac (sachet)<\/a>\u00a0ou d\u2019une poubelle, Cependant,<br \/>\nil est possible que \u00e7a ne soit pas le cas.<\/p>\n<p>logo sp\u00e9cifique en option\u00a0<strong>r\u00e9f:\u00a0268.572504<\/strong><\/p>\n<h5><strong>logo sp\u00e9cifique\u00a0 en option<\/strong><\/h5>\n<p>Nos poubelle s\u00e9lective peuvent \u00eatre marqu\u00e9es\u00a0<a href=\"http:\/\/gator4082.temp.domains\/~aquatiss\/?post_type=product&amp;s=Logo+poubelle+s%C3%A9lective&amp;asp_active=1&amp;p_asid=1&amp;p_asp_data=Y3VycmVudF9wYWdlX2lkPTIyNjEyJndvb19jdXJyZW5jeT1UTkQmcXRyYW5zbGF0ZV9sYW5nPTAmYXNwX2dlbiU1QiU1RD10aXRsZSZhc3BfZ2VuJTVCJTVEPWNvbnRlbnQmYXNwX2dlbiU1QiU1RD1leGNlcnB0JmN1c3RvbXNldCU1QiU1RD1wcm9kdWN0\">par un sigle (logo)<\/a>\u00a0sp\u00e9cifique\u00a0 expliquant d\u2019une part la famille de d\u00e9chets<br \/>\nqu\u2019elles doivent contenir et d\u2019autre part parmi cette famille, les d\u00e9chets qui conviennent.<\/p>\n<p>&nbsp;<\/p>\n","protected":false},"excerpt":{"rendered":"<h5><strong>V\u00e9ritable plus<\/strong><\/h5>\n<p>lot de 03 poubelles tri s\u00e9lectif avec un cadre de\u00a0 maintien de votre sac poubelle. corps noir<br \/>\nmont\u00e9es sur socles unique.<br \/>\nnorme HACCP<\/p>\n","protected":false},"featured_media":34181,"comment_status":"open","ping_status":"closed","template":"","meta":[],"product_cat":[313,311],"product_tag":[],"class_list":["post-23418","product","type-product","status-publish","has-post-thumbnail","hentry","product_cat-poubelle-collecte-selective","product_cat-tri-selectif"],"_links":{"self":[{"href":"https:\/\/aquatiss.com.tn\/fr\/wp-json\/wp\/v2\/product\/23418","targetHints":{"allow":["GET"]}}],"collection":[{"href":"https:\/\/aquatiss.com.tn\/fr\/wp-json\/wp\/v2\/product"}],"about":[{"href":"https:\/\/aquatiss.com.tn\/fr\/wp-json\/wp\/v2\/types\/product"}],"replies":[{"embeddable":true,"href":"https:\/\/aquatiss.com.tn\/fr\/wp-json\/wp\/v2\/comments?post=23418"}],"wp:featuredmedia":[{"embeddable":true,"href":"https:\/\/aquatiss.com.tn\/fr\/wp-json\/wp\/v2\/media\/34181"}],"wp:attachment":[{"href":"https:\/\/aquatiss.com.tn\/fr\/wp-json\/wp\/v2\/media?parent=23418"}],"wp:term":[{"taxonomy":"product_cat","embeddable":true,"href":"https:\/\/aquatiss.com.tn\/fr\/wp-json\/wp\/v2\/product_cat?post=23418"},{"taxonomy":"product_tag","embeddable":true,"href":"https:\/\/aquatiss.com.tn\/fr\/wp-json\/wp\/v2\/product_tag?post=23418"}],"curies":[{"name":"wp","href":"https:\/\/api.w.org\/{rel}","templated":true}]}}