{"id":23588,"date":"2020-02-07T16:07:00","date_gmt":"2020-02-07T16:07:00","guid":{"rendered":"http:\/\/gator4082.temp.domains\/~aquatiss\/?post_type=product&#038;p=23588"},"modified":"2023-09-04T16:19:18","modified_gmt":"2023-09-04T16:19:18","slug":"bancs-pour-vestiaire","status":"publish","type":"product","link":"https:\/\/aquatiss.com.tn\/fr\/produit\/bancs-pour-vestiaire\/","title":{"rendered":"Bancs pour Vestiaire"},"content":{"rendered":"<p>Bancs pour Vestiaire<\/p>\n<p>Banc pour vestiaires id\u00e9al pour compl\u00e9ter l&rsquo;\u00e9quipement de vos vestiaires.<\/p>\n<h5>Id\u00e9al pour vos vestiaires, r\u00e9fectoires, couloirs<\/h5>\n<p>Robuste, Pratique<br \/>\nlongueur 180 cm<\/p>\n<p>Notre gamme de banc vient compl\u00e9ter parfaitement la gamme des<a href=\"http:\/\/gator4082.temp.domains\/~aquatiss\/?post_type=product&amp;s=Vestiaire+M%C3%A9tallique&amp;asp_active=1&amp;p_asid=1&amp;p_asp_data=Y3VycmVudF9wYWdlX2lkPTUwNTMmd29vX2N1cnJlbmN5PVRORCZxdHJhbnNsYXRlX2xhbmc9MCZhc3BfZ2VuJTVCJTVEPXRpdGxlJmFzcF9nZW4lNUIlNUQ9Y29udGVudCZhc3BfZ2VuJTVCJTVEPWV4Y2VycHQmY3VzdG9tc2V0JTVCJTVEPXByb2R1Y3Q%3D&amp;doing_wp_cron=1581090151.4835469722747802734375\"> vestiaires<\/a>.<br \/>\nLe banc permet d&rsquo;offrir \u00e0 vos collaborateurs un confort suppl\u00e9mentaire.<br \/>\nCompos\u00e9s de 3 lattes en bois vernis et d&rsquo;une structure en tube d&rsquo;acier recouvert<br \/>\nde peinture \u00e9poxy anticorrosion, chaque banc\u00a0 est d\u2019une qualit\u00e9 irr\u00e9prochable.<br \/>\nfaciles \u00e0 ranger ou \u00e0 d\u00e9placer en cas de besoin de place.<\/p>\n<p>&nbsp;<\/p>\n","protected":false},"excerpt":{"rendered":"<p>Banc pour vestiaires id\u00e9al pour compl\u00e9ter l&rsquo;\u00e9quipement de vos vestiaires.<br \/>\nId\u00e9al pour vos vestiaires, r\u00e9fectoires, couloirs<br \/>\nRobuste, Pratique<\/p>\n","protected":false},"featured_media":23591,"comment_status":"open","ping_status":"closed","template":"","meta":[],"product_cat":[1405],"product_tag":[],"class_list":["post-23588","product","type-product","status-publish","has-post-thumbnail","hentry","product_cat-vestiaire"],"_links":{"self":[{"href":"https:\/\/aquatiss.com.tn\/fr\/wp-json\/wp\/v2\/product\/23588","targetHints":{"allow":["GET"]}}],"collection":[{"href":"https:\/\/aquatiss.com.tn\/fr\/wp-json\/wp\/v2\/product"}],"about":[{"href":"https:\/\/aquatiss.com.tn\/fr\/wp-json\/wp\/v2\/types\/product"}],"replies":[{"embeddable":true,"href":"https:\/\/aquatiss.com.tn\/fr\/wp-json\/wp\/v2\/comments?post=23588"}],"wp:featuredmedia":[{"embeddable":true,"href":"https:\/\/aquatiss.com.tn\/fr\/wp-json\/wp\/v2\/media\/23591"}],"wp:attachment":[{"href":"https:\/\/aquatiss.com.tn\/fr\/wp-json\/wp\/v2\/media?parent=23588"}],"wp:term":[{"taxonomy":"product_cat","embeddable":true,"href":"https:\/\/aquatiss.com.tn\/fr\/wp-json\/wp\/v2\/product_cat?post=23588"},{"taxonomy":"product_tag","embeddable":true,"href":"https:\/\/aquatiss.com.tn\/fr\/wp-json\/wp\/v2\/product_tag?post=23588"}],"curies":[{"name":"wp","href":"https:\/\/api.w.org\/{rel}","templated":true}]}}