{"id":23690,"date":"2020-02-12T14:21:16","date_gmt":"2020-02-12T14:21:16","guid":{"rendered":"http:\/\/gator4082.temp.domains\/~aquatiss\/?post_type=product&#038;p=23690"},"modified":"2020-02-12T14:35:00","modified_gmt":"2020-02-12T14:35:00","slug":"tiroir-marc-a-cafe-en-inox-professionnel-2-tiroirs","status":"publish","type":"product","link":"https:\/\/aquatiss.com.tn\/fr\/produit\/tiroir-marc-a-cafe-en-inox-professionnel-2-tiroirs\/","title":{"rendered":"Tiroir marc \u00e0 caf\u00e9 en inox professionnel 2 tiroirs"},"content":{"rendered":"<p>Tiroir marc \u00e0 caf\u00e9 en inox professionnel 2 tiroirs<\/p>\n<p>Bac \u00e0 marc de haute qualit\u00e9 au design soign\u00e9,<\/p>\n<p>Le compagnon id\u00e9al de votre support machine expresso pour d\u00e9verser avec facilit\u00e9 votre marc \u00e0 caf\u00e9 ou vos dosettes.<br \/>\n\u00c9l\u00e9ment en inox Tr\u00e8s robuste, d&rsquo;une qualit\u00e9 irr\u00e9prochable, vous pourrez y poser au dessus votre moulin \u00e0 grains par exemple gr\u00e2ce \u00e0 sa surface assez grande.<\/p>\n<p>Ce meuble \u00e0 Tiroir \u00e0 caf\u00e9 aussi appel\u00e9e bac \u00e0 marc est un accessoire tr\u00e8s utile et indispensable pour d\u00e9verser le marc \u00e0 caf\u00e9 une fois votre espresso r\u00e9alis\u00e9.<\/p>\n<p>Hygi\u00e9nique et pratique,<br \/>\nil\u00a0 existe\u00a0 en plusieurs\u00a0 capacit\u00e9s. Vous trouverez aussi bien des socles \u00e0 tiroir a\u00a0 poser sur<br \/>\nvotre plan de travail, muni d&rsquo;une barre de frappe <strong>en option<\/strong><\/p>\n<h5>Sp\u00e9cifications:<\/h5>\n<p>Hauteur en mm 200<br \/>\nLargeur en mm 410<br \/>\nProfondeur en mm 440<br \/>\nMat\u00e9riau du bo\u00eetier Acier \u00e9lectro-galvanis\u00e9<br \/>\ncaisson en acier inoxydable AISI 304 18\/10<\/p>\n","protected":false},"excerpt":{"rendered":"<p>Bac \u00e0 marc de haute qualit\u00e9 au design soign\u00e9, Le compagnon id\u00e9al de votre support machine expresso pour d\u00e9verser avec facilit\u00e9 votre marc \u00e0 caf\u00e9 ou vos dosettes<\/p>\n","protected":false},"featured_media":23699,"comment_status":"open","ping_status":"closed","template":"","meta":[],"product_cat":[155,2017,2018],"product_tag":[],"class_list":["post-23690","product","type-product","status-publish","has-post-thumbnail","hentry","product_cat-pause-cafe","product_cat-tiroir-a-cafe","product_cat-tiroir-marc-cafe"],"_links":{"self":[{"href":"https:\/\/aquatiss.com.tn\/fr\/wp-json\/wp\/v2\/product\/23690","targetHints":{"allow":["GET"]}}],"collection":[{"href":"https:\/\/aquatiss.com.tn\/fr\/wp-json\/wp\/v2\/product"}],"about":[{"href":"https:\/\/aquatiss.com.tn\/fr\/wp-json\/wp\/v2\/types\/product"}],"replies":[{"embeddable":true,"href":"https:\/\/aquatiss.com.tn\/fr\/wp-json\/wp\/v2\/comments?post=23690"}],"wp:featuredmedia":[{"embeddable":true,"href":"https:\/\/aquatiss.com.tn\/fr\/wp-json\/wp\/v2\/media\/23699"}],"wp:attachment":[{"href":"https:\/\/aquatiss.com.tn\/fr\/wp-json\/wp\/v2\/media?parent=23690"}],"wp:term":[{"taxonomy":"product_cat","embeddable":true,"href":"https:\/\/aquatiss.com.tn\/fr\/wp-json\/wp\/v2\/product_cat?post=23690"},{"taxonomy":"product_tag","embeddable":true,"href":"https:\/\/aquatiss.com.tn\/fr\/wp-json\/wp\/v2\/product_tag?post=23690"}],"curies":[{"name":"wp","href":"https:\/\/api.w.org\/{rel}","templated":true}]}}