{"id":2377,"date":"2017-02-06T11:58:43","date_gmt":"2017-02-06T10:58:43","guid":{"rendered":"http:\/\/gator4082.temp.domains\/~aquatiss\/?post_type=product&#038;p=2377"},"modified":"2019-02-21T10:39:06","modified_gmt":"2019-02-21T10:39:06","slug":"etiqueteuse-portable-brother-pt-h105","status":"publish","type":"product","link":"https:\/\/aquatiss.com.tn\/fr\/produit\/etiqueteuse-portable-brother-pt-h105\/","title":{"rendered":"\u00c9tiqueteuse  Portable Brother  PT-H105"},"content":{"rendered":"<p>Portable et l\u00e9g\u00e8re<br \/>\nEcran LCD<br \/>\nAjoutez des cadres et des symboles \u00e0 vos \u00e9tiquettes<br \/>\nVitesse d&rsquo;impression de 20mm\/sec<br \/>\nImprime des \u00e9tiquettes de 3,5 mm, 6 mm, 9 mm et 12 mm de large<br \/>\nInclus :1 ruban noir\/transparent 12 mm<br \/>\nPiles alcalines 6xAAA (LR03)non fournies<br \/>\nMise hors tension automatique<br \/>\nTechnologie: Transfert thermique<\/p>\n<p><strong>Conception d\u2019\u00e9tiquettes:<\/strong><\/p>\n<table style=\"height: 299px;\" border=\"2\" width=\"301\">\n<tbody>\n<tr>\n<td>Polices:<\/td>\n<td>1<\/td>\n<\/tr>\n<tr>\n<td>Cadres:<\/td>\n<td>7<\/td>\n<\/tr>\n<tr>\n<td>Symboles:<\/td>\n<td>178<\/td>\n<\/tr>\n<tr>\n<td>Param\u00e8tre d\u2019onglet:<\/td>\n<td>Oui<\/td>\n<\/tr>\n<tr>\n<td>Alignement du texte:<\/td>\n<td>Centrer, Gauche<\/td>\n<\/tr>\n<tr>\n<td>Tailles de texte:<\/td>\n<td>3<\/td>\n<\/tr>\n<tr>\n<td>Styles de texte:<\/td>\n<td>9<\/td>\n<\/tr>\n<tr>\n<td>Largeurs de texte:<\/td>\n<td>\u00c9troit, Normal,Large<\/td>\n<\/tr>\n<tr>\n<td>Soulign\u00e9:<\/td>\n<td>Oui<\/td>\n<\/tr>\n<tr>\n<td>Impression verticale:<\/td>\n<td>Oui<\/td>\n<\/tr>\n<\/tbody>\n<\/table>\n","protected":false},"excerpt":{"rendered":"<p>Portable et l\u00e9g\u00e8re<br \/>\nVitesse d&rsquo;impression de 20mm\/sec<br \/>\nImprime des \u00e9tiquettes de 3,5 mm, 6 mm, 9 mm et 12 mm de large<\/p>\n","protected":false},"featured_media":2381,"comment_status":"open","ping_status":"closed","template":"","meta":[],"product_cat":[164,537],"product_tag":[660],"class_list":["post-2377","product","type-product","status-publish","has-post-thumbnail","hentry","product_cat-bureautique","product_cat-etiqueteuse","product_tag-etiqueteuse","pa_color-noir","pa_color-blanc","pa_domaine-collectivites","pa_domaine-entreprise","pa_domaine-food","pa_domaine-hotel","pa_domaine-industrie","pa_domaine-medical","pa_largeur-maximale-du-ruban-12mm","pa_marque-brother","pa_resolution-des-caracteres-d-1-ligne-x-12-caracteres"],"_links":{"self":[{"href":"https:\/\/aquatiss.com.tn\/fr\/wp-json\/wp\/v2\/product\/2377","targetHints":{"allow":["GET"]}}],"collection":[{"href":"https:\/\/aquatiss.com.tn\/fr\/wp-json\/wp\/v2\/product"}],"about":[{"href":"https:\/\/aquatiss.com.tn\/fr\/wp-json\/wp\/v2\/types\/product"}],"replies":[{"embeddable":true,"href":"https:\/\/aquatiss.com.tn\/fr\/wp-json\/wp\/v2\/comments?post=2377"}],"wp:featuredmedia":[{"embeddable":true,"href":"https:\/\/aquatiss.com.tn\/fr\/wp-json\/wp\/v2\/media\/2381"}],"wp:attachment":[{"href":"https:\/\/aquatiss.com.tn\/fr\/wp-json\/wp\/v2\/media?parent=2377"}],"wp:term":[{"taxonomy":"product_cat","embeddable":true,"href":"https:\/\/aquatiss.com.tn\/fr\/wp-json\/wp\/v2\/product_cat?post=2377"},{"taxonomy":"product_tag","embeddable":true,"href":"https:\/\/aquatiss.com.tn\/fr\/wp-json\/wp\/v2\/product_tag?post=2377"}],"curies":[{"name":"wp","href":"https:\/\/api.w.org\/{rel}","templated":true}]}}