{"id":24223,"date":"2020-04-24T11:34:32","date_gmt":"2020-04-24T11:34:32","guid":{"rendered":"http:\/\/gator4082.temp.domains\/~aquatiss\/?post_type=product&#038;p=24223"},"modified":"2021-03-30T16:01:23","modified_gmt":"2021-03-30T16:01:23","slug":"aspirateur-fiorello-cyclonique-sans-sac-filtre-lavable-elimine-99-99-des-particules","status":"publish","type":"product","link":"https:\/\/aquatiss.com.tn\/fr\/produit\/aspirateur-fiorello-cyclonique-sans-sac-filtre-lavable-elimine-99-99-des-particules\/","title":{"rendered":"Aspirateur Fiorello cyclonique sans sac -filtre lavable -\u00e9limine  99.99 % des particules"},"content":{"rendered":"<p><strong>Aspirateur Fiorello cyclonique sans sac -filtre lavable -\u00e9limine 99.99 % des particules<\/strong><\/p>\n<p>Aspirateur Fiorelli est \u00e9quip\u00e9 par un syst\u00e8me cyclonique , l&rsquo;air passant par le r\u00e9servoir en acier inox ou la salet\u00e9 est aspir\u00e9 et emprisonn\u00e9 , il continue son voyage cyclonique par plusieurs niveaux de<br \/>\nfiltrage, en sortant du filtre HEPA il est nettoy\u00e9 a 99.9 %<\/p>\n<p><b>Cette pollution pr\u00e9sente dans l&rsquo;air pr\u00e9sente\u00a0des dangers pour la sant\u00e9 humaine, surtout pour les personnes sensibles comme les enfants, les femmes enceintes, les personnes \u00e2g\u00e9es et les personnes ayant des probl\u00e8mes respiratoires (asthme par exemple), cardiaques ou d\u2019allergies<\/b><\/p>\n<p>Aspirateur Fiorello est \u00e9quiper de <strong>EASY DRY CLEAN SYSTEM<\/strong> brevet exclusif<\/p>\n<p>afin de faciliter le nettoyage du syst\u00e8me de filtrage.<\/p>\n<p>Quand vous voyer\u00a0 l&rsquo;indicateur de trop plein\u00a0 vous avez seulement a extraire le r\u00e9servoir<br \/>\nen acier ouvrir le couvercle vider le contenu et refermer.<\/p>\n<p>l&rsquo;aspirateur cyclonique est pr\u00eat a ce mettre en marche au besoin il suffit de laver le filtre en tissu avec de l&rsquo;eau et du savon<\/p>\n<p>L&rsquo;aspirateur Fiorello est une machine avanc\u00e9e du niveau technologique fortement efficace gr\u00e2ce a son aspiration cyclonique et au filtre HEPA r\u00e9sistant pour plusieurs utilisation<\/p>\n<p>En conclusion, l&rsquo;aspirateur Fiorello est\u00a0 adapt\u00e9 dans chaque situation d&rsquo;utilisation pour son incomparable complet kit d&rsquo;accessoires, Original et actuel dans ses lignes esth\u00e9tiques et dans sa l\u00e9g\u00e8ret\u00e9 .<\/p>\n<h5><strong>Point Fort<\/strong><\/h5>\n<p style=\"text-align: left;\"><span style=\"font-size: 10pt;\">-FILTRE HEPA<\/span><br \/>\n<span style=\"font-size: 10pt;\">-CANNE ACIER CHROM\u00c9 T\u00c9LESCOPIQUE<\/span><br \/>\n<span style=\"font-size: 10pt;\">-ASPIRATION CYCLONIQUE<\/span><br \/>\n<span style=\"font-size: 10pt;\">-C\u00c2BLE AUTO-R\u00c9TRACTABLE 5 m<\/span><br \/>\n<span style=\"font-size: 10pt;\">-VOLUME SONORE 70 db<\/span><br \/>\n<span style=\"font-size: 10pt;\">-EQUIPE DE 07 ACCESSOIRES<\/span><br \/>\n<span style=\"font-size: 10pt;\">-RAPPORT QUALIT\u00c9\/PRIX<\/span><\/p>\n<p>&nbsp;<\/p>\n<p>&nbsp;<\/p>\n<p>&nbsp;<\/p>\n","protected":false},"excerpt":{"rendered":"<p><span style=\"font-size: 12pt;\">Garantie 1 an -Made in <strong>Italie<\/strong><\/span><\/p>\n<table style=\"width: 1570px;\">\n<tbody>\n<tr style=\"height: 50px;\">\n<td style=\"width: 271.069px; height: 50px;\"><a href=\"http:\/\/aquatiss.com.tn\/?attachment_id=24226\" rel=\"attachment wp-att-24226\"><img decoding=\"async\" class=\"wp-image-24226 alignleft\" src=\"http:\/\/aquatiss.com.tn\/wp-content\/uploads\/2020\/04\/loupe-micrope.jpg\" alt=\"\" width=\"53\" height=\"53\" srcset=\"https:\/\/aquatiss.com.tn\/wp-content\/uploads\/2020\/04\/loupe-micrope.jpg 225w, https:\/\/aquatiss.com.tn\/wp-content\/uploads\/2020\/04\/loupe-micrope-100x100.jpg 100w, https:\/\/aquatiss.com.tn\/wp-content\/uploads\/2020\/04\/loupe-micrope-150x150.jpg 150w, https:\/\/aquatiss.com.tn\/wp-content\/uploads\/2020\/04\/loupe-micrope-144x144.jpg 144w, https:\/\/aquatiss.com.tn\/wp-content\/uploads\/2020\/04\/loupe-micrope-64x64.jpg 64w\" sizes=\"(max-width: 53px) 100vw, 53px\" \/><\/a><\/td>\n<td style=\"width: 4739px; height: 21px;\"><strong><span style=\"font-size: 10pt;\">FILTRE 99.97 % PARTICULE DE 0.0003 mm\u00a0<\/span><\/strong><strong style=\"font-family: inherit; font-size: inherit;\"><span style=\"font-size: 10pt;\">( 300 na)<\/span><\/strong><\/td>\n<\/tr>\n<tr style=\"height: 16px;\">\n<td style=\"width: 271.069px; height: 16px;\"><a href=\"http:\/\/aquatiss.com.tn\/?attachment_id=24263\" rel=\"attachment wp-att-24263\"><img decoding=\"async\" class=\"wp-image-24263 alignleft\" src=\"http:\/\/aquatiss.com.tn\/wp-content\/uploads\/2020\/04\/poids-hauteur.jpg\" alt=\"\" width=\"69\" height=\"51\" srcset=\"https:\/\/aquatiss.com.tn\/wp-content\/uploads\/2020\/04\/poids-hauteur.jpg 311w, https:\/\/aquatiss.com.tn\/wp-content\/uploads\/2020\/04\/poids-hauteur-300x223.jpg 300w, https:\/\/aquatiss.com.tn\/wp-content\/uploads\/2020\/04\/poids-hauteur-64x48.jpg 64w\" sizes=\"(max-width: 69px) 100vw, 69px\" \/><\/a><\/td>\n<td style=\"width: 4739px; text-align: left; height: 21px;\"><strong><span style=\"font-size: 10pt;\">COMPACT ET TR\u00c8S L\u00c9GER HAUTEUR 30 cm- POIDS 4.4 kg<\/span><\/strong><\/td>\n<\/tr>\n<tr style=\"height: 18.7431px;\">\n<td style=\"width: 271.069px; height: 18.7431px;\"><a href=\"http:\/\/aquatiss.com.tn\/?attachment_id=24229\" rel=\"attachment wp-att-24229\"><img decoding=\"async\" class=\"wp-image-24229 alignleft\" src=\"http:\/\/aquatiss.com.tn\/wp-content\/uploads\/2020\/04\/CYCLONE.jpg\" alt=\"\" width=\"49\" height=\"53\" srcset=\"https:\/\/aquatiss.com.tn\/wp-content\/uploads\/2020\/04\/CYCLONE.jpg 255w, https:\/\/aquatiss.com.tn\/wp-content\/uploads\/2020\/04\/CYCLONE-64x69.jpg 64w\" sizes=\"(max-width: 49px) 100vw, 49px\" \/><\/a><\/td>\n<td style=\"width: 4739px; height: 21px;\"><strong><span style=\"font-size: 10pt;\">SYST\u00c8ME CYCLONIQUE<\/span><\/strong><br \/>\n<strong><span style=\"font-size: 10pt;\">NE PERD PAS SA CAPACIT\u00c9 D&rsquo;ASPIRATION<\/span><\/strong><\/td>\n<\/tr>\n<tr style=\"height: 21px;\">\n<td style=\"width: 271.069px; height: 21px;\"><a href=\"http:\/\/gator4082.temp.domains\/~aquatiss\/?attachment_id=24230\" rel=\"attachment wp-att-24230\"><img decoding=\"async\" class=\"wp-image-24230 alignleft\" src=\"http:\/\/aquatiss.com.tn\/wp-content\/uploads\/2020\/04\/FILTRE-HAPE.jpg\" alt=\"\" width=\"39\" height=\"54\" srcset=\"https:\/\/aquatiss.com.tn\/wp-content\/uploads\/2020\/04\/FILTRE-HAPE.jpg 238w, https:\/\/aquatiss.com.tn\/wp-content\/uploads\/2020\/04\/FILTRE-HAPE-218x300.jpg 218w, https:\/\/aquatiss.com.tn\/wp-content\/uploads\/2020\/04\/FILTRE-HAPE-64x88.jpg 64w\" sizes=\"(max-width: 39px) 100vw, 39px\" \/><\/a><\/td>\n<td style=\"width: 4739px; height: 21px;\"><span style=\"font-size: 10pt;\"><strong>FILTRE HEPA + POLYESTER FILTRE 99.97%<\/strong><\/span><br \/>\n<span style=\"font-size: 10pt;\"><strong>DES PARTICULES JUSQU\u2019A UNE DIMENSION<\/strong><\/span><br \/>\n<span style=\"font-size: 10pt;\"><strong>DE 0.0003 mm<\/strong><\/span><\/td>\n<\/tr>\n<tr style=\"height: 11px;\">\n<td style=\"width: 271.069px; height: 11px;\"><a href=\"http:\/\/aquatiss.com.tn\/?attachment_id=24231\" rel=\"attachment wp-att-24231\"><img decoding=\"async\" class=\"wp-image-24231 alignleft\" src=\"http:\/\/aquatiss.com.tn\/wp-content\/uploads\/2020\/04\/70DB.jpg\" alt=\"\" width=\"56\" height=\"55\" srcset=\"https:\/\/aquatiss.com.tn\/wp-content\/uploads\/2020\/04\/70DB.jpg 212w, https:\/\/aquatiss.com.tn\/wp-content\/uploads\/2020\/04\/70DB-100x100.jpg 100w, https:\/\/aquatiss.com.tn\/wp-content\/uploads\/2020\/04\/70DB-150x150.jpg 150w, https:\/\/aquatiss.com.tn\/wp-content\/uploads\/2020\/04\/70DB-144x144.jpg 144w, https:\/\/aquatiss.com.tn\/wp-content\/uploads\/2020\/04\/70DB-64x63.jpg 64w\" sizes=\"(max-width: 56px) 100vw, 56px\" \/><\/a><\/td>\n<td style=\"width: 4739px; height: 21px;\"><span style=\"font-size: 10pt;\"><strong>ASPIRATEUR LE PLUS SILENCIEUX SUR LE MARCHE<\/strong><\/span><\/td>\n<\/tr>\n<\/tbody>\n<\/table>\n","protected":false},"featured_media":24224,"comment_status":"open","ping_status":"closed","template":"","meta":[],"product_cat":[106],"product_tag":[],"class_list":["post-24223","product","type-product","status-publish","has-post-thumbnail","hentry","product_cat-aspirateurs","pa_contenance-2-1l","pa_debit-80l-s","pa_puissance-1800w"],"_links":{"self":[{"href":"https:\/\/aquatiss.com.tn\/fr\/wp-json\/wp\/v2\/product\/24223","targetHints":{"allow":["GET"]}}],"collection":[{"href":"https:\/\/aquatiss.com.tn\/fr\/wp-json\/wp\/v2\/product"}],"about":[{"href":"https:\/\/aquatiss.com.tn\/fr\/wp-json\/wp\/v2\/types\/product"}],"replies":[{"embeddable":true,"href":"https:\/\/aquatiss.com.tn\/fr\/wp-json\/wp\/v2\/comments?post=24223"}],"wp:featuredmedia":[{"embeddable":true,"href":"https:\/\/aquatiss.com.tn\/fr\/wp-json\/wp\/v2\/media\/24224"}],"wp:attachment":[{"href":"https:\/\/aquatiss.com.tn\/fr\/wp-json\/wp\/v2\/media?parent=24223"}],"wp:term":[{"taxonomy":"product_cat","embeddable":true,"href":"https:\/\/aquatiss.com.tn\/fr\/wp-json\/wp\/v2\/product_cat?post=24223"},{"taxonomy":"product_tag","embeddable":true,"href":"https:\/\/aquatiss.com.tn\/fr\/wp-json\/wp\/v2\/product_tag?post=24223"}],"curies":[{"name":"wp","href":"https:\/\/api.w.org\/{rel}","templated":true}]}}