{"id":2481,"date":"2017-02-13T15:21:26","date_gmt":"2017-02-13T14:21:26","guid":{"rendered":"http:\/\/gator4082.temp.domains\/~aquatiss\/?post_type=product&#038;p=2481"},"modified":"2017-02-14T11:07:53","modified_gmt":"2017-02-14T10:07:53","slug":"panneau-stop-trottoir-a-ressorts","status":"publish","type":"product","link":"https:\/\/aquatiss.com.tn\/fr\/produit\/panneau-stop-trottoir-a-ressorts\/","title":{"rendered":"Panneau stop trottoir \u00e0 ressorts"},"content":{"rendered":"<p>Panneau \u00e0 \u00e9crire double face<br \/>\nPanneau stop trottoir \u00e0 ressort id\u00e9al pour les centre-ville, les zones pi\u00e9tonnes et les galeries marchandes.<br \/>\nParfaitement \u00e9tanche, tr\u00e8s stable et d\u2019une dur\u00e9e de vie sans \u00e9gal<br \/>\nMettre en avant vos offres pendant de nombreuses ann\u00e9es<br \/>\nLes ressorts, test\u00e9s en soufflerie, permettent une r\u00e9sistance \u00e0 des vents pouvant atteindre 120km\/h<br \/>\nSa finition poss\u00e8de les m\u00eames qualit\u00e9s que le panneau vitr\u00e9 mais la plaque de fond est v\u00e9ritablement con\u00e7ue pour l\u2019\u00e9criture et l\u2019effa\u00e7age<br \/>\n On utilise avec de parfaits r\u00e9sultats tous types de feutres ou marqueurs effa\u00e7able \u00e0 sec ou \u00e0 l\u2019alcool<\/p>\n","protected":false},"excerpt":{"rendered":"<p>Panneau \u00e0 \u00e9crire double face<\/p>\n","protected":false},"featured_media":2485,"comment_status":"open","ping_status":"closed","template":"","meta":[],"product_cat":[164,612,549],"product_tag":[671],"class_list":["post-2481","product","type-product","status-publish","has-post-thumbnail","hentry","product_cat-bureautique","product_cat-chevalet-de-conference","product_cat-tableaux-a-ecrire","product_tag-tableau","pa_domaine-collectivites","pa_domaine-entreprise","pa_domaine-food","pa_domaine-hotel","pa_domaine-industrie","pa_domaine-medical","pa_fond-blanc"],"_links":{"self":[{"href":"https:\/\/aquatiss.com.tn\/fr\/wp-json\/wp\/v2\/product\/2481","targetHints":{"allow":["GET"]}}],"collection":[{"href":"https:\/\/aquatiss.com.tn\/fr\/wp-json\/wp\/v2\/product"}],"about":[{"href":"https:\/\/aquatiss.com.tn\/fr\/wp-json\/wp\/v2\/types\/product"}],"replies":[{"embeddable":true,"href":"https:\/\/aquatiss.com.tn\/fr\/wp-json\/wp\/v2\/comments?post=2481"}],"wp:featuredmedia":[{"embeddable":true,"href":"https:\/\/aquatiss.com.tn\/fr\/wp-json\/wp\/v2\/media\/2485"}],"wp:attachment":[{"href":"https:\/\/aquatiss.com.tn\/fr\/wp-json\/wp\/v2\/media?parent=2481"}],"wp:term":[{"taxonomy":"product_cat","embeddable":true,"href":"https:\/\/aquatiss.com.tn\/fr\/wp-json\/wp\/v2\/product_cat?post=2481"},{"taxonomy":"product_tag","embeddable":true,"href":"https:\/\/aquatiss.com.tn\/fr\/wp-json\/wp\/v2\/product_tag?post=2481"}],"curies":[{"name":"wp","href":"https:\/\/api.w.org\/{rel}","templated":true}]}}