{"id":2489,"date":"2017-02-13T16:05:26","date_gmt":"2017-02-13T15:05:26","guid":{"rendered":"http:\/\/gator4082.temp.domains\/~aquatiss\/?post_type=product&#038;p=2489"},"modified":"2017-02-14T11:17:53","modified_gmt":"2017-02-14T10:17:53","slug":"tableau-daffichage-blanc-laque-2","status":"publish","type":"product","link":"https:\/\/aquatiss.com.tn\/fr\/produit\/tableau-daffichage-blanc-laque-2\/","title":{"rendered":"Tableau d&rsquo;affichage blanc laqu\u00e9"},"content":{"rendered":"<p>Tableau d&rsquo;affichage blanc laqu\u00e9 sur socle fixe m\u00e9tallique gris aluminium<br \/>\nTableau brillants effa\u00e7ables \u00e0 sec permettant la fixation magn\u00e9tique<br \/>\nSurface tr\u00e8s lisse<br \/>\nEncadrement aluminium anodis\u00e9 naturel<br \/>\nTableaux recommand\u00e9s pour un usage fr\u00e9quent<\/p>\n","protected":false},"excerpt":{"rendered":"<p>Sur socle fixe m\u00e9tallique gris aluminium<br \/>\nTableau brillants effa\u00e7ables \u00e0 sec permettant la fixation magn\u00e9tique<\/p>\n","protected":false},"featured_media":2490,"comment_status":"open","ping_status":"closed","template":"","meta":[],"product_cat":[164,612,550],"product_tag":[671],"class_list":["post-2489","product","type-product","status-publish","has-post-thumbnail","hentry","product_cat-bureautique","product_cat-chevalet-de-conference","product_cat-tableaux","product_tag-tableau","pa_domaine-collectivites","pa_domaine-entreprise","pa_domaine-food","pa_domaine-hotel","pa_domaine-industrie","pa_domaine-medical","pa_fond-aimente","pa_fond-blanc","pa_taille-675","pa_taille-677"],"_links":{"self":[{"href":"https:\/\/aquatiss.com.tn\/fr\/wp-json\/wp\/v2\/product\/2489","targetHints":{"allow":["GET"]}}],"collection":[{"href":"https:\/\/aquatiss.com.tn\/fr\/wp-json\/wp\/v2\/product"}],"about":[{"href":"https:\/\/aquatiss.com.tn\/fr\/wp-json\/wp\/v2\/types\/product"}],"replies":[{"embeddable":true,"href":"https:\/\/aquatiss.com.tn\/fr\/wp-json\/wp\/v2\/comments?post=2489"}],"wp:featuredmedia":[{"embeddable":true,"href":"https:\/\/aquatiss.com.tn\/fr\/wp-json\/wp\/v2\/media\/2490"}],"wp:attachment":[{"href":"https:\/\/aquatiss.com.tn\/fr\/wp-json\/wp\/v2\/media?parent=2489"}],"wp:term":[{"taxonomy":"product_cat","embeddable":true,"href":"https:\/\/aquatiss.com.tn\/fr\/wp-json\/wp\/v2\/product_cat?post=2489"},{"taxonomy":"product_tag","embeddable":true,"href":"https:\/\/aquatiss.com.tn\/fr\/wp-json\/wp\/v2\/product_tag?post=2489"}],"curies":[{"name":"wp","href":"https:\/\/api.w.org\/{rel}","templated":true}]}}