{"id":25134,"date":"2020-06-24T15:04:19","date_gmt":"2020-06-24T15:04:19","guid":{"rendered":"http:\/\/gator4082.temp.domains\/~aquatiss\/?post_type=product&#038;p=25134"},"modified":"2020-06-24T15:15:30","modified_gmt":"2020-06-24T15:15:30","slug":"cendrier-bakelite-en-plastique","status":"publish","type":"product","link":"https:\/\/aquatiss.com.tn\/fr\/produit\/cendrier-bakelite-en-plastique\/","title":{"rendered":"Cendrier  bak\u00e9lite en plastique"},"content":{"rendered":"<p>Cendrier bak\u00e9lite en plastique<\/p>\n<p><strong>Personnalisation en option sur devis<\/strong><\/p>\n<p>Cendrier en plastique bak\u00e9lite, forme ronde, diam\u00e8tre 13 mm, poids l\u00e9ger. Rebord de plateau avec 4 espaces en U<\/p>\n<p>pour mettre des cigarettes.<\/p>\n<p>Couleurs disponibles: noir-orange-blanc<\/p>\n<p>Design classique, parfait pour tout restaurant, bureau, salon de th\u00e9 ou bar<\/p>\n<h4>Caract\u00e9ristiques<\/h4>\n<p><span data-spm-anchor-id=\"a2700.md_fr_FR.pronpeci14.i3.c1c1674fQZcNAc\">Cendrier<\/span><br \/>\n<span data-spm-anchor-id=\"a2700.md_fr_FR.pronpeci14.i4.c1c1674fQZcNAc\">\u00a0Mat\u00e9riel: bak\u00e9lite, plastique<\/span><br \/>\nCouleur: noir-orange-blanc<br \/>\nForme: Ronde<br \/>\nType de Table pour Bar ou Restaurant<\/p>\n<p>&nbsp;<\/p>\n","protected":false},"excerpt":{"rendered":"<p>Cendrier en plastique bak\u00e9lite, forme ronde, diam\u00e8tre 13 mm, poids l\u00e9ger. Rebord de plateau avec 4 espaces en U pour mettre des cigarettes<\/p>\n<p><strong>Personnalisation en option sur devis<\/strong><\/p>\n<p>Couleur possible noir, blanc, orange<\/p>\n","protected":false},"featured_media":25135,"comment_status":"open","ping_status":"closed","template":"","meta":[],"product_cat":[309],"product_tag":[],"class_list":["post-25134","product","type-product","status-publish","has-post-thumbnail","hentry","product_cat-cendrier-de-table"],"_links":{"self":[{"href":"https:\/\/aquatiss.com.tn\/fr\/wp-json\/wp\/v2\/product\/25134","targetHints":{"allow":["GET"]}}],"collection":[{"href":"https:\/\/aquatiss.com.tn\/fr\/wp-json\/wp\/v2\/product"}],"about":[{"href":"https:\/\/aquatiss.com.tn\/fr\/wp-json\/wp\/v2\/types\/product"}],"replies":[{"embeddable":true,"href":"https:\/\/aquatiss.com.tn\/fr\/wp-json\/wp\/v2\/comments?post=25134"}],"wp:featuredmedia":[{"embeddable":true,"href":"https:\/\/aquatiss.com.tn\/fr\/wp-json\/wp\/v2\/media\/25135"}],"wp:attachment":[{"href":"https:\/\/aquatiss.com.tn\/fr\/wp-json\/wp\/v2\/media?parent=25134"}],"wp:term":[{"taxonomy":"product_cat","embeddable":true,"href":"https:\/\/aquatiss.com.tn\/fr\/wp-json\/wp\/v2\/product_cat?post=25134"},{"taxonomy":"product_tag","embeddable":true,"href":"https:\/\/aquatiss.com.tn\/fr\/wp-json\/wp\/v2\/product_tag?post=25134"}],"curies":[{"name":"wp","href":"https:\/\/api.w.org\/{rel}","templated":true}]}}