{"id":25329,"date":"2020-07-22T12:56:52","date_gmt":"2020-07-22T12:56:52","guid":{"rendered":"http:\/\/gator4082.temp.domains\/~aquatiss\/?post_type=product&#038;p=25329"},"modified":"2020-07-22T14:44:43","modified_gmt":"2020-07-22T14:44:43","slug":"nettoyant-detergent-bactericide-bactifree-spray-3-en-1","status":"publish","type":"product","link":"https:\/\/aquatiss.com.tn\/fr\/produit\/nettoyant-detergent-bactericide-bactifree-spray-3-en-1\/","title":{"rendered":"Nettoyant d\u00e9tergent Bact\u00e9ricide Bactifree Spray 3 en 1"},"content":{"rendered":"<p>Nettoyant d\u00e9tergent Bact\u00e9ricide Bactifree Spray 3 en 1<br \/>\nsurfaces hautes<br \/>\nEn seulement 60 secondes<\/p>\n<h4><strong>Mode d\u2019utilisation<\/strong><\/h4>\n<p>Pulv\u00e9riser le produit sur un chiffon doux.<br \/>\nAppliquer sur la surface \u00e0 traiter. Laisser agir.<br \/>\nLa surface est d\u00e9sinfect\u00e9e en seulement 60 secondes.<br \/>\nEssuyer soigneusement avec un chiffon doux toutes les surfaces<br \/>\npouvant entrer en contact avec des aliments.<\/p>\n<p><strong>Attention<\/strong><br \/>\nNe pas utiliser sur les surfaces chaudes, ab\u00eem\u00e9es ou ray\u00e9es ni les surfaces sensibles aux acides. En cas de doute, faire un test pr\u00e9alable sur une petite surface non visible.<\/p>\n<p><strong>Utilisations<\/strong><\/p>\n<p>Bureaux, plans de travail,<br \/>\ninterrupteurs, cabines t\u00e9l\u00e9phoniques,<br \/>\nordinateurs, claviers, souris, imprimantes,<br \/>\nphotocopieurs, meubles, jouets,<br \/>\npoign\u00e9es de portes, abattant WC,<br \/>\npommeau de levier de vitesses&#8230;<\/p>\n<h4><strong>Pr\u00e9caution D&#8217;emploi<\/strong><\/h4>\n<p>Nettoyant d\u00e9tergent <a href=\"http:\/\/gator4082.temp.domains\/~aquatiss\/?s=bactericide&amp;post_type=product&amp;type_aws=true&amp;doing_wp_cron=1595422948.8736350536346435546875\">Bact\u00e9ricide<\/a> Bactifree Spray 3 en 1<\/p>\n<p>Produit irritant pour les yeux. Ne pas respirer<br \/>\nles pulv\u00e9risations. En cas de contact avec les<br \/>\nyeux, laver imm\u00e9diatement et abondamment<br \/>\navec de l\u2019eau et consulter un sp\u00e9cialiste.<br \/>\nEn cas d\u2019ingestion, consulter<br \/>\nimm\u00e9diatement un m\u00e9decin<br \/>\net lui montrer l\u2019emballage<br \/>\nou l\u2019\u00e9tiquette<\/p>\n<p><strong>Caract\u00e9ristique<\/strong><br \/>\nSolution limpide incolore<br \/>\nOdeur fra\u00eecheur de menthe<br \/>\npH: 2.9<br \/>\nDensit\u00e9 20\u00b0C: 1.18<br \/>\n<strong>Composition qualitative<\/strong><\/p>\n<p>\u00c9thanol, eau osmose, \u00e9paississant<br \/>\nnaturel, acide lactique, tensioactif anionique, glutamate, parfum.<\/p>\n<p><strong>Propri\u00e9t\u00e9s Microbiologiques<\/strong><\/p>\n<table style=\"height: 255px; border-color: #f0ebeb;\" width=\"513\">\n<caption>\u00a0<\/caption>\n<tbody>\n<tr>\n<td style=\"width: 162.708px; text-align: left;\"><span style=\"color: #800080;\"><strong>Actif sur<\/strong><\/span><\/td>\n<td style=\"width: 166.042px; text-align: left;\"><span style=\"color: #800080;\"><strong>Normes T<\/strong><\/span><\/td>\n<td style=\"width: 167.153px; text-align: left;\"><span style=\"color: #800080;\"><strong>Temps de<\/strong><\/span><br \/>\n<span style=\"color: #800080;\"><strong>contact<\/strong><\/span><\/td>\n<\/tr>\n<tr>\n<td style=\"width: 162.708px; text-align: left;\"><span style=\"color: #00ccff;\">Bact\u00e9ries<\/span><\/td>\n<td style=\"width: 166.042px;\"><strong>EN 1040EN<\/strong><br \/>\n<strong>1276EN<\/strong><br \/>\n<strong>13727+A1<\/strong><\/td>\n<td style=\"width: 167.153px;\"><strong>5 minutes<\/strong><br \/>\n<strong>60 secondes<\/strong><br \/>\n<strong>60 secondes<\/strong><\/td>\n<\/tr>\n<tr>\n<td style=\"width: 162.708px; text-align: left;\"><span style=\"color: #00ccff;\">Levures\/<\/span><br \/>\n<span style=\"color: #00ccff;\">Moisissures<\/span><\/td>\n<td style=\"width: 166.042px;\"><strong>EN 1275En 1650 +A1<\/strong><\/td>\n<td style=\"width: 167.153px;\"><strong>15 minutes<\/strong><\/td>\n<\/tr>\n<tr>\n<td style=\"width: 162.708px; text-align: left;\"><span style=\"color: #00ccff;\">Virus<\/span><\/td>\n<td style=\"width: 166.042px;\"><strong>EN 14476+ A1(HBV)6<\/strong><\/td>\n<td style=\"width: 167.153px;\"><strong>60 minutes<\/strong><\/td>\n<\/tr>\n<\/tbody>\n<\/table>\n<p>&nbsp;<\/p>\n<p><strong>Efficace en 60 secondes<\/strong><br \/>\nConform\u00e9ment \u00e0 la Norme<br \/>\nEn 1276 en conditions de salet\u00e9s<\/p>\n","protected":false},"excerpt":{"rendered":"<p><span style=\"font-size: 14pt;\"><strong>Pulv\u00e9risateur 750 ml<\/strong><\/span><\/p>\n<table style=\"height: 48px; background-color: #24bf60; border-color: #faf7f7;\" width=\"356\">\n<tbody>\n<tr>\n<td style=\"width: 349.375px; text-align: center;\"><span style=\"font-family: tahoma, arial, helvetica, sans-serif;\">\u00a0<span style=\"font-size: 18pt; color: #ffffff;\">100%\u00a0 Origine Naturelle<\/span><\/span><\/td>\n<\/tr>\n<\/tbody>\n<\/table>\n<p><a href=\"http:\/\/gator4082.temp.domains\/~aquatiss\/?attachment_id=25334\" rel=\"attachment wp-att-25334\"><img decoding=\"async\" class=\" wp-image-25334 alignleft\" src=\"http:\/\/gator4082.temp.domains\/~aquatiss\/wp-content\/uploads\/2020\/07\/fra\u00eecheur-feuille-de-menthe.jpg\" alt=\"\" width=\"205\" height=\"205\" srcset=\"https:\/\/aquatiss.com.tn\/wp-content\/uploads\/2020\/07\/fra\u00eecheur-feuille-de-menthe.jpg 512w, https:\/\/aquatiss.com.tn\/wp-content\/uploads\/2020\/07\/fra\u00eecheur-feuille-de-menthe-100x100.jpg 100w, https:\/\/aquatiss.com.tn\/wp-content\/uploads\/2020\/07\/fra\u00eecheur-feuille-de-menthe-300x300.jpg 300w, https:\/\/aquatiss.com.tn\/wp-content\/uploads\/2020\/07\/fra\u00eecheur-feuille-de-menthe-150x150.jpg 150w, https:\/\/aquatiss.com.tn\/wp-content\/uploads\/2020\/07\/fra\u00eecheur-feuille-de-menthe-144x144.jpg 144w\" sizes=\"(max-width: 205px) 100vw, 205px\" \/><\/a><\/p>\n<p><span style=\"color: #800080;\"><strong>Agit en seulement <span style=\"font-size: 18pt;\">60<\/span> secondes<\/strong><\/span><br \/>\nHomologu\u00e9 par le minist\u00e8re de la sant\u00e9<br \/>\n<span style=\"color: #993366;\">Solution limpide incolore odeur fra\u00eecheur menthe <strong>PH<\/strong> 2.9\u00a0 <strong>Densit\u00e9<\/strong> 20\u00b0C 1.18<\/span><\/p>\n<p><strong>Utilisations:<\/strong>Bureaux, plans de travail,interrupteurs, cabines t\u00e9l\u00e9phoniques,ordinateurs, claviers, souris, imprimantes,photocopieurs, meubles, jouets,poign\u00e9es de portes, abattant WC, pommeau de levier de vitesses&#8230;<\/p>\n<p>&nbsp;<\/p>\n<p>&nbsp;<\/p>\n","protected":false},"featured_media":25338,"comment_status":"open","ping_status":"closed","template":"","meta":[],"product_cat":[2020,143],"product_tag":[],"class_list":["post-25329","product","type-product","status-publish","has-post-thumbnail","hentry","product_cat-produit-medical","product_cat-produits-bio","pa_format-750-ml"],"_links":{"self":[{"href":"https:\/\/aquatiss.com.tn\/fr\/wp-json\/wp\/v2\/product\/25329","targetHints":{"allow":["GET"]}}],"collection":[{"href":"https:\/\/aquatiss.com.tn\/fr\/wp-json\/wp\/v2\/product"}],"about":[{"href":"https:\/\/aquatiss.com.tn\/fr\/wp-json\/wp\/v2\/types\/product"}],"replies":[{"embeddable":true,"href":"https:\/\/aquatiss.com.tn\/fr\/wp-json\/wp\/v2\/comments?post=25329"}],"wp:featuredmedia":[{"embeddable":true,"href":"https:\/\/aquatiss.com.tn\/fr\/wp-json\/wp\/v2\/media\/25338"}],"wp:attachment":[{"href":"https:\/\/aquatiss.com.tn\/fr\/wp-json\/wp\/v2\/media?parent=25329"}],"wp:term":[{"taxonomy":"product_cat","embeddable":true,"href":"https:\/\/aquatiss.com.tn\/fr\/wp-json\/wp\/v2\/product_cat?post=25329"},{"taxonomy":"product_tag","embeddable":true,"href":"https:\/\/aquatiss.com.tn\/fr\/wp-json\/wp\/v2\/product_tag?post=25329"}],"curies":[{"name":"wp","href":"https:\/\/api.w.org\/{rel}","templated":true}]}}