{"id":25343,"date":"2020-07-23T10:11:38","date_gmt":"2020-07-23T10:11:38","guid":{"rendered":"http:\/\/gator4082.temp.domains\/~aquatiss\/?post_type=product&#038;p=25343"},"modified":"2020-07-23T10:38:18","modified_gmt":"2020-07-23T10:38:18","slug":"conteneur-isotherme-gris-af12-glissieres-90l","status":"publish","type":"product","link":"https:\/\/aquatiss.com.tn\/fr\/produit\/conteneur-isotherme-gris-af12-glissieres-90l\/","title":{"rendered":"Conteneur isotherme gris AF12  glissi\u00e8res  90L"},"content":{"rendered":"<p>&nbsp;<\/p>\n<p>Conteneur isotherme gris AF12 glissi\u00e8res 90L<\/p>\n<p>&nbsp;<\/p>\n<p>Gr\u00e2ce aux excellentes performances isothermes, il maintient pendant longtemps le repas \u00e0 la temp\u00e9rature de conservation optimale.<\/p>\n<p>Assure le correct maintien thermique, en limitant les risques de prolif\u00e9rations bact\u00e9riennes et en pr\u00e9servant la qualit\u00e9 et les propri\u00e9t\u00e9s organoleptiques des aliments.<\/p>\n<p>Les caract\u00e9ristiques isothermes remplissent les crit\u00e8res de la l\u00e9gislation en vigueur (R\u00e9g. CE 852\/2004 \u2013HACCP-) et des normes techniques applicables (EN12571 et Accord AFNOR AC D40-007).<\/p>\n<p>Permet d&rsquo;op\u00e9rer correctement en environnement HACCP.<\/p>\n<p>Les mat\u00e9riaux utilis\u00e9s pour la fabrication sont aptes au contact avec les aliments sur toute la surface du conteneur.<\/p>\n<p>Les crit\u00e8res de conception permettent un nettoyage et une d\u00e9sinfection correcte (R\u00e9g. CE 852\/2004 \u2013HACCP-) \u00e9galement en lave-vaisselle.<\/p>\n<p>Con\u00e7u pour durer dans le temps : ses prestations restent pratiquement inalt\u00e9r\u00e9es avec la r\u00e9utilisation.<\/p>\n<p>Impact environnemental tr\u00e8s bas par rapport \u00e0 celui de conteneurs \u00e0 usage unique.<\/p>\n<p>Enti\u00e8rement recyclable au terme de sa dur\u00e9e de vie.<\/p>\n<p>Pr\u00e9dispos\u00e9 pour l&rsquo;utilisation avec le syst\u00e8me d&rsquo;activation \u201cPorte Active\u201d, pour prolonger ind\u00e9finiment les temps de transport en liaison chaude.<\/p>\n<p>Pr\u00e9dispos\u00e9 pour l&rsquo;utilisation avec plaques eutectiques, pour le prolongement des temps de maintien de la temp\u00e9rature interne (en liaison chaude, fra\u00eeche ou surgel\u00e9e).<\/p>\n<p>Il est dot\u00e9 de douze glissi\u00e8res \u00e0 pas constant, c\u2019est l&rsquo;id\u00e9al pour transporter de bacs GN d&rsquo;\u00e9gale hauteur.<\/p>\n<p>L\u2019ouverture frontale est particuli\u00e8rement adapt\u00e9e pour introduire de mani\u00e8re ais\u00e9e les bacs Gastronorm 1\/1, 1\/2 et 1\/3.<\/p>\n<p>Con\u00e7u pour \u00eatre en m\u00eame temps compact et tr\u00e8s maniable.<\/p>\n<p>Empilable et facilement d\u00e9pla\u00e7able gr\u00e2ce au chariot d\u00e9di\u00e9.<\/p>\n<p>Disponible en option un syst\u00e8me de blocage du conteneur \u00e0 son chariot et de deux conteneurs superpos\u00e9s.<\/p>\n<p>Porte facilement ouvrable m\u00eame en pr\u00e9sence de plusieurs conteneurs empil\u00e9s, pour faciliter les op\u00e9rations de chargement.<\/p>\n<p>Dot\u00e9 de porte-\u00e9tiquettes int\u00e9gr\u00e9 sur la porte, pour l&rsquo;identification du contenu et de la destination.<\/p>\n<p>&nbsp;<\/p>\n<h4>CARACT\u00c9RISTIQUES TECHNIQUES Conteneur isotherme gris AF12 glissi\u00e8res 90L<\/h4>\n<p>Caisse isotherme Fabriqu\u00e9 avec la technologie du rotomoulage qui permet de produire des objets sans bords, joints et soudures et donc tr\u00e8s robustes et, en m\u00eame temps, tr\u00e8s efficaces d&rsquo;un point de vue du maintien thermique.<\/p>\n<p>Caract\u00e9ris\u00e9 par un syst\u00e8me de fermeture pratique et efficace, compos\u00e9 de deux crochets de fermeture en mat\u00e9riel antichoc et par un joint interne de la porte facilement d\u00e9montable.<\/p>\n<p>Dot\u00e9 de :<\/p>\n<p>poign\u00e9es ergonomiques int\u00e9gr\u00e9es en acier inoxydable, pratiques, s\u00fbres et extr\u00eamement fonctionnelles.<\/p>\n<p>porte ouvrable \u00e0 240\u00b0 max. et facilement extractible pour faciliter le lavage en lave-vaisselle.<\/p>\n<p>charni\u00e8res en mat\u00e9riel antichoc et r\u00e9sistantes aux contraintes.<\/p>\n<p>d\u2019une valve de d\u00e9compression r\u00e9glable.<\/p>\n<p>Isolation en mousse de polyur\u00e9thane expans\u00e9 sans CFC et HCFC.<\/p>\n<p>Garanti pour l&rsquo;utilisation de \u201330\u00b0 \u00e0 +100\u00b0C.<\/p>\n<p>LOGEMENT BACS GN 1\/1<br \/>\n1 x plaque eutectique + 2 x 200 (h)<br \/>\n4 x 100 (h)<br \/>\n3 x 150 (h)<br \/>\n6 x 65 (h)<\/p>\n<h4>Conclusion<\/h4>\n<p>bac isotherme Capacit\u00e9 90 l.-<br \/>\nPoids 14 kg \u00e0 vide.<br \/>\nPeut recevoir<br \/>\n&#8211; 6 bacs gn 1\/1 prof. 65 mm<br \/>\n&#8211; 4 bacs gn 1\/1 prof.100 mm<br \/>\n&#8211; 3 bacs gn 1\/1 prof.150 mm<br \/>\n&#8211; 2 bacs gn 1\/1 prof.200 mm<br \/>\nDimensions externes : L.440 x P.665 x H.650 mm<br \/>\nDimensions internes : L.330 x P.533 x H.515 mm<br \/>\nMarque MONETTI<\/p>\n","protected":false},"excerpt":{"rendered":"<p>Garanti pour l&rsquo;utilisation<span style=\"font-size: 10pt;\"> de <span style=\"color: #0000ff;\">\u201330\u00b0<\/span> \u00e0 <span style=\"color: #ff0000;\">+100\u00b0<\/span>C<\/span> <span style=\"font-size: 12pt;\">.<\/span>dot\u00e9 de 12 glissi\u00e8res pour les bacs Gastronome 1\/1, 1\/2 et 1\/3.<br \/>\nPour le transport de repas et boissons , Excellentes performances isothermes, Maintient pendant le repas \u00e0 la temp\u00e9rature de conservation optimale<\/p>\n","protected":false},"featured_media":25344,"comment_status":"open","ping_status":"closed","template":"","meta":[],"product_cat":[329],"product_tag":[],"class_list":["post-25343","product","type-product","status-publish","has-post-thumbnail","hentry","product_cat-conteneur-isothermique"],"_links":{"self":[{"href":"https:\/\/aquatiss.com.tn\/fr\/wp-json\/wp\/v2\/product\/25343","targetHints":{"allow":["GET"]}}],"collection":[{"href":"https:\/\/aquatiss.com.tn\/fr\/wp-json\/wp\/v2\/product"}],"about":[{"href":"https:\/\/aquatiss.com.tn\/fr\/wp-json\/wp\/v2\/types\/product"}],"replies":[{"embeddable":true,"href":"https:\/\/aquatiss.com.tn\/fr\/wp-json\/wp\/v2\/comments?post=25343"}],"wp:featuredmedia":[{"embeddable":true,"href":"https:\/\/aquatiss.com.tn\/fr\/wp-json\/wp\/v2\/media\/25344"}],"wp:attachment":[{"href":"https:\/\/aquatiss.com.tn\/fr\/wp-json\/wp\/v2\/media?parent=25343"}],"wp:term":[{"taxonomy":"product_cat","embeddable":true,"href":"https:\/\/aquatiss.com.tn\/fr\/wp-json\/wp\/v2\/product_cat?post=25343"},{"taxonomy":"product_tag","embeddable":true,"href":"https:\/\/aquatiss.com.tn\/fr\/wp-json\/wp\/v2\/product_tag?post=25343"}],"curies":[{"name":"wp","href":"https:\/\/api.w.org\/{rel}","templated":true}]}}