{"id":25394,"date":"2020-08-03T13:21:02","date_gmt":"2020-08-03T13:21:02","guid":{"rendered":"http:\/\/gator4082.temp.domains\/~aquatiss\/nos-produits\/nettoyeur-haute-pression-eau-lavor-pro-120-bar\/"},"modified":"2020-12-01T10:03:03","modified_gmt":"2020-12-01T10:03:03","slug":"nettoyeur-haute-pression-eau-lavor-pro-125bar","status":"publish","type":"product","link":"https:\/\/aquatiss.com.tn\/fr\/produit\/nettoyeur-haute-pression-eau-lavor-pro-125bar\/","title":{"rendered":"Nettoyeur haute pression eau  LAVOR PRO 125BAR"},"content":{"rendered":"<p>Nettoyeur haute pression eau LAVOR PRO 125BAR<\/p>\n<p>\u00e9quip\u00e9 d&rsquo;un moteur de 3000 W permettant d&rsquo;obtenir une pression maximale de 200 bars avec un d\u00e9bit d&rsquo;eau maximum de 660 L\/h.<\/p>\n<p>Moteur \u00e9lectrique 4 p\u00f4les (1450 tr\/min) avec protection thermique et refroidissement par eau<br \/>\nPompe lin\u00e9aire 3 pistons rev\u00eatus c\u00e9ramiques, t\u00eate de pompe en laiton avec vanne by-pass incorpor\u00e9e<br \/>\nT.S.: basse tension et Arr\u00eat Total temporis\u00e9<br \/>\nClapets aspiration \/ refoulement acier inox<br \/>\nR\u00e9servoir du d\u00e9tergent avec tube externe<br \/>\nR\u00e9gulateur de pression<br \/>\nManom\u00e8tre \u00e0 bain de glyc\u00e9rine<br \/>\nCh\u00e2ssis acier<br \/>\nCouvercle acier<br \/>\n<strong><u>Livr\u00e9 avec :<\/u><\/strong><br \/>\nPistolet M22 &#8211; 3\/8 avec accouplement rapide rotatif<br \/>\nLance M22 haute\/basse pression<br \/>\nBuse h.p. 045<br \/>\nFlexible haute pression 10 m<br \/>\nC\u00e2ble d&rsquo;alimentation 6 m<\/p>\n<h5>Sp\u00e9cification techniques:<\/h5>\n<table style=\"height: 169px;\" width=\"584\">\n<tbody>\n<tr>\n<td style=\"width: 286.042px;\">pression service\/max<\/td>\n<td style=\"width: 286.042px;\">125 bar<\/td>\n<\/tr>\n<tr>\n<td style=\"width: 286.042px;\">D\u00e9bit<\/td>\n<td style=\"width: 286.042px;\">660 l\/h<\/td>\n<\/tr>\n<tr>\n<td style=\"width: 286.042px;\">Puissance absorb\u00e9e\/tension<\/td>\n<td style=\"width: 286.042px;\">3000W \/ 230V &#8211; 50Hz<\/td>\n<\/tr>\n<tr>\n<td style=\"width: 286.042px;\">temp.max. entr\u00e9e<\/td>\n<td style=\"width: 286.042px;\">40 \u00b0C<\/td>\n<\/tr>\n<tr>\n<td style=\"width: 286.042px;\">Type de motopompe<\/td>\n<td style=\"width: 286.042px;\">MPW5 Ni<\/td>\n<\/tr>\n<tr>\n<td style=\"width: 286.042px;\">RPM<\/td>\n<td style=\"width: 286.042px;\">1450 RPM<\/td>\n<\/tr>\n<\/tbody>\n<\/table>\n<p>&nbsp;<\/p>\n","protected":false},"excerpt":{"rendered":"<p>Nettoyeur haute pression eau froid LAVOR PRO \u00e9quip\u00e9 d&rsquo;un moteur de 3000 W<\/p>\n<p>Une pression maximale de 125 bars<\/p>\n<p>D\u00e9bit d&rsquo;eau maximum de 660\u00a0 L\/h.<\/p>\n[maxbutton id=\"1\" url=\"http:\/\/gator4082.temp.domains\/~aquatiss\/wp-content\/uploads\/2020\/08\/Notice-PDF-nettoyeur-haute-hyper-c-1211.jpg\" ]\n<p>&nbsp;<\/p>\n","protected":false},"featured_media":12394,"comment_status":"open","ping_status":"closed","template":"","meta":[],"product_cat":[134],"product_tag":[386],"class_list":["post-25394","product","type-product","status-publish","has-post-thumbnail","hentry","product_cat-nettoyeurs-haute-pression","product_tag-nettoyeur"],"_links":{"self":[{"href":"https:\/\/aquatiss.com.tn\/fr\/wp-json\/wp\/v2\/product\/25394","targetHints":{"allow":["GET"]}}],"collection":[{"href":"https:\/\/aquatiss.com.tn\/fr\/wp-json\/wp\/v2\/product"}],"about":[{"href":"https:\/\/aquatiss.com.tn\/fr\/wp-json\/wp\/v2\/types\/product"}],"replies":[{"embeddable":true,"href":"https:\/\/aquatiss.com.tn\/fr\/wp-json\/wp\/v2\/comments?post=25394"}],"wp:featuredmedia":[{"embeddable":true,"href":"https:\/\/aquatiss.com.tn\/fr\/wp-json\/wp\/v2\/media\/12394"}],"wp:attachment":[{"href":"https:\/\/aquatiss.com.tn\/fr\/wp-json\/wp\/v2\/media?parent=25394"}],"wp:term":[{"taxonomy":"product_cat","embeddable":true,"href":"https:\/\/aquatiss.com.tn\/fr\/wp-json\/wp\/v2\/product_cat?post=25394"},{"taxonomy":"product_tag","embeddable":true,"href":"https:\/\/aquatiss.com.tn\/fr\/wp-json\/wp\/v2\/product_tag?post=25394"}],"curies":[{"name":"wp","href":"https:\/\/api.w.org\/{rel}","templated":true}]}}