{"id":25515,"date":"2020-08-27T14:23:26","date_gmt":"2020-08-27T14:23:26","guid":{"rendered":"http:\/\/gator4082.temp.domains\/~aquatiss\/?post_type=product&#038;p=25515"},"modified":"2020-10-05T13:57:04","modified_gmt":"2020-10-05T13:57:04","slug":"distributeur-colonne-de-gel-sans-contact-a-pedale","status":"publish","type":"product","link":"https:\/\/aquatiss.com.tn\/fr\/produit\/distributeur-colonne-de-gel-sans-contact-a-pedale\/","title":{"rendered":"Distributeur Colonne de gel sans contact \u00e0 p\u00e9dale"},"content":{"rendered":"<p>Distributeur Colonne de gel sans contact \u00e0 p\u00e9dale<\/p>\n<p>Borne distributeur de gel hydroalcoolique sur pied \u00e0 p\u00e9dale &#8211; sans contact main et 100% m\u00e9canique &#8211; en bois \u00e9l\u00e9gant &#8211; pour une belle int\u00e9gration dans vos locaux &#8211;\u00a0\u00a0distributeur robuste et stable &#8211; r\u00e9glable pour des flacons de gel\u00a0 \u00a0serrure antivol &#8211; Panneau visuel au dessus personnalisable.<\/p>\n<p>Pour faire respecter les gestes barri\u00e8res, le\u00a0<strong>distributeur de gel hydroalcoolique sans contact\u00a0<\/strong>se place<strong>\u00a0<\/strong>\u00e0 l&rsquo;entr\u00e9e de votre \u00e9tablissement et partout o\u00f9 cela est judicieux comme devant un ascenseur ou aux diff\u00e9rents \u00e9tages de votre h\u00f4tel restaurant. Vos clients n&rsquo;auront qu&rsquo;\u00e0 appuyer sur la p\u00e9dale et placer leur main en dessous pour recevoir une dose de gel hydroalcoolique pour l&rsquo;antisepsie des mains et ainsi lutter contre la propagation du coronavirus covid 19.<\/p>\n<p>&nbsp;<\/p>\n<p><strong>Descriptif du produit Distributeur Colonne de gel sans contact \u00e0 p\u00e9dale:<\/strong><\/p>\n<p>Borne <a href=\"http:\/\/gator4082.temp.domains\/~aquatiss\/nos-produits\/gel-hydroalcoolique-5-l-sainderma\/\">gel hydroalcoolique<\/a> sur pied sans contact<\/p>\n<p>Adaptable \u00e0 toutes les bouteilles avec poussoir. Diam\u00e8tre max 150 mm Hauteur max : 300 mm.<\/p>\n<p>D\u00e9sinfecte les mains sans contact.<\/p>\n<p>Gardez vos mains propres et d\u00e9sinfect\u00e9es gr\u00e2ce \u00e0 son distributeur m\u00e9canique \u00e0 commande au pied qui supprime tout contact des mains avec le support.<\/p>\n<p>Sans contact manuel<\/p>\n<p>Gr\u00e2ce \u00e0 son levier \u00e0 commande au pied, la colonne ne n\u00e9cessite aucun contact manuel. Une l\u00e9g\u00e8re pression du pied sur la p\u00e9dale lib\u00e8re la bonne dose de gel.<\/p>\n<p>100% m\u00e9canique<\/p>\n<p>Commande \u00e0 p\u00e9dale. La colonne ne n\u00e9cessite aucune alimentation \u00e9lectrique, et ne contient aucun \u00e9l\u00e9ment \u00e9lectronique.<\/p>\n<p>Pas de panne possible !<\/p>\n<p>Installation facile et rapide<\/p>\n<p>La mise en place simplissime ne n\u00e9cessite aucune intervention de technicien.<\/p>\n<p>Durable, robuste &amp; 100% recyclable<\/p>\n<p>La colonne se place en int\u00e9rieur comme en ext\u00e9rieur.<\/p>\n<p>Bouteille non fourni.<\/p>\n<p>Adaptable \u00e0 toutes les bouteilles avec poussoir<br \/>\nDiam\u00e8tre max 150 mm<br \/>\nHauteur mini : 100 mm<br \/>\nHauteur max : 300 mm<\/p>\n","protected":false},"excerpt":{"rendered":"<p><strong>Distributeur de gel hydroalcoolique sur pied \u00e0 p\u00e9dale &#8211; sans contact main et 100% m\u00e9canique &#8211; en bois \u00e9l\u00e9gant &#8211; pour une belle int\u00e9gration dans vos locaux &#8211;\u00a0\u00a0distributeur robuste et stable &#8211; r\u00e9glable pour des flacons de gel\u00a0 serrure antivol &#8211;\u00a0 Panneau visuel au dessus personnalisable.<\/strong><\/p>\n<p>En bois \u00e9l\u00e9gant<br \/>\nSans contact manuel<br \/>\n100 % m\u00e9canique<br \/>\nInstallation facile et rapide<br \/>\nDurable, robuste et 100% recyclable<br \/>\nPlusieurs coloris disponibles<br \/>\nFixation au sol possible<br \/>\nDisponibilit\u00e9 imm\u00e9diate<br \/>\nFabrication Tunisienne<\/p>\n","protected":false},"featured_media":25526,"comment_status":"open","ping_status":"closed","template":"","meta":[],"product_cat":[122],"product_tag":[],"class_list":["post-25515","product","type-product","status-publish","has-post-thumbnail","hentry","product_cat-distributeurs-de-gel"],"_links":{"self":[{"href":"https:\/\/aquatiss.com.tn\/fr\/wp-json\/wp\/v2\/product\/25515","targetHints":{"allow":["GET"]}}],"collection":[{"href":"https:\/\/aquatiss.com.tn\/fr\/wp-json\/wp\/v2\/product"}],"about":[{"href":"https:\/\/aquatiss.com.tn\/fr\/wp-json\/wp\/v2\/types\/product"}],"replies":[{"embeddable":true,"href":"https:\/\/aquatiss.com.tn\/fr\/wp-json\/wp\/v2\/comments?post=25515"}],"wp:featuredmedia":[{"embeddable":true,"href":"https:\/\/aquatiss.com.tn\/fr\/wp-json\/wp\/v2\/media\/25526"}],"wp:attachment":[{"href":"https:\/\/aquatiss.com.tn\/fr\/wp-json\/wp\/v2\/media?parent=25515"}],"wp:term":[{"taxonomy":"product_cat","embeddable":true,"href":"https:\/\/aquatiss.com.tn\/fr\/wp-json\/wp\/v2\/product_cat?post=25515"},{"taxonomy":"product_tag","embeddable":true,"href":"https:\/\/aquatiss.com.tn\/fr\/wp-json\/wp\/v2\/product_tag?post=25515"}],"curies":[{"name":"wp","href":"https:\/\/api.w.org\/{rel}","templated":true}]}}