{"id":25615,"date":"2020-09-09T11:41:42","date_gmt":"2020-09-09T11:41:42","guid":{"rendered":"http:\/\/gator4082.temp.domains\/~aquatiss\/nos-produits\/robinet-electronique-tempomatic-2-delabie\/"},"modified":"2026-02-26T09:56:35","modified_gmt":"2026-02-26T09:56:35","slug":"robinet-electronique-tempomatic-2-delabie","status":"publish","type":"product","link":"https:\/\/aquatiss.com.tn\/fr\/produit\/robinet-electronique-tempomatic-2-delabie\/","title":{"rendered":"Robinet \u00e9lectronique TEMPOMATIC 2 Delabie"},"content":{"rendered":"<p class=\"subtitle\">Robinet \u00e9lectronique TEMPOMATIC 2 Delabie<\/p>\n<p>Fini le gaspillage d&rsquo;eau gr\u00e2ce \u00e0 notre astuce !<br \/>\nil peut \u00eatre r\u00e9duit gr\u00e2ce \u00e0 l&rsquo;installation d&rsquo;\u00e9quipement comme les robinets infrarouges<br \/>\nRobinet lavabo infrarouge eau froide seulement<br \/>\nSans contact,hygi\u00e8ne parfaite et confort d&rsquo;utilisation<\/p>\n<h4>Caract\u00e9ristiques Robinet \u00e9lectronique TEMPOMATIC 2 Delabie\u00a0 :<\/h4>\n<div class=\"text-description\">\n<div class=\"eztext-field\">Bo\u00eetier \u00e9lectronique IP 65 ind\u00e9pendant.<br \/>\nAlimentation sur secteur avec transfo 230\/12 V.<br \/>\nD\u00e9bit pr\u00e9r\u00e9gl\u00e9 \u00e0 4 l\/min \u00e0 3 bar, ajustable de 1,5 \u00e0 6 l\/min.<br \/>\nBrise-jet anti &#8211; tartre.<br \/>\nRin\u00e7age p\u00e9riodique param\u00e9trable (pr\u00e9r\u00e9gl\u00e9 \u00e0 ~60 secondes toutes les 24 h apr\u00e8s la derni\u00e8re utilisation).<br \/>\nD\u00e9tecteur de pr\u00e9sence infrarouge antichoc.<br \/>\nCorps en laiton massif chrom\u00e9.<br \/>\nFlexible PEX avec filtre et \u00e9lectrovanne M3\/8&Prime;.<br \/>\nFixation renforc\u00e9e par 2 tiges Inox.<br \/>\nS\u00e9curit\u00e9 antiblocage en \u00e9coulement.<br \/>\nConforme aux exigences de la norme NF M\u00e9dical.<br \/>\nAdapt\u00e9 aux PMR.<\/div>\n<div><\/div>\n<div>\n<table style=\"height: 176px; border-color: #e3e1e1;\" width=\"389\">\n<tbody>\n<tr>\n<td style=\"width: 188px;\">Alimentation<\/td>\n<td style=\"width: 185px;\">Secteur 230\/12 V<\/td>\n<\/tr>\n<tr>\n<td style=\"width: 188px;\">Raccordement<\/td>\n<td style=\"width: 185px;\">M3\/8&Prime;<\/td>\n<\/tr>\n<tr>\n<td style=\"width: 188px;\">Technologie<\/td>\n<td style=\"width: 185px;\">\u00c9lectronique<\/td>\n<\/tr>\n<tr>\n<td style=\"width: 188px;\">Hauteur de goutte<\/td>\n<td style=\"width: 185px;\">125 mm<\/td>\n<\/tr>\n<tr>\n<td style=\"width: 188px;\">Longueur de bec<\/td>\n<td style=\"width: 185px;\">145 mm<\/td>\n<\/tr>\n<tr>\n<td style=\"width: 188px;\">D\u00e9bit<\/td>\n<td style=\"width: 185px;\">4 l\/min<\/td>\n<\/tr>\n<tr>\n<td style=\"width: 188px;\">Normes et certifications<\/td>\n<td style=\"width: 185px;\">CE<\/td>\n<\/tr>\n<\/tbody>\n<\/table>\n<\/div>\n<div><\/div>\n<div><a href=\"http:\/\/gator4082.temp.domains\/~aquatiss\/?s=robinet+infrarouge&amp;post_type=product&amp;type_aws=true\">D\u00e9couvrez notre gamme de robinet infrarouge<\/a><\/div>\n<div><\/div>\n<div class=\"eztext-field\">Garantie 10 ans.<\/div>\n<\/div>\n<div><\/div>\n<div>\n<div class=\"brs_col\"><span style=\"color: #ffffff;\">robinet d\u00e9tecteur infrarouge\u00a0 robinet automatique fonctionnement robinet automatique m\u00e9canique\u00a0robinet automatique eau froide capteur infrarouge pour robinet\u00a0robinet\u00a0<\/span><\/div>\n<div class=\"brs_col\">\n<p><span style=\"color: #ffffff;\">automatique installation\u00a0robinet arr\u00eat automatique mitigeur infrarouge<\/span><\/p>\n<\/div>\n<\/div>\n","protected":false},"excerpt":{"rendered":"<div class=\"advantages\">\n<figure>Robinet lavabo infrarouge eau froide ou mitig\u00e9e seulement .<\/figure>\n<figure class=\"ezimage-field\"><span style=\"font-size: 10pt;\">Garantie <\/span><strong style=\"font-size: 10pt;\"><span style=\"color: #ff0000;\">10 ans.<\/span><\/strong><\/figure>\n[maxbutton id=\"2\" url=\"https:\/\/aquatiss.com.tn\/wp-content\/uploads\/2020\/09\/fiche-technique-robinet-delabie.pdf\" ]\n<\/div>\n<table class=\" alignleft\" style=\"height: 100px; width: 318px; border-color: #ffffff; background-color: #ffffff;\">\n<tbody>\n<tr>\n<td style=\"width: 36px; border-color: #ffffff; background-color: #ffffff; text-align: center; vertical-align: middle;\"><\/td>\n<td style=\"width: 266px; border-color: #ffffff; background-color: #ffffff; text-align: left; vertical-align: middle;\"><span style=\"font-size: 8pt;\"><span class=\"ezstring-field\">Bo\u00eetier \u00e9lectronique IP65 ind\u00e9pendant<\/span><\/span><\/td>\n<\/tr>\n<tr>\n<td style=\"width: 36px; border-color: #ffffff; background-color: #ffffff; text-align: center; vertical-align: middle;\"><\/td>\n<td style=\"width: 266px; border-color: #ffffff; background-color: #ffffff; text-align: left; vertical-align: middle;\"><span style=\"font-size: 8pt;\"><span class=\"ezstring-field\">Hygi\u00e8ne totale : aucun contact manuel<\/span><\/span><\/td>\n<\/tr>\n<tr>\n<td style=\"width: 36px; border-color: #ffffff; background-color: #ffffff; text-align: center; vertical-align: middle;\"><\/td>\n<td style=\"width: 266px; border-color: #ffffff; background-color: #ffffff; text-align: left; vertical-align: middle;\"><span style=\"font-size: 8pt;\"><span class=\"ezstring-field\">\u00c9conomie d&rsquo;eau de 85 %<\/span><\/span><\/td>\n<\/tr>\n<tr>\n<td style=\"width: 36px; border-color: #ffffff; background-color: #ffffff; text-align: center; vertical-align: middle;\"><\/td>\n<td style=\"width: 266px; border-color: #ffffff; background-color: #ffffff; text-align: left; vertical-align: middle;\"><span style=\"font-size: 8pt;\"><span class=\"ezstring-field\">Rin\u00e7age p\u00e9riodique anti prolif\u00e9ration bact\u00e9rienne<\/span><\/span><\/td>\n<\/tr>\n<\/tbody>\n<\/table>\n<p>&nbsp;<\/p>\n<p>&nbsp;<\/p>\n<p>&nbsp;<\/p>\n<p>&nbsp;<\/p>\n<p>&nbsp;<\/p>\n<p>&nbsp;<\/p>\n","protected":false},"featured_media":25617,"comment_status":"open","ping_status":"closed","template":"","meta":[],"product_cat":[1131,96,629],"product_tag":[189],"class_list":["post-25615","product","type-product","status-publish","has-post-thumbnail","hentry","product_cat-robinets-commande-infra-rouge","product_cat-robinetterie","product_cat-sanitaire","product_tag-robinet","pa_debit-4-l-min","pa_domaine-centres-commerciaux","pa_domaine-food","pa_domaine-hotel"],"_links":{"self":[{"href":"https:\/\/aquatiss.com.tn\/fr\/wp-json\/wp\/v2\/product\/25615","targetHints":{"allow":["GET"]}}],"collection":[{"href":"https:\/\/aquatiss.com.tn\/fr\/wp-json\/wp\/v2\/product"}],"about":[{"href":"https:\/\/aquatiss.com.tn\/fr\/wp-json\/wp\/v2\/types\/product"}],"replies":[{"embeddable":true,"href":"https:\/\/aquatiss.com.tn\/fr\/wp-json\/wp\/v2\/comments?post=25615"}],"wp:featuredmedia":[{"embeddable":true,"href":"https:\/\/aquatiss.com.tn\/fr\/wp-json\/wp\/v2\/media\/25617"}],"wp:attachment":[{"href":"https:\/\/aquatiss.com.tn\/fr\/wp-json\/wp\/v2\/media?parent=25615"}],"wp:term":[{"taxonomy":"product_cat","embeddable":true,"href":"https:\/\/aquatiss.com.tn\/fr\/wp-json\/wp\/v2\/product_cat?post=25615"},{"taxonomy":"product_tag","embeddable":true,"href":"https:\/\/aquatiss.com.tn\/fr\/wp-json\/wp\/v2\/product_tag?post=25615"}],"curies":[{"name":"wp","href":"https:\/\/api.w.org\/{rel}","templated":true}]}}